{"id":1083,"date":"2024-10-21T03:36:37","date_gmt":"2024-10-21T03:36:37","guid":{"rendered":"http:\/\/www.wigglewires.com\/?page_id=1083"},"modified":"2025-02-21T03:11:00","modified_gmt":"2025-02-21T03:11:00","slug":"privacy-policy","status":"publish","type":"page","link":"https:\/\/www.wigglewires.com\/es\/privacy-policy\/","title":{"rendered":"POL\u00cdTICA DE PRIVACIDAD"},"content":{"rendered":"<div class=\"path_bar\">\n        <div class=\"layout\" style=\"margin-bottom:30px\">\n            <ul>\n                <li><a href=\"http:\/\/www.wigglewires.com\/\">Inicio<\/a><\/li>\n                <li><a href=\"\">Pol\u00edtica de privacidad<\/a><\/li>\n            <\/ul>\n        <\/div>\n    <\/div>\n\n\n\n<div class=\"pra_bar\" style=\"margin-top:30px\">\n        <div class=\"layout\" style=\"margin-bottom:30px;line-height:1.8em\">\n           <p>Esta pol\u00edtica de privacidad explica c\u00f3mo \"nosotros\" recogemos, utilizamos, compartimos y procesamos su informaci\u00f3n, as\u00ed como los derechos y opciones que usted tiene asociados a dicha informaci\u00f3n. Esta pol\u00edtica de privacidad se aplica a toda la informaci\u00f3n personal recopilada durante cualquier comunicaci\u00f3n escrita, electr\u00f3nica y oral, o informaci\u00f3n personal recopilada en l\u00ednea o fuera de l\u00ednea, incluyendo: nuestro sitio web, y cualquier otro correo electr\u00f3nico.<\/p>\n<p>Por favor, lea nuestros T\u00e9rminos y Condiciones y esta Pol\u00edtica antes de acceder o utilizar nuestros Servicios. Si no est\u00e1 de acuerdo con esta Pol\u00edtica o con los T\u00e9rminos y Condiciones, no acceda ni utilice nuestros Servicios. Si se encuentra en una jurisdicci\u00f3n fuera del Espacio Econ\u00f3mico Europeo, al comprar nuestros productos o utilizar nuestros servicios, acepta los t\u00e9rminos y condiciones y nuestras pr\u00e1cticas de privacidad descritas en esta pol\u00edtica.<\/p>\n<p>Podemos modificar esta Pol\u00edtica en cualquier momento, sin previo aviso, y los cambios pueden aplicarse a cualquier Informaci\u00f3n Personal que ya tengamos sobre usted, as\u00ed como a cualquier nueva Informaci\u00f3n Personal recopilada despu\u00e9s de la modificaci\u00f3n de la Pol\u00edtica. Si realizamos cambios, se lo notificaremos revisando la fecha en la parte superior de esta Pol\u00edtica. Le avisaremos con antelaci\u00f3n si introducimos alg\u00fan cambio sustancial en la forma en que recopilamos, utilizamos o revelamos sus Datos Personales que afecte a sus derechos en virtud de la presente Pol\u00edtica. Si se encuentra en una jurisdicci\u00f3n distinta del Espacio Econ\u00f3mico Europeo, el Reino Unido o Suiza (denominados colectivamente \"Pa\u00edses Europeos\"), el hecho de que siga accediendo o utilizando nuestros Servicios tras recibir la notificaci\u00f3n de los cambios constituye su reconocimiento de que acepta la Pol\u00edtica actualizada.<\/p>\n<p>Adem\u00e1s, podemos proporcionarle avisos en tiempo real o informaci\u00f3n adicional sobre las pr\u00e1cticas de tratamiento de Datos Personales de partes espec\u00edficas de nuestros Servicios. Tales avisos pueden complementar esta Pol\u00edtica o proporcionarle opciones adicionales sobre c\u00f3mo procesamos su Informaci\u00f3n Personal.<\/p>\n<p>Informaci\u00f3n personal que recopilamos<\/p>\n<p>Recopilamos informaci\u00f3n personal cuando usted utiliza nuestros Servicios, env\u00eda informaci\u00f3n personal cuando se le solicita con el Sitio. En general, la informaci\u00f3n personal es cualquier informaci\u00f3n relacionada con usted, que le identifique personalmente o que pueda utilizarse para identificarle, como su nombre, direcci\u00f3n de correo electr\u00f3nico, n\u00famero de tel\u00e9fono y direcci\u00f3n. La definici\u00f3n de informaci\u00f3n personal var\u00eda seg\u00fan la jurisdicci\u00f3n. En virtud de la presente Pol\u00edtica de Privacidad, s\u00f3lo le ser\u00e1 de aplicaci\u00f3n la definici\u00f3n que le corresponda en funci\u00f3n de su ubicaci\u00f3n. La informaci\u00f3n personal no incluye datos que hayan sido irreversiblemente anonimizados o agregados de modo que ya no puedan permitirnos identificarle, ya sea en combinaci\u00f3n con otra informaci\u00f3n o de otro modo.<\/p>\n<p>Los tipos de informaci\u00f3n personal que podemos recopilar sobre usted incluyen:<br>\nInformaci\u00f3n que usted nos proporciona directa y voluntariamente para ejecutar el contrato de compra o de servicios. Recogemos la informaci\u00f3n personal que usted nos facilita cuando utiliza nuestros Servicios. Por ejemplo, si visita nuestro Sitio y realiza un pedido, recopilamos la informaci\u00f3n que nos proporciona durante el proceso de pedido. Esta informaci\u00f3n incluir\u00e1 su Apellido, Direcci\u00f3n postal, Direcci\u00f3n de correo electr\u00f3nico, N\u00famero de tel\u00e9fono, Productos interesados, Whatsapp , Empresa, Pa\u00eds. Tambi\u00e9n podemos recopilar informaci\u00f3n personal cuando se comunica con cualquiera de nuestros departamentos, como el de atenci\u00f3n al cliente, o cuando rellena formularios o encuestas en l\u00ednea proporcionados en el Sitio. Tambi\u00e9n puede optar por facilitarnos su direcci\u00f3n de correo electr\u00f3nico si desea recibir informaci\u00f3n sobre los productos y servicios que ofrecemos.<\/p>\n<p>\u00bfC\u00f3mo obtienen mi consentimiento?<br>\nCuando usted nos proporciona su informaci\u00f3n personal para completar una transacci\u00f3n, verificar su tarjeta de cr\u00e9dito, hacer un pedido, programar una entrega o devolver una compra, suponemos que da su consentimiento para que recopilemos su informaci\u00f3n y la utilicemos \u00fanicamente con este fin.\n<\/p>\n<p>Si le pedimos que nos facilite sus datos personales por otro motivo, como por ejemplo para fines de marketing, le pediremos directamente su consentimiento expreso o le daremos la oportunidad de negarse.<\/p>\n<p>\u00bfC\u00f3mo puedo retirar mi consentimiento?<br>\nSi despu\u00e9s de darnos su consentimiento, cambia de opini\u00f3n y deja de consentir que nos pongamos en contacto con usted, recopilemos su informaci\u00f3n o la divulguemos, puede notific\u00e1rnoslo poni\u00e9ndose en contacto con nosotros.<\/p>\n \n<p>Servicios prestados por terceros<br>\nEn general, los proveedores externos que utilizamos s\u00f3lo recopilar\u00e1n, utilizar\u00e1n y divulgar\u00e1n su informaci\u00f3n en la medida necesaria para llevar a cabo los servicios que nos prestan.<\/p>\n\n<p>Sin embargo, algunos proveedores de servicios externos, como las pasarelas de pago y otros procesadores de transacciones de pago, tienen sus propias pol\u00edticas de privacidad en relaci\u00f3n con la informaci\u00f3n que estamos obligados a proporcionarles para sus transacciones de compra.<\/p>\n\n<p>Con respecto a estos proveedores, le recomendamos que lea detenidamente sus pol\u00edticas de privacidad para que pueda entender c\u00f3mo tratar\u00e1n su informaci\u00f3n personal.<\/p>\n<p>Debe recordarse que algunos proveedores pueden estar ubicados o tener instalaciones ubicadas en una jurisdicci\u00f3n diferente a la suya o a la nuestra. Por lo tanto, si decide realizar una transacci\u00f3n que requiera los servicios de un proveedor externo, su informaci\u00f3n puede regirse por las leyes de la jurisdicci\u00f3n en la que se encuentre dicho proveedor o por las de la jurisdicci\u00f3n en la que se encuentren sus instalaciones.<\/p>\n<p>Seguridad<br>\nPara proteger sus datos personales, tomamos precauciones razonables y seguimos las mejores pr\u00e1cticas del sector para garantizar que no se pierdan, se utilicen indebidamente, se acceda a ellos, se divulguen, se alteren o se destruyan de forma inadecuada.<\/p>\n<p>Edad de consentimiento<br>\nAl utilizar este sitio, usted declara que es mayor de edad en su estado o provincia de residencia, y que nos ha dado su consentimiento para permitir que cualquier menor a su cargo utilice este sitio web.<\/p>\n<p>Cambios en esta pol\u00edtica de privacidad<br>\nNos reservamos el derecho a modificar esta Pol\u00edtica de Privacidad en cualquier momento, por lo que le rogamos que la revise con frecuencia. Los cambios y aclaraciones entrar\u00e1n en vigor inmediatamente despu\u00e9s de su publicaci\u00f3n en el sitio web. Si realizamos alg\u00fan cambio en el contenido de esta pol\u00edtica, le notificaremos aqu\u00ed que ha sido actualizada, para que sepa qu\u00e9 informaci\u00f3n recogemos, c\u00f3mo la utilizamos y en qu\u00e9 circunstancias la revelamos. Le avisaremos cuando tengamos motivos para hacerlo.<p>\n<p>Si nuestra tienda es adquirida o se fusiona con otra empresa, su informaci\u00f3n puede ser transferida a los nuevos propietarios para que podamos seguir vendi\u00e9ndole productos.<\/p>\n<p>Preguntas e informaci\u00f3n de contacto<br>\nSi desea: acceder, corregir, modificar o eliminar cualquier informaci\u00f3n personal que tengamos sobre usted, presentar una queja o simplemente desea m\u00e1s informaci\u00f3n, Contacte con nosotros por correo electr\u00f3nico al final de la p\u00e1gina.<\/p>\n      <\/div>\n    <\/div>\n\n\n\n<style>\nhtml body article header h1{\n    text-align: center!important;\n    font-size: 30px!important;\n}\n\n\n\n\n<\/style>","protected":false},"excerpt":{"rendered":"<p>Home Privacy Policy This Privacy Policy explains how &#8220;we&#8221; collect, use, share and process your information as well as the rights and choices you have associated with that information. This privacy policy applies to all personal information collected during any written, electronic and oral communication, or personal information collected online or offline, including: our website, [&hellip;]<\/p>","protected":false},"author":1,"featured_media":0,"parent":0,"menu_order":0,"comment_status":"closed","ping_status":"closed","template":"","meta":{"footnotes":""},"class_list":["post-1083","page","type-page","status-publish","hentry"],"yoast_head":"<!-- This site is optimized with the Yoast SEO plugin v23.4 - https:\/\/yoast.com\/wordpress\/plugins\/seo\/ -->\n<title>Greenhouse Construction Materials and Equipment Supplier - Beijing Fenglong - PRIVACY POLICY<\/title>\n<meta name=\"description\" content=\"Greenhouse Film, Wiggle Wire,Greenhouse Roll up motor, Greenhouse circulation fan, Greenhouse screening system product. - Greenhouse Construction Materials and Equipment Supplier - Beijing Fenglong\" \/>\n<meta name=\"robots\" content=\"index, follow, max-snippet:-1, max-image-preview:large, max-video-preview:-1\" \/>\n<link rel=\"canonical\" href=\"https:\/\/www.wigglewires.com\/es\/privacy-policy\/\" \/>\n<meta property=\"og:locale\" content=\"es_ES\" \/>\n<meta property=\"og:type\" content=\"article\" \/>\n<meta property=\"og:title\" content=\"Greenhouse Construction Materials and Equipment Supplier - Beijing Fenglong - PRIVACY POLICY\" \/>\n<meta property=\"og:description\" content=\"Greenhouse Film, Wiggle Wire,Greenhouse Roll up motor, Greenhouse circulation fan, Greenhouse screening system product. - Greenhouse Construction Materials and Equipment Supplier - Beijing Fenglong\" \/>\n<meta property=\"og:url\" content=\"https:\/\/www.wigglewires.com\/es\/privacy-policy\/\" \/>\n<meta property=\"og:site_name\" content=\"Greenhouse Construction Materials and Equipment Supplier - Beijing Fenglong\" \/>\n<meta property=\"article:modified_time\" content=\"2025-02-21T03:11:00+00:00\" \/>\n<meta name=\"twitter:card\" content=\"summary_large_image\" \/>\n<meta name=\"twitter:label1\" content=\"Est. reading time\" \/>\n\t<meta name=\"twitter:data1\" content=\"5 minutos\" \/>\n<script type=\"application\/ld+json\" class=\"yoast-schema-graph\">{\"@context\":\"https:\/\/schema.org\",\"@graph\":[{\"@type\":\"WebPage\",\"@id\":\"https:\/\/www.wigglewires.com\/privacy-policy\/\",\"url\":\"https:\/\/www.wigglewires.com\/privacy-policy\/\",\"name\":\"Greenhouse Construction Materials and Equipment Supplier - Beijing Fenglong - PRIVACY POLICY\",\"isPartOf\":{\"@id\":\"https:\/\/www.wigglewires.com\/gu\/#website\"},\"datePublished\":\"2024-10-21T03:36:37+00:00\",\"dateModified\":\"2025-02-21T03:11:00+00:00\",\"description\":\"Greenhouse Film, Wiggle Wire,Greenhouse Roll up motor, Greenhouse circulation fan, Greenhouse screening system product. - Greenhouse Construction Materials and Equipment Supplier - Beijing Fenglong\",\"breadcrumb\":{\"@id\":\"https:\/\/www.wigglewires.com\/privacy-policy\/#breadcrumb\"},\"inLanguage\":\"es-UY\",\"potentialAction\":[{\"@type\":\"ReadAction\",\"target\":[\"https:\/\/www.wigglewires.com\/privacy-policy\/\"]}]},{\"@type\":\"BreadcrumbList\",\"@id\":\"https:\/\/www.wigglewires.com\/privacy-policy\/#breadcrumb\",\"itemListElement\":[{\"@type\":\"ListItem\",\"position\":1,\"name\":\"Home\",\"item\":\"https:\/\/www.wigglewires.com\/gu\/\"},{\"@type\":\"ListItem\",\"position\":2,\"name\":\"PRIVACY POLICY\"}]},{\"@type\":\"WebSite\",\"@id\":\"https:\/\/www.wigglewires.com\/gu\/#website\",\"url\":\"https:\/\/www.wigglewires.com\/gu\/\",\"name\":\"Fujian Quanzhou Xinyuhuang trading Co., LTD\",\"description\":\"Greenhouse Construction Materials and Equipment Supplier - Beijing Fenglong\",\"publisher\":{\"@id\":\"https:\/\/www.wigglewires.com\/gu\/#organization\"},\"potentialAction\":[{\"@type\":\"SearchAction\",\"target\":{\"@type\":\"EntryPoint\",\"urlTemplate\":\"https:\/\/www.wigglewires.com\/gu\/?s={search_term_string}\"},\"query-input\":{\"@type\":\"PropertyValueSpecification\",\"valueRequired\":true,\"valueName\":\"search_term_string\"}}],\"inLanguage\":\"es-UY\"},{\"@type\":\"Organization\",\"@id\":\"https:\/\/www.wigglewires.com\/gu\/#organization\",\"name\":\"Fujian Quanzhou Xinyuhuang trading Co., LTD\",\"url\":\"https:\/\/www.wigglewires.com\/gu\/\",\"logo\":{\"@type\":\"ImageObject\",\"inLanguage\":\"es-UY\",\"@id\":\"https:\/\/www.wigglewires.com\/gu\/#\/schema\/logo\/image\/\",\"url\":\"https:\/\/www.wigglewires.com\/wp-content\/uploads\/2024\/11\/logo.webp\",\"contentUrl\":\"https:\/\/www.wigglewires.com\/wp-content\/uploads\/2024\/11\/logo.webp\",\"width\":495,\"height\":129,\"caption\":\"Fujian Quanzhou Xinyuhuang trading Co., LTD\"},\"image\":{\"@id\":\"https:\/\/www.wigglewires.com\/gu\/#\/schema\/logo\/image\/\"}}]}<\/script>\n<!-- \/ Yoast SEO plugin. -->","yoast_head_json":{"title":"Greenhouse Construction Materials and Equipment Supplier - Beijing Fenglong - PRIVACY POLICY","description":"Greenhouse Film, Wiggle Wire,Greenhouse Roll up motor, Greenhouse circulation fan, Greenhouse screening system product. - Greenhouse Construction Materials and Equipment Supplier - Beijing Fenglong","robots":{"index":"index","follow":"follow","max-snippet":"max-snippet:-1","max-image-preview":"max-image-preview:large","max-video-preview":"max-video-preview:-1"},"canonical":"https:\/\/www.wigglewires.com\/es\/privacy-policy\/","og_locale":"es_ES","og_type":"article","og_title":"Greenhouse Construction Materials and Equipment Supplier - Beijing Fenglong - PRIVACY POLICY","og_description":"Greenhouse Film, Wiggle Wire,Greenhouse Roll up motor, Greenhouse circulation fan, Greenhouse screening system product. - Greenhouse Construction Materials and Equipment Supplier - Beijing Fenglong","og_url":"https:\/\/www.wigglewires.com\/es\/privacy-policy\/","og_site_name":"Greenhouse Construction Materials and Equipment Supplier - Beijing Fenglong","article_modified_time":"2025-02-21T03:11:00+00:00","twitter_card":"summary_large_image","twitter_misc":{"Est. reading time":"5 minutos"},"schema":{"@context":"https:\/\/schema.org","@graph":[{"@type":"WebPage","@id":"https:\/\/www.wigglewires.com\/privacy-policy\/","url":"https:\/\/www.wigglewires.com\/privacy-policy\/","name":"Greenhouse Construction Materials and Equipment Supplier - Beijing Fenglong - PRIVACY POLICY","isPartOf":{"@id":"https:\/\/www.wigglewires.com\/gu\/#website"},"datePublished":"2024-10-21T03:36:37+00:00","dateModified":"2025-02-21T03:11:00+00:00","description":"Greenhouse Film, Wiggle Wire,Greenhouse Roll up motor, Greenhouse circulation fan, Greenhouse screening system product. - Greenhouse Construction Materials and Equipment Supplier - Beijing Fenglong","breadcrumb":{"@id":"https:\/\/www.wigglewires.com\/privacy-policy\/#breadcrumb"},"inLanguage":"es-UY","potentialAction":[{"@type":"ReadAction","target":["https:\/\/www.wigglewires.com\/privacy-policy\/"]}]},{"@type":"BreadcrumbList","@id":"https:\/\/www.wigglewires.com\/privacy-policy\/#breadcrumb","itemListElement":[{"@type":"ListItem","position":1,"name":"Home","item":"https:\/\/www.wigglewires.com\/gu\/"},{"@type":"ListItem","position":2,"name":"PRIVACY POLICY"}]},{"@type":"WebSite","@id":"https:\/\/www.wigglewires.com\/gu\/#website","url":"https:\/\/www.wigglewires.com\/gu\/","name":"Fujian Quanzhou Xinyuhuang trading Co., LTD","description":"Greenhouse Construction Materials and Equipment Supplier - Beijing Fenglong","publisher":{"@id":"https:\/\/www.wigglewires.com\/gu\/#organization"},"potentialAction":[{"@type":"SearchAction","target":{"@type":"EntryPoint","urlTemplate":"https:\/\/www.wigglewires.com\/gu\/?s={search_term_string}"},"query-input":{"@type":"PropertyValueSpecification","valueRequired":true,"valueName":"search_term_string"}}],"inLanguage":"es-UY"},{"@type":"Organization","@id":"https:\/\/www.wigglewires.com\/gu\/#organization","name":"Fujian Quanzhou Xinyuhuang trading Co., LTD","url":"https:\/\/www.wigglewires.com\/gu\/","logo":{"@type":"ImageObject","inLanguage":"es-UY","@id":"https:\/\/www.wigglewires.com\/gu\/#\/schema\/logo\/image\/","url":"https:\/\/www.wigglewires.com\/wp-content\/uploads\/2024\/11\/logo.webp","contentUrl":"https:\/\/www.wigglewires.com\/wp-content\/uploads\/2024\/11\/logo.webp","width":495,"height":129,"caption":"Fujian Quanzhou Xinyuhuang trading Co., LTD"},"image":{"@id":"https:\/\/www.wigglewires.com\/gu\/#\/schema\/logo\/image\/"}}]}},"_links":{"self":[{"href":"https:\/\/www.wigglewires.com\/es\/wp-json\/wp\/v2\/pages\/1083"}],"collection":[{"href":"https:\/\/www.wigglewires.com\/es\/wp-json\/wp\/v2\/pages"}],"about":[{"href":"https:\/\/www.wigglewires.com\/es\/wp-json\/wp\/v2\/types\/page"}],"author":[{"embeddable":true,"href":"https:\/\/www.wigglewires.com\/es\/wp-json\/wp\/v2\/users\/1"}],"replies":[{"embeddable":true,"href":"https:\/\/www.wigglewires.com\/es\/wp-json\/wp\/v2\/comments?post=1083"}],"version-history":[{"count":6,"href":"https:\/\/www.wigglewires.com\/es\/wp-json\/wp\/v2\/pages\/1083\/revisions"}],"predecessor-version":[{"id":2572,"href":"https:\/\/www.wigglewires.com\/es\/wp-json\/wp\/v2\/pages\/1083\/revisions\/2572"}],"wp:attachment":[{"href":"https:\/\/www.wigglewires.com\/es\/wp-json\/wp\/v2\/media?parent=1083"}],"curies":[{"name":"wp","href":"https:\/\/api.w.org\/{rel}","templated":true}]}}