{"id":243,"date":"2024-09-07T01:58:31","date_gmt":"2024-09-07T01:58:31","guid":{"rendered":"http:\/\/www.wigglewires.com\/?page_id=243"},"modified":"2025-02-21T03:15:59","modified_gmt":"2025-02-21T03:15:59","slug":"about-us","status":"publish","type":"page","link":"https:\/\/www.wigglewires.com\/es\/about-us\/","title":{"rendered":"SOBRE NOSOTROS"},"content":{"rendered":"<div class=\"path_bar\">\n        <div class=\"layout\" style=\"margin-bottom:30px\">\n            <ul>\n                <li><a href=\"\/\">Inicio<\/a><\/li>\n                <li><a href=\"\">Qui\u00e9nes somos<\/a><\/li>\n            <\/ul>\n        <\/div>\n    <\/div>\n\n\n\n<div class=\"index_company_intr ab-com\" style=\"margin-bottom:0\" >\n      <div class=\"layout\">\n        <div class=\"index_bd\">\n          <div class=\"company_intr_cont wow fadeInLeftA\" style=\"visibility: visible; animation-name: fadeInLeftA;\">\n           \n               <div class=\"tt-ab\">\n            <h2 class=\"cell_title\" style=\"color:#000\">Nuestra empresa<\/h2>\n           \n          <\/div>  \n              <strong>Beijing Fenglong Hitech Co., Ltd.<\/strong>\n              <div class=\"cell_desc text-p\" >\n                Beijing Fenglong Hitech Co., Ltd se fund\u00f3 en 1999 en Pek\u00edn y es una empresa l\u00edder mundial en invernaderos de alta tecnolog\u00eda especializada en la fabricaci\u00f3n, venta, dise\u00f1o, investigaci\u00f3n y desarrollo de productos electr\u00f3nicos y mec\u00e1nicos para la agricultura protegida, incluidos materiales y equipos para la construcci\u00f3n de invernaderos y alojamientos modernos para el ganado.<\/div>\n\n<img decoding=\"async\" src=\"\/wp-content\/uploads\/2024\/11\/img.webp\" >\n             \n             \n            \n          <\/div>\n          <div class=\"company_intr_img wow fadeInUpA\" style=\"visibility: visible; animation-name: fadeInUpA;\">\n          <iframe loading=\"lazy\" width=\"100%\" height=\"300px\" src=\"https:\/\/www.youtube.com\/embed\/fxzZAic8fsg\" ><\/iframe>\n          <\/div>\n        <\/div>\n      <\/div>\n    <\/div>\n\n\n\n<div class=\"index_business ab-app\">\n      <div class=\"layout\">\n        <div class=\"ct\">\n         <img decoding=\"async\" src=\"\/wp-content\/uploads\/2024\/11\/bf36816d.webp\" width=\"100%\" style=\"margin:15px 0\" \/>\n            <p class=\"cell_desc text-p\">En la actualidad, la empresa cuenta con m\u00e1s de 300 empleados y ha desarrollado cientos de productos, entre los que se incluyen el alambre ondulado VINIPET\u00ae, el canal de alambre ondulado LOCKUP\u00ae, el enrollador de pel\u00edcula KINGZO\u00ae, tambi\u00e9n conocido como unidad de enrollado, la pel\u00edcula de polietileno para invernaderos TOYATANI\u00ae, el motorreductor KINGZO\u00ae, el ventilador de circulaci\u00f3n FLC\u00ae, el sistema de ventilaci\u00f3n, el sistema de sombreado, as\u00ed como diversos tipos de cremalleras y pi\u00f1ones, canales y extrusiones de aluminio, el sistema de control inteligente multicanal para invernaderos, etc.<\/p>\n  <img decoding=\"async\" src=\"\/wp-content\/uploads\/2024\/11\/9fe4f47e.webp\" width=\"100%\" style=\"margin:15px 0\" \/>\n<p class=\"cell_desc text-p\">Estos productos avanzados internacionalmente han servido a clientes de 64 pa\u00edses de todo el mundo.<\/p>\n <img decoding=\"async\" src=\"\/wp-content\/uploads\/2024\/11\/81b05c7f1.webp\" width=\"100%\" style=\"margin:15px 0\" \/>\n<p class=\"cell_desc text-p\">Con una planta modernizada de 40.000 metros cuadrados, Beijing Fenglong cuenta tambi\u00e9n con una rama de I+D, que registra 10 patentes al a\u00f1o. La empresa cuenta con un sistema de control de calidad muy estricto, certificado por el sistema de gesti\u00f3n de calidad ISO9001, el sistema de gesti\u00f3n medioambiental ISO14001 y el sistema de gesti\u00f3n de salud y seguridad OHSAS18001.<\/p>\n<img decoding=\"async\" src=\"\/wp-content\/uploads\/2024\/11\/a60b8447.webp\" width=\"100%\" style=\"margin:15px 0\" \/>\n<p class=\"cell_desc text-p\">Beijing Fenglong y Toto Kogyo Co., Ltd de Jap\u00f3n establecieron su empresa conjunta Beijing Toto Kogyo Horticultural Co., Ltd hace 20 a\u00f1os. Con ello, Beijing Fenglong ha introducido tecnolog\u00edas de producci\u00f3n y conceptos de gesti\u00f3n japoneses avanzados y ha promovido las exportaciones de Beijing Fenglong de enrolladores de pel\u00edcula manuales y el\u00e9ctricos, alambres de meneo y sistemas de control de invernaderos a Jap\u00f3n durante todo el a\u00f1o.<\/p>\n<img decoding=\"async\" src=\"\/wp-content\/uploads\/2024\/11\/Manufactore-Facility.webp\" width=\"100%\" style=\"margin:15px 0\" \/>\n<p class=\"cell_desc text-p\">Estos excelentes resultados han actualizado el concepto de gesti\u00f3n de Fenglong y mejorado el desarrollo de productos, la gesti\u00f3n de la calidad y el servicio posventa.<\/p>\n<img decoding=\"async\" src=\"\/wp-content\/uploads\/2024\/11\/6c1e1c05.webp\" width=\"100%\" style=\"margin:15px 0\" \/>\n<p class=\"cell_desc text-p\">Estamos profundamente en deuda con nuestros clientes y proveedores por su continuo apoyo. Siempre nos comprometemos a ofrecer a nuestros clientes lo mejor.<\/p>\n<img decoding=\"async\" src=\"\/wp-content\/uploads\/2024\/11\/6c5791f7.webp\" width=\"100%\" style=\"margin:15px 0\" \/>\n          \n        \n        <\/div>\n       \n      <\/div>\n    <\/div>\n\n\n\n<style>\nhtml body article header h1 {\n    text-align: center!important;\n    font-size: 30px!important;\n}\n.bt-ab{\nmargin-bottom:55px!important\n\n}\n.tt-ab h2{\nfont-size:26px;\n\n\n}\n@media screen and (min-width:981px){\n\n.tt-ab h2{\n\nmargin-bottom:45px\n\n}\n.ab-prolist li{\nwidth:25%!important}\n.ab-left-img{\npadding-right:20px\n}\n.text-p{\nline-height:1.8em\n}\n\n}\n@media screen and (max-width:981px){\n.ab-app{\nmargin-bottom:0px!important\n\n}\n.ab-com{\npadding-top:30px!important}\n\n.tt-ab h2{\nmargin-bottom:30px\n\n}\n.ab-w{\nmargin-bottom:0!important\n}\n\n}\n\n\n<\/style>","protected":false},"excerpt":{"rendered":"<p>Home About Us Our Company Beijing Fenglong Hitech Co., Ltd. Beijing Fenglong Hitech Co., Ltd was established in 1999 in Beijing and is a high-tech, global leading greenhouse company specializing in the manufacture, sales, design, research, and development of electronic and mechanical products for protected agriculture, including materials and equipment for greenhouse construction and modern [&hellip;]<\/p>","protected":false},"author":2,"featured_media":0,"parent":0,"menu_order":0,"comment_status":"closed","ping_status":"closed","template":"","meta":{"footnotes":""},"class_list":["post-243","page","type-page","status-publish","hentry"],"yoast_head":"<!-- This site is optimized with the Yoast SEO plugin v23.4 - https:\/\/yoast.com\/wordpress\/plugins\/seo\/ -->\n<title>Greenhouse Construction Materials and Equipment Supplier - Beijing Fenglong - ABOUT US<\/title>\n<meta name=\"description\" content=\"Greenhouse Film, Wiggle Wire,Greenhouse Roll up motor, Greenhouse circulation fan, Greenhouse screening system product. - Greenhouse Construction Materials and Equipment Supplier - Beijing Fenglong\" \/>\n<meta name=\"robots\" content=\"index, follow, max-snippet:-1, max-image-preview:large, max-video-preview:-1\" \/>\n<link rel=\"canonical\" href=\"https:\/\/www.wigglewires.com\/es\/about-us\/\" \/>\n<meta property=\"og:locale\" content=\"es_ES\" \/>\n<meta property=\"og:type\" content=\"article\" \/>\n<meta property=\"og:title\" content=\"Greenhouse Construction Materials and Equipment Supplier - Beijing Fenglong - ABOUT US\" \/>\n<meta property=\"og:description\" content=\"Greenhouse Film, Wiggle Wire,Greenhouse Roll up motor, Greenhouse circulation fan, Greenhouse screening system product. - Greenhouse Construction Materials and Equipment Supplier - Beijing Fenglong\" \/>\n<meta property=\"og:url\" content=\"https:\/\/www.wigglewires.com\/es\/about-us\/\" \/>\n<meta property=\"og:site_name\" content=\"Greenhouse Construction Materials and Equipment Supplier - Beijing Fenglong\" \/>\n<meta property=\"article:modified_time\" content=\"2025-02-21T03:15:59+00:00\" \/>\n<meta name=\"twitter:card\" content=\"summary_large_image\" \/>\n<meta name=\"twitter:label1\" content=\"Est. reading time\" \/>\n\t<meta name=\"twitter:data1\" content=\"3 minutos\" \/>\n<script type=\"application\/ld+json\" class=\"yoast-schema-graph\">{\"@context\":\"https:\/\/schema.org\",\"@graph\":[{\"@type\":\"WebPage\",\"@id\":\"https:\/\/www.wigglewires.com\/about-us\/\",\"url\":\"https:\/\/www.wigglewires.com\/about-us\/\",\"name\":\"Greenhouse Construction Materials and Equipment Supplier - Beijing Fenglong - ABOUT US\",\"isPartOf\":{\"@id\":\"https:\/\/www.wigglewires.com\/gu\/#website\"},\"datePublished\":\"2024-09-07T01:58:31+00:00\",\"dateModified\":\"2025-02-21T03:15:59+00:00\",\"description\":\"Greenhouse Film, Wiggle Wire,Greenhouse Roll up motor, Greenhouse circulation fan, Greenhouse screening system product. - Greenhouse Construction Materials and Equipment Supplier - Beijing Fenglong\",\"breadcrumb\":{\"@id\":\"https:\/\/www.wigglewires.com\/about-us\/#breadcrumb\"},\"inLanguage\":\"es-UY\",\"potentialAction\":[{\"@type\":\"ReadAction\",\"target\":[\"https:\/\/www.wigglewires.com\/about-us\/\"]}]},{\"@type\":\"BreadcrumbList\",\"@id\":\"https:\/\/www.wigglewires.com\/about-us\/#breadcrumb\",\"itemListElement\":[{\"@type\":\"ListItem\",\"position\":1,\"name\":\"Home\",\"item\":\"https:\/\/www.wigglewires.com\/gu\/\"},{\"@type\":\"ListItem\",\"position\":2,\"name\":\"ABOUT US\"}]},{\"@type\":\"WebSite\",\"@id\":\"https:\/\/www.wigglewires.com\/gu\/#website\",\"url\":\"https:\/\/www.wigglewires.com\/gu\/\",\"name\":\"Fujian Quanzhou Xinyuhuang trading Co., LTD\",\"description\":\"Greenhouse Construction Materials and Equipment Supplier - Beijing Fenglong\",\"publisher\":{\"@id\":\"https:\/\/www.wigglewires.com\/gu\/#organization\"},\"potentialAction\":[{\"@type\":\"SearchAction\",\"target\":{\"@type\":\"EntryPoint\",\"urlTemplate\":\"https:\/\/www.wigglewires.com\/gu\/?s={search_term_string}\"},\"query-input\":{\"@type\":\"PropertyValueSpecification\",\"valueRequired\":true,\"valueName\":\"search_term_string\"}}],\"inLanguage\":\"es-UY\"},{\"@type\":\"Organization\",\"@id\":\"https:\/\/www.wigglewires.com\/gu\/#organization\",\"name\":\"Fujian Quanzhou Xinyuhuang trading Co., LTD\",\"url\":\"https:\/\/www.wigglewires.com\/gu\/\",\"logo\":{\"@type\":\"ImageObject\",\"inLanguage\":\"es-UY\",\"@id\":\"https:\/\/www.wigglewires.com\/gu\/#\/schema\/logo\/image\/\",\"url\":\"https:\/\/www.wigglewires.com\/wp-content\/uploads\/2024\/11\/logo.webp\",\"contentUrl\":\"https:\/\/www.wigglewires.com\/wp-content\/uploads\/2024\/11\/logo.webp\",\"width\":495,\"height\":129,\"caption\":\"Fujian Quanzhou Xinyuhuang trading Co., LTD\"},\"image\":{\"@id\":\"https:\/\/www.wigglewires.com\/gu\/#\/schema\/logo\/image\/\"}}]}<\/script>\n<!-- \/ Yoast SEO plugin. -->","yoast_head_json":{"title":"Greenhouse Construction Materials and Equipment Supplier - Beijing Fenglong - ABOUT US","description":"Greenhouse Film, Wiggle Wire,Greenhouse Roll up motor, Greenhouse circulation fan, Greenhouse screening system product. - Greenhouse Construction Materials and Equipment Supplier - Beijing Fenglong","robots":{"index":"index","follow":"follow","max-snippet":"max-snippet:-1","max-image-preview":"max-image-preview:large","max-video-preview":"max-video-preview:-1"},"canonical":"https:\/\/www.wigglewires.com\/es\/about-us\/","og_locale":"es_ES","og_type":"article","og_title":"Greenhouse Construction Materials and Equipment Supplier - Beijing Fenglong - ABOUT US","og_description":"Greenhouse Film, Wiggle Wire,Greenhouse Roll up motor, Greenhouse circulation fan, Greenhouse screening system product. - Greenhouse Construction Materials and Equipment Supplier - Beijing Fenglong","og_url":"https:\/\/www.wigglewires.com\/es\/about-us\/","og_site_name":"Greenhouse Construction Materials and Equipment Supplier - Beijing Fenglong","article_modified_time":"2025-02-21T03:15:59+00:00","twitter_card":"summary_large_image","twitter_misc":{"Est. reading time":"3 minutos"},"schema":{"@context":"https:\/\/schema.org","@graph":[{"@type":"WebPage","@id":"https:\/\/www.wigglewires.com\/about-us\/","url":"https:\/\/www.wigglewires.com\/about-us\/","name":"Greenhouse Construction Materials and Equipment Supplier - Beijing Fenglong - ABOUT US","isPartOf":{"@id":"https:\/\/www.wigglewires.com\/gu\/#website"},"datePublished":"2024-09-07T01:58:31+00:00","dateModified":"2025-02-21T03:15:59+00:00","description":"Greenhouse Film, Wiggle Wire,Greenhouse Roll up motor, Greenhouse circulation fan, Greenhouse screening system product. - Greenhouse Construction Materials and Equipment Supplier - Beijing Fenglong","breadcrumb":{"@id":"https:\/\/www.wigglewires.com\/about-us\/#breadcrumb"},"inLanguage":"es-UY","potentialAction":[{"@type":"ReadAction","target":["https:\/\/www.wigglewires.com\/about-us\/"]}]},{"@type":"BreadcrumbList","@id":"https:\/\/www.wigglewires.com\/about-us\/#breadcrumb","itemListElement":[{"@type":"ListItem","position":1,"name":"Home","item":"https:\/\/www.wigglewires.com\/gu\/"},{"@type":"ListItem","position":2,"name":"ABOUT US"}]},{"@type":"WebSite","@id":"https:\/\/www.wigglewires.com\/gu\/#website","url":"https:\/\/www.wigglewires.com\/gu\/","name":"Fujian Quanzhou Xinyuhuang trading Co., LTD","description":"Greenhouse Construction Materials and Equipment Supplier - Beijing Fenglong","publisher":{"@id":"https:\/\/www.wigglewires.com\/gu\/#organization"},"potentialAction":[{"@type":"SearchAction","target":{"@type":"EntryPoint","urlTemplate":"https:\/\/www.wigglewires.com\/gu\/?s={search_term_string}"},"query-input":{"@type":"PropertyValueSpecification","valueRequired":true,"valueName":"search_term_string"}}],"inLanguage":"es-UY"},{"@type":"Organization","@id":"https:\/\/www.wigglewires.com\/gu\/#organization","name":"Fujian Quanzhou Xinyuhuang trading Co., LTD","url":"https:\/\/www.wigglewires.com\/gu\/","logo":{"@type":"ImageObject","inLanguage":"es-UY","@id":"https:\/\/www.wigglewires.com\/gu\/#\/schema\/logo\/image\/","url":"https:\/\/www.wigglewires.com\/wp-content\/uploads\/2024\/11\/logo.webp","contentUrl":"https:\/\/www.wigglewires.com\/wp-content\/uploads\/2024\/11\/logo.webp","width":495,"height":129,"caption":"Fujian Quanzhou Xinyuhuang trading Co., LTD"},"image":{"@id":"https:\/\/www.wigglewires.com\/gu\/#\/schema\/logo\/image\/"}}]}},"_links":{"self":[{"href":"https:\/\/www.wigglewires.com\/es\/wp-json\/wp\/v2\/pages\/243"}],"collection":[{"href":"https:\/\/www.wigglewires.com\/es\/wp-json\/wp\/v2\/pages"}],"about":[{"href":"https:\/\/www.wigglewires.com\/es\/wp-json\/wp\/v2\/types\/page"}],"author":[{"embeddable":true,"href":"https:\/\/www.wigglewires.com\/es\/wp-json\/wp\/v2\/users\/2"}],"replies":[{"embeddable":true,"href":"https:\/\/www.wigglewires.com\/es\/wp-json\/wp\/v2\/comments?post=243"}],"version-history":[{"count":96,"href":"https:\/\/www.wigglewires.com\/es\/wp-json\/wp\/v2\/pages\/243\/revisions"}],"predecessor-version":[{"id":2578,"href":"https:\/\/www.wigglewires.com\/es\/wp-json\/wp\/v2\/pages\/243\/revisions\/2578"}],"wp:attachment":[{"href":"https:\/\/www.wigglewires.com\/es\/wp-json\/wp\/v2\/media?parent=243"}],"curies":[{"name":"wp","href":"https:\/\/api.w.org\/{rel}","templated":true}]}}