{"id":243,"date":"2024-09-07T01:58:31","date_gmt":"2024-09-07T01:58:31","guid":{"rendered":"http:\/\/www.wigglewires.com\/?page_id=243"},"modified":"2025-02-21T03:15:59","modified_gmt":"2025-02-21T03:15:59","slug":"about-us","status":"publish","type":"page","link":"https:\/\/www.wigglewires.com\/et\/about-us\/","title":{"rendered":"MEIST"},"content":{"rendered":"<div class=\"path_bar\">\n        <div class=\"layout\" style=\"margin-bottom:30px\">\n            <ul>\n                <li><a href=\"\/\">Kodu<\/a><\/li>\n                <li><a href=\"\">Meie kohta<\/a><\/li>\n            <\/ul>\n        <\/div>\n    <\/div>\n\n\n\n<div class=\"index_company_intr ab-com\" style=\"margin-bottom:0\" >\n      <div class=\"layout\">\n        <div class=\"index_bd\">\n          <div class=\"company_intr_cont wow fadeInLeftA\" style=\"visibility: visible; animation-name: fadeInLeftA;\">\n           \n               <div class=\"tt-ab\">\n            <h2 class=\"cell_title\" style=\"color:#000\">Meie ettev\u00f5te<\/h2>\n           \n          <\/div>  \n              <strong>Beijing Fenglong Hitech Co., Ltd.<\/strong>\n              <div class=\"cell_desc text-p\" >\n                Beijing Fenglong Hitech Co., Ltd. asutati 1999. aastal Pekingis ja on k\u00f5rgtehnoloogiline, maailma juhtiv kasvuhooneettev\u00f5te, mis on spetsialiseerunud kaitstud p\u00f5llumajanduse elektrooniliste ja mehaaniliste toodete, sealhulgas kasvuhoonete ja kaasaegse loomapidamise materjalide ja seadmete tootmisele, m\u00fc\u00fcgile, projekteerimisele, uurimisele ja arendamisele.<\/div>\n\n<img decoding=\"async\" src=\"\/wp-content\/uploads\/2024\/11\/img.webp\" >\n             \n             \n            \n          <\/div>\n          <div class=\"company_intr_img wow fadeInUpA\" style=\"visibility: visible; animation-name: fadeInUpA;\">\n          <iframe loading=\"lazy\" width=\"100%\" height=\"300px\" src=\"https:\/\/www.youtube.com\/embed\/fxzZAic8fsg\" ><\/iframe>\n          <\/div>\n        <\/div>\n      <\/div>\n    <\/div>\n\n\n\n<div class=\"index_business ab-app\">\n      <div class=\"layout\">\n        <div class=\"ct\">\n         <img decoding=\"async\" src=\"\/wp-content\/uploads\/2024\/11\/bf36816d.webp\" width=\"100%\" style=\"margin:15px 0\" \/>\n            <p class=\"cell_desc text-p\">N\u00fc\u00fcd on ettev\u00f5ttel \u00fcle 300 t\u00f6\u00f6taja ja on v\u00e4lja t\u00f6\u00f6tanud sadu tooteid, mille hulka kuuluvad VINIPET\u00ae wiggle wire, LOCKUP \u00ae wiggle wire channel, KINGZO\u00ae film reeler, mida tuntakse ka kui roll-up unit, TOYATANI\u00ae greenhouse polyethylene film, KINGZO\u00ae gear motor, FLC\u00ae circulation fan, ventilatsioonis\u00fcsteem, Shading system, samuti erinevaid hammasrataste ja hammasrataste, alumiinium kanal ja ekstrusioonid, multichannel greenhouse intelligent control system, jne.<\/p>\n  <img decoding=\"async\" src=\"\/wp-content\/uploads\/2024\/11\/9fe4f47e.webp\" width=\"100%\" style=\"margin:15px 0\" \/>\n<p class=\"cell_desc text-p\">Need rahvusvaheliselt t\u00e4iustatud tooted on teeninud kliente 64 riigis \u00fcle kogu maailma.<\/p>\n <img decoding=\"async\" src=\"\/wp-content\/uploads\/2024\/11\/81b05c7f1.webp\" width=\"100%\" style=\"margin:15px 0\" \/>\n<p class=\"cell_desc text-p\">40 000 ruutmeetrit h\u00f5lmava moderniseeritud tehase juures on Pekingi Fenglongil ka teadus- ja arendustegevuse haru, mis esitab igal aastal 10 patendi. Ettev\u00f5ttel on v\u00e4ga range kvaliteedikontrollis\u00fcsteem, mis on sertifitseeritud ISO9001 kvaliteedijuhtimiss\u00fcsteemi, ISO14001 keskkonnajuhtimiss\u00fcsteemi ja OHSAS18001 t\u00f6\u00f6tervishoiu ja t\u00f6\u00f6ohutuse juhtimisega.<\/p>\n<img decoding=\"async\" src=\"\/wp-content\/uploads\/2024\/11\/a60b8447.webp\" width=\"100%\" style=\"margin:15px 0\" \/>\n<p class=\"cell_desc text-p\">Beijing Fenglong ja Toto Kogyo Co., Ltd Jaapanist asutasid 20 aastat tagasi \u00fchisettev\u00f5tte Beijing Toto Kogyo Horticultural Co., Ltd. Sellega on Beijing Fenglong v\u00f5tnud kasutusele t\u00e4iustatud Jaapani tootmistehnoloogiad ja juhtimiskontseptsioonid ning edendanud Pekingi Fenglongi k\u00e4sitsi ja elektriliste kilep\u00f6\u00f6rdurite, vingerdusjuhtmete ja kasvuhoonete juhtimiss\u00fcsteemide eksporti Jaapanisse aastaringselt.<\/p>\n<img decoding=\"async\" src=\"\/wp-content\/uploads\/2024\/11\/Manufactore-Facility.webp\" width=\"100%\" style=\"margin:15px 0\" \/>\n<p class=\"cell_desc text-p\">Suurep\u00e4rane tulemuslikkus on t\u00e4iendavalt ajakohastanud Fenglongi juhtimiskontseptsiooni ning parandanud tootearendust, kvaliteedijuhtimist ja m\u00fc\u00fcgij\u00e4rgset teenindust.<\/p>\n<img decoding=\"async\" src=\"\/wp-content\/uploads\/2024\/11\/6c1e1c05.webp\" width=\"100%\" style=\"margin:15px 0\" \/>\n<p class=\"cell_desc text-p\">Oleme s\u00fcgavalt t\u00e4nulikud oma klientidele ja tarnijatele nende pideva toetuse eest. Oleme alati p\u00fchendunud sellele, et pakkuda oma klientidele parimat.<\/p>\n<img decoding=\"async\" src=\"\/wp-content\/uploads\/2024\/11\/6c5791f7.webp\" width=\"100%\" style=\"margin:15px 0\" \/>\n          \n        \n        <\/div>\n       \n      <\/div>\n    <\/div>\n\n\n\n<style>\nhtml body article header h1 {\n    text-align: center!important;\n    font-size: 30px!important;\n}\n.bt-ab{\nmargin-bottom:55px!important\n\n}\n.tt-ab h2{\nfont-size:26px;\n\n\n}\n@media screen and (min-width:981px){\n\n.tt-ab h2{\n\nmargin-bottom:45px\n\n}\n.ab-prolist li{\nwidth:25%!important}\n.ab-left-img{\npadding-right:20px\n}\n.text-p{\nline-height:1.8em\n}\n\n}\n@media screen and (max-width:981px){\n.ab-app{\nmargin-bottom:0px!important\n\n}\n.ab-com{\npadding-top:30px!important}\n\n.tt-ab h2{\nmargin-bottom:30px\n\n}\n.ab-w{\nmargin-bottom:0!important\n}\n\n}\n\n\n<\/style>","protected":false},"excerpt":{"rendered":"<p>Home About Us Our Company Beijing Fenglong Hitech Co., Ltd. Beijing Fenglong Hitech Co., Ltd was established in 1999 in Beijing and is a high-tech, global leading greenhouse company specializing in the manufacture, sales, design, research, and development of electronic and mechanical products for protected agriculture, including materials and equipment for greenhouse construction and modern [&hellip;]<\/p>","protected":false},"author":2,"featured_media":0,"parent":0,"menu_order":0,"comment_status":"closed","ping_status":"closed","template":"","meta":{"footnotes":""},"class_list":["post-243","page","type-page","status-publish","hentry"],"yoast_head":"<!-- This site is optimized with the Yoast SEO plugin v23.4 - https:\/\/yoast.com\/wordpress\/plugins\/seo\/ -->\n<title>Greenhouse Construction Materials and Equipment Supplier - Beijing Fenglong - ABOUT US<\/title>\n<meta name=\"description\" content=\"Greenhouse Film, Wiggle Wire,Greenhouse Roll up motor, Greenhouse circulation fan, Greenhouse screening system product. - Greenhouse Construction Materials and Equipment Supplier - Beijing Fenglong\" \/>\n<meta name=\"robots\" content=\"index, follow, max-snippet:-1, max-image-preview:large, max-video-preview:-1\" \/>\n<link rel=\"canonical\" href=\"https:\/\/www.wigglewires.com\/et\/about-us\/\" \/>\n<meta property=\"og:locale\" content=\"et_EE\" \/>\n<meta property=\"og:type\" content=\"article\" \/>\n<meta property=\"og:title\" content=\"Greenhouse Construction Materials and Equipment Supplier - Beijing Fenglong - ABOUT US\" \/>\n<meta property=\"og:description\" content=\"Greenhouse Film, Wiggle Wire,Greenhouse Roll up motor, Greenhouse circulation fan, Greenhouse screening system product. - Greenhouse Construction Materials and Equipment Supplier - Beijing Fenglong\" \/>\n<meta property=\"og:url\" content=\"https:\/\/www.wigglewires.com\/et\/about-us\/\" \/>\n<meta property=\"og:site_name\" content=\"Greenhouse Construction Materials and Equipment Supplier - Beijing Fenglong\" \/>\n<meta property=\"article:publisher\" content=\"https:\/\/www.facebook.com\/beijingfenglong\" \/>\n<meta property=\"article:modified_time\" content=\"2025-02-21T03:15:59+00:00\" \/>\n<meta property=\"og:image\" content=\"https:\/\/www.wigglewires.com\/wp-content\/uploads\/2024\/11\/banner1.webp\" \/>\n\t<meta property=\"og:image:width\" content=\"1920\" \/>\n\t<meta property=\"og:image:height\" content=\"850\" \/>\n\t<meta property=\"og:image:type\" content=\"image\/webp\" \/>\n<meta name=\"twitter:card\" content=\"summary_large_image\" \/>\n<meta name=\"twitter:site\" content=\"@wigglewires\" \/>\n<meta name=\"twitter:label1\" content=\"Est. reading time\" \/>\n\t<meta name=\"twitter:data1\" content=\"3 minutit\" \/>\n<script type=\"application\/ld+json\" class=\"yoast-schema-graph\">{\"@context\":\"https:\/\/schema.org\",\"@graph\":[{\"@type\":\"WebPage\",\"@id\":\"https:\/\/www.wigglewires.com\/about-us\/\",\"url\":\"https:\/\/www.wigglewires.com\/about-us\/\",\"name\":\"Greenhouse Construction Materials and Equipment Supplier - Beijing Fenglong - ABOUT US\",\"isPartOf\":{\"@id\":\"https:\/\/www.wigglewires.com\/gu\/#website\"},\"datePublished\":\"2024-09-07T01:58:31+00:00\",\"dateModified\":\"2025-02-21T03:15:59+00:00\",\"description\":\"Greenhouse Film, Wiggle Wire,Greenhouse Roll up motor, Greenhouse circulation fan, Greenhouse screening system product. - Greenhouse Construction Materials and Equipment Supplier - Beijing Fenglong\",\"breadcrumb\":{\"@id\":\"https:\/\/www.wigglewires.com\/about-us\/#breadcrumb\"},\"inLanguage\":\"et\",\"potentialAction\":[{\"@type\":\"ReadAction\",\"target\":[\"https:\/\/www.wigglewires.com\/about-us\/\"]}]},{\"@type\":\"BreadcrumbList\",\"@id\":\"https:\/\/www.wigglewires.com\/about-us\/#breadcrumb\",\"itemListElement\":[{\"@type\":\"ListItem\",\"position\":1,\"name\":\"Home\",\"item\":\"https:\/\/www.wigglewires.com\/gu\/\"},{\"@type\":\"ListItem\",\"position\":2,\"name\":\"ABOUT US\"}]},{\"@type\":\"WebSite\",\"@id\":\"https:\/\/www.wigglewires.com\/gu\/#website\",\"url\":\"https:\/\/www.wigglewires.com\/gu\/\",\"name\":\"Beijing Fenglong Hitech Co., Ltd.\",\"description\":\"Greenhouse Construction Materials and Equipment Supplier - Beijing Fenglong\",\"publisher\":{\"@id\":\"https:\/\/www.wigglewires.com\/gu\/#organization\"},\"potentialAction\":[{\"@type\":\"SearchAction\",\"target\":{\"@type\":\"EntryPoint\",\"urlTemplate\":\"https:\/\/www.wigglewires.com\/gu\/?s={search_term_string}\"},\"query-input\":{\"@type\":\"PropertyValueSpecification\",\"valueRequired\":true,\"valueName\":\"search_term_string\"}}],\"inLanguage\":\"et\"},{\"@type\":\"Organization\",\"@id\":\"https:\/\/www.wigglewires.com\/gu\/#organization\",\"name\":\"Beijing Fenglong Hitech Co., Ltd.\",\"url\":\"https:\/\/www.wigglewires.com\/gu\/\",\"logo\":{\"@type\":\"ImageObject\",\"inLanguage\":\"et\",\"@id\":\"https:\/\/www.wigglewires.com\/gu\/#\/schema\/logo\/image\/\",\"url\":\"https:\/\/www.wigglewires.com\/wp-content\/uploads\/2024\/11\/logo.webp\",\"contentUrl\":\"https:\/\/www.wigglewires.com\/wp-content\/uploads\/2024\/11\/logo.webp\",\"width\":495,\"height\":129,\"caption\":\"Beijing Fenglong Hitech Co., Ltd.\"},\"image\":{\"@id\":\"https:\/\/www.wigglewires.com\/gu\/#\/schema\/logo\/image\/\"},\"sameAs\":[\"https:\/\/www.facebook.com\/beijingfenglong\",\"https:\/\/x.com\/wigglewires\",\"https:\/\/www.linkedin.com\/company\/beijingfenglonghitech\",\"https:\/\/www.youtube.com\/channel\/UCSPhbl2y0m3wTd_6EqhZpRQ?view_as=subscriber\"]}]}<\/script>\n<!-- \/ Yoast SEO plugin. -->","yoast_head_json":{"title":"Greenhouse Construction Materials and Equipment Supplier - Beijing Fenglong - ABOUT US","description":"Greenhouse Film, Wiggle Wire,Greenhouse Roll up motor, Greenhouse circulation fan, Greenhouse screening system product. - Greenhouse Construction Materials and Equipment Supplier - Beijing Fenglong","robots":{"index":"index","follow":"follow","max-snippet":"max-snippet:-1","max-image-preview":"max-image-preview:large","max-video-preview":"max-video-preview:-1"},"canonical":"https:\/\/www.wigglewires.com\/et\/about-us\/","og_locale":"et_EE","og_type":"article","og_title":"Greenhouse Construction Materials and Equipment Supplier - Beijing Fenglong - ABOUT US","og_description":"Greenhouse Film, Wiggle Wire,Greenhouse Roll up motor, Greenhouse circulation fan, Greenhouse screening system product. - Greenhouse Construction Materials and Equipment Supplier - Beijing Fenglong","og_url":"https:\/\/www.wigglewires.com\/et\/about-us\/","og_site_name":"Greenhouse Construction Materials and Equipment Supplier - Beijing Fenglong","article_publisher":"https:\/\/www.facebook.com\/beijingfenglong","article_modified_time":"2025-02-21T03:15:59+00:00","og_image":[{"width":1920,"height":850,"url":"https:\/\/www.wigglewires.com\/wp-content\/uploads\/2024\/11\/banner1.webp","type":"image\/webp"}],"twitter_card":"summary_large_image","twitter_site":"@wigglewires","twitter_misc":{"Est. reading time":"3 minutit"},"schema":{"@context":"https:\/\/schema.org","@graph":[{"@type":"WebPage","@id":"https:\/\/www.wigglewires.com\/about-us\/","url":"https:\/\/www.wigglewires.com\/about-us\/","name":"Greenhouse Construction Materials and Equipment Supplier - Beijing Fenglong - ABOUT US","isPartOf":{"@id":"https:\/\/www.wigglewires.com\/gu\/#website"},"datePublished":"2024-09-07T01:58:31+00:00","dateModified":"2025-02-21T03:15:59+00:00","description":"Greenhouse Film, Wiggle Wire,Greenhouse Roll up motor, Greenhouse circulation fan, Greenhouse screening system product. - Greenhouse Construction Materials and Equipment Supplier - Beijing Fenglong","breadcrumb":{"@id":"https:\/\/www.wigglewires.com\/about-us\/#breadcrumb"},"inLanguage":"et","potentialAction":[{"@type":"ReadAction","target":["https:\/\/www.wigglewires.com\/about-us\/"]}]},{"@type":"BreadcrumbList","@id":"https:\/\/www.wigglewires.com\/about-us\/#breadcrumb","itemListElement":[{"@type":"ListItem","position":1,"name":"Home","item":"https:\/\/www.wigglewires.com\/gu\/"},{"@type":"ListItem","position":2,"name":"ABOUT US"}]},{"@type":"WebSite","@id":"https:\/\/www.wigglewires.com\/gu\/#website","url":"https:\/\/www.wigglewires.com\/gu\/","name":"Beijing Fenglong Hitech Co., Ltd.","description":"Greenhouse Construction Materials and Equipment Supplier - Beijing Fenglong","publisher":{"@id":"https:\/\/www.wigglewires.com\/gu\/#organization"},"potentialAction":[{"@type":"SearchAction","target":{"@type":"EntryPoint","urlTemplate":"https:\/\/www.wigglewires.com\/gu\/?s={search_term_string}"},"query-input":{"@type":"PropertyValueSpecification","valueRequired":true,"valueName":"search_term_string"}}],"inLanguage":"et"},{"@type":"Organization","@id":"https:\/\/www.wigglewires.com\/gu\/#organization","name":"Beijing Fenglong Hitech Co., Ltd.","url":"https:\/\/www.wigglewires.com\/gu\/","logo":{"@type":"ImageObject","inLanguage":"et","@id":"https:\/\/www.wigglewires.com\/gu\/#\/schema\/logo\/image\/","url":"https:\/\/www.wigglewires.com\/wp-content\/uploads\/2024\/11\/logo.webp","contentUrl":"https:\/\/www.wigglewires.com\/wp-content\/uploads\/2024\/11\/logo.webp","width":495,"height":129,"caption":"Beijing Fenglong Hitech Co., Ltd."},"image":{"@id":"https:\/\/www.wigglewires.com\/gu\/#\/schema\/logo\/image\/"},"sameAs":["https:\/\/www.facebook.com\/beijingfenglong","https:\/\/x.com\/wigglewires","https:\/\/www.linkedin.com\/company\/beijingfenglonghitech","https:\/\/www.youtube.com\/channel\/UCSPhbl2y0m3wTd_6EqhZpRQ?view_as=subscriber"]}]}},"_links":{"self":[{"href":"https:\/\/www.wigglewires.com\/et\/wp-json\/wp\/v2\/pages\/243"}],"collection":[{"href":"https:\/\/www.wigglewires.com\/et\/wp-json\/wp\/v2\/pages"}],"about":[{"href":"https:\/\/www.wigglewires.com\/et\/wp-json\/wp\/v2\/types\/page"}],"author":[{"embeddable":true,"href":"https:\/\/www.wigglewires.com\/et\/wp-json\/wp\/v2\/users\/2"}],"replies":[{"embeddable":true,"href":"https:\/\/www.wigglewires.com\/et\/wp-json\/wp\/v2\/comments?post=243"}],"version-history":[{"count":96,"href":"https:\/\/www.wigglewires.com\/et\/wp-json\/wp\/v2\/pages\/243\/revisions"}],"predecessor-version":[{"id":2578,"href":"https:\/\/www.wigglewires.com\/et\/wp-json\/wp\/v2\/pages\/243\/revisions\/2578"}],"wp:attachment":[{"href":"https:\/\/www.wigglewires.com\/et\/wp-json\/wp\/v2\/media?parent=243"}],"curies":[{"name":"wp","href":"https:\/\/api.w.org\/{rel}","templated":true}]}}