{"id":2223,"date":"2024-11-16T03:16:51","date_gmt":"2024-11-16T03:16:51","guid":{"rendered":"http:\/\/www.wigglewires.com\/?page_id=2223"},"modified":"2025-02-21T03:17:13","modified_gmt":"2025-02-21T03:17:13","slug":"development","status":"publish","type":"page","link":"https:\/\/www.wigglewires.com\/fi\/about-us\/development\/","title":{"rendered":"KEHITYS"},"content":{"rendered":"<div class=\"path_bar\">\n        <div class=\"layout\" style=\"margin-bottom:30px\">\n            <ul>\n                <li><a href=\"\/\">Etusivu<\/a><\/li>\n                <li><a href=\"\/about-us\/\">Tietoa meist\u00e4<\/a><\/li>\n                <li><a href=\"\">Kehitys<\/a><\/li>\n            <\/ul>\n        <\/div>\n    <\/div>\n\n\n\n<div class=\"index_business ab-app\">\n      <div class=\"layout\">\n        <div class=\"ct\" style=\"line-height:1.8em\">\n         <img decoding=\"async\" src=\"\/wp-content\/uploads\/2024\/11\/Development-Timelines.webp\" width=\"100%\" style=\"margin:15px 0\" \/>\n<strong>2021<\/strong>            \n<p class=\"cell_desc text-p\">K\u00e4ynnistettiin BHB\u00ae Musta-valko-musta Panda-kalvo.<\/p>\n<strong>2020<\/strong>            \n<p class=\"cell_desc text-p\">Perustettiin mustan ja valkoisen Pandan kasvihuonekalvon valmistusasema.<\/p>\n<strong>2019<\/strong>            \n<p class=\"cell_desc text-p\">PO-kasvihuonekalvon valmistusperusta perustettiin.<\/p>\n<strong>2018<\/strong>            \n<p class=\"cell_desc text-p\">3GG\u00ae-vaihdemoottorin lanseeraus.<\/p>\n<strong>2017<\/strong>            \n<p class=\"cell_desc text-p\">My\u00f6nnetty 90 patenttia vuoden 2017 loppuun menness\u00e4.\nLanseerattiin Vinipets\u00ae White Wiggle Wire.<\/p>\n<strong>2013<\/strong>            \n<p class=\"cell_desc text-p\">Lanseerattu Kingzo\u00ae AC220V Electric Film Reeler.<\/p>\n<strong>2012<\/strong>            \n<p class=\"cell_desc text-p\">PE-kasvihuonekalvon valmistusperusta perustettiin.<\/p>\n<strong>2011<\/strong>            \n<p class=\"cell_desc text-p\">My\u00f6nnetty korkoa maksavaksi luotoksi luokka A Pekingiss\u00e4.<\/p>\n<strong>2010<\/strong>            \n<p class=\"cell_desc text-p\">Sertifioitu edistyneen teknologian yrityksiksi\nViety 38 maahan maailmanlaajuisesti, mukaan lukien Japani, Yhdysvallat, Saksa, Alankomaat jne.<\/p>\n<strong>2009<\/strong>            \n<p class=\"cell_desc text-p\">Yrityksen nimi muutettiin muotoon Beijing Fenglong Greenhouse Technology Ltd.\nSertifioitu ISO9001-laadunhallintaj\u00e4rjestelm\u00e4ll\u00e4, ISO14001-ymp\u00e4rist\u00f6j\u00e4rjestelm\u00e4ll\u00e4 ja GB\/T28001-terveys- ja turvallisuusjohtamisj\u00e4rjestelm\u00e4ll\u00e4.<\/p>\n<strong>2007<\/strong>            \n<p class=\"cell_desc text-p\">Tongzhoun s\u00e4hk\u00f6mekaanisen teknologian tutkimuskeskus perustettiin, jossa on kolme T&amp;K-keskusta, kaksitoista laboratoriota, jotka tutkivat polymeerimateriaaleja, s\u00e4hk\u00f6mekaanisia laitteita ja kasvihuoneautomaatioj\u00e4rjestelm\u00e4n valvontaj\u00e4rjestelm\u00e4\u00e4.<\/p>\n<strong>2004<\/strong>            \n<p class=\"cell_desc text-p\">Tongzhoun tehdas perustettiin, ja sen pinta-ala oli yli 40 000 neli\u00f6metri\u00e4.<\/p>\n<strong>2003<\/strong>            \n<p class=\"cell_desc text-p\">Shanghai on nimennyt Vinipet\u00aeWiggle Wire -langan hallituksen nime\u00e4m\u00e4ksi tuotteeksi.\nKingzo\u00aeDC Electric Film Reeler.<\/p>\n<strong>2002<\/strong>            \n<p class=\"cell_desc text-p\">Aloitimme tuotteiden viennin kaikkialle maailmaan.<\/p>\n<strong>2000<\/strong>            \n<p class=\"cell_desc text-p\">Beijing Toto Kogyo Horticultural Co., Ltd perustettiin, yhteisyritys japanilaisen Toto Kogyo Co., Ltd:n kanssa, ja se alkoi vied\u00e4 ohjaimia, kalvokelaimia, v\u00e4\u00e4nt\u00f6lankoja jne.<\/p>\n<strong>1999<\/strong>            \n<p class=\"cell_desc text-p\">Beijing Fenglong Agricultural Engineering Technology Co., Ltd. perustettiin.<\/p>\n  \n          \n        \n        <\/div>\n       \n      <\/div>\n    <\/div>\n\n\n\n<style>\nstrong{\nfont-size:18px\n\n}\nhtml body article header h1 {\n    text-align: center!important;\n    font-size: 30px!important;\n}\n<\/style>","protected":false},"excerpt":{"rendered":"<p>Home About Us Development 2021 Launched BHB\u00ae Black-white-black Panda Film. 2020 Manufacture Base of Black and White Panda Greenhouse Film was established. 2019 Manufacture Base of PO Greenhouse Film was established. 2018 Launched 3GG\u00ae Gear Motor. 2017 Granted 90 Patents by the end of 2017 Launched Vinipets\u00ae White Wiggle Wire. 2013 Launched Kingzo\u00ae AC220V Electric [&hellip;]<\/p>","protected":false},"author":1,"featured_media":0,"parent":243,"menu_order":0,"comment_status":"closed","ping_status":"closed","template":"","meta":{"footnotes":""},"class_list":["post-2223","page","type-page","status-publish","hentry"],"yoast_head":"<!-- This site is optimized with the Yoast SEO plugin v23.4 - https:\/\/yoast.com\/wordpress\/plugins\/seo\/ -->\n<title>Greenhouse Construction Materials and Equipment Supplier - Beijing Fenglong - DEVELOPMENT<\/title>\n<meta name=\"description\" content=\"Greenhouse Film, Wiggle Wire,Greenhouse Roll up motor, Greenhouse circulation fan, Greenhouse screening system product. - Greenhouse Construction Materials and Equipment Supplier - Beijing Fenglong\" \/>\n<meta name=\"robots\" content=\"index, follow, max-snippet:-1, max-image-preview:large, max-video-preview:-1\" \/>\n<link rel=\"canonical\" href=\"https:\/\/www.wigglewires.com\/fi\/about-us\/development\/\" \/>\n<meta property=\"og:locale\" content=\"fi_FI\" \/>\n<meta property=\"og:type\" content=\"article\" \/>\n<meta property=\"og:title\" content=\"Greenhouse Construction Materials and Equipment Supplier - Beijing Fenglong - DEVELOPMENT\" \/>\n<meta property=\"og:description\" content=\"Greenhouse Film, Wiggle Wire,Greenhouse Roll up motor, Greenhouse circulation fan, Greenhouse screening system product. - Greenhouse Construction Materials and Equipment Supplier - Beijing Fenglong\" \/>\n<meta property=\"og:url\" content=\"https:\/\/www.wigglewires.com\/fi\/about-us\/development\/\" \/>\n<meta property=\"og:site_name\" content=\"Greenhouse Construction Materials and Equipment Supplier - Beijing Fenglong\" \/>\n<meta property=\"article:modified_time\" content=\"2025-02-21T03:17:13+00:00\" \/>\n<meta name=\"twitter:card\" content=\"summary_large_image\" \/>\n<meta name=\"twitter:label1\" content=\"Arvioitu lukuaika\" \/>\n\t<meta name=\"twitter:data1\" content=\"2 minuuttia\" \/>\n<script type=\"application\/ld+json\" class=\"yoast-schema-graph\">{\"@context\":\"https:\/\/schema.org\",\"@graph\":[{\"@type\":\"WebPage\",\"@id\":\"https:\/\/www.wigglewires.com\/about-us\/development\/\",\"url\":\"https:\/\/www.wigglewires.com\/about-us\/development\/\",\"name\":\"Greenhouse Construction Materials and Equipment Supplier - Beijing Fenglong - DEVELOPMENT\",\"isPartOf\":{\"@id\":\"https:\/\/www.wigglewires.com\/gu\/#website\"},\"datePublished\":\"2024-11-16T03:16:51+00:00\",\"dateModified\":\"2025-02-21T03:17:13+00:00\",\"description\":\"Greenhouse Film, Wiggle Wire,Greenhouse Roll up motor, Greenhouse circulation fan, Greenhouse screening system product. - Greenhouse Construction Materials and Equipment Supplier - Beijing Fenglong\",\"breadcrumb\":{\"@id\":\"https:\/\/www.wigglewires.com\/about-us\/development\/#breadcrumb\"},\"inLanguage\":\"fi\",\"potentialAction\":[{\"@type\":\"ReadAction\",\"target\":[\"https:\/\/www.wigglewires.com\/about-us\/development\/\"]}]},{\"@type\":\"BreadcrumbList\",\"@id\":\"https:\/\/www.wigglewires.com\/about-us\/development\/#breadcrumb\",\"itemListElement\":[{\"@type\":\"ListItem\",\"position\":1,\"name\":\"Home\",\"item\":\"https:\/\/www.wigglewires.com\/gu\/\"},{\"@type\":\"ListItem\",\"position\":2,\"name\":\"ABOUT US\",\"item\":\"https:\/\/www.wigglewires.com\/about-us\/\"},{\"@type\":\"ListItem\",\"position\":3,\"name\":\"DEVELOPMENT\"}]},{\"@type\":\"WebSite\",\"@id\":\"https:\/\/www.wigglewires.com\/gu\/#website\",\"url\":\"https:\/\/www.wigglewires.com\/gu\/\",\"name\":\"Fujian Quanzhou Xinyuhuang trading Co., LTD\",\"description\":\"Greenhouse Construction Materials and Equipment Supplier - Beijing Fenglong\",\"publisher\":{\"@id\":\"https:\/\/www.wigglewires.com\/gu\/#organization\"},\"potentialAction\":[{\"@type\":\"SearchAction\",\"target\":{\"@type\":\"EntryPoint\",\"urlTemplate\":\"https:\/\/www.wigglewires.com\/gu\/?s={search_term_string}\"},\"query-input\":{\"@type\":\"PropertyValueSpecification\",\"valueRequired\":true,\"valueName\":\"search_term_string\"}}],\"inLanguage\":\"fi\"},{\"@type\":\"Organization\",\"@id\":\"https:\/\/www.wigglewires.com\/gu\/#organization\",\"name\":\"Fujian Quanzhou Xinyuhuang trading Co., LTD\",\"url\":\"https:\/\/www.wigglewires.com\/gu\/\",\"logo\":{\"@type\":\"ImageObject\",\"inLanguage\":\"fi\",\"@id\":\"https:\/\/www.wigglewires.com\/gu\/#\/schema\/logo\/image\/\",\"url\":\"https:\/\/www.wigglewires.com\/wp-content\/uploads\/2024\/11\/logo.webp\",\"contentUrl\":\"https:\/\/www.wigglewires.com\/wp-content\/uploads\/2024\/11\/logo.webp\",\"width\":495,\"height\":129,\"caption\":\"Fujian Quanzhou Xinyuhuang trading Co., LTD\"},\"image\":{\"@id\":\"https:\/\/www.wigglewires.com\/gu\/#\/schema\/logo\/image\/\"}}]}<\/script>\n<!-- \/ Yoast SEO plugin. -->","yoast_head_json":{"title":"Greenhouse Construction Materials and Equipment Supplier - Beijing Fenglong - DEVELOPMENT","description":"Greenhouse Film, Wiggle Wire,Greenhouse Roll up motor, Greenhouse circulation fan, Greenhouse screening system product. - Greenhouse Construction Materials and Equipment Supplier - Beijing Fenglong","robots":{"index":"index","follow":"follow","max-snippet":"max-snippet:-1","max-image-preview":"max-image-preview:large","max-video-preview":"max-video-preview:-1"},"canonical":"https:\/\/www.wigglewires.com\/fi\/about-us\/development\/","og_locale":"fi_FI","og_type":"article","og_title":"Greenhouse Construction Materials and Equipment Supplier - Beijing Fenglong - DEVELOPMENT","og_description":"Greenhouse Film, Wiggle Wire,Greenhouse Roll up motor, Greenhouse circulation fan, Greenhouse screening system product. - Greenhouse Construction Materials and Equipment Supplier - Beijing Fenglong","og_url":"https:\/\/www.wigglewires.com\/fi\/about-us\/development\/","og_site_name":"Greenhouse Construction Materials and Equipment Supplier - Beijing Fenglong","article_modified_time":"2025-02-21T03:17:13+00:00","twitter_card":"summary_large_image","twitter_misc":{"Arvioitu lukuaika":"2 minuuttia"},"schema":{"@context":"https:\/\/schema.org","@graph":[{"@type":"WebPage","@id":"https:\/\/www.wigglewires.com\/about-us\/development\/","url":"https:\/\/www.wigglewires.com\/about-us\/development\/","name":"Greenhouse Construction Materials and Equipment Supplier - Beijing Fenglong - DEVELOPMENT","isPartOf":{"@id":"https:\/\/www.wigglewires.com\/gu\/#website"},"datePublished":"2024-11-16T03:16:51+00:00","dateModified":"2025-02-21T03:17:13+00:00","description":"Greenhouse Film, Wiggle Wire,Greenhouse Roll up motor, Greenhouse circulation fan, Greenhouse screening system product. - Greenhouse Construction Materials and Equipment Supplier - Beijing Fenglong","breadcrumb":{"@id":"https:\/\/www.wigglewires.com\/about-us\/development\/#breadcrumb"},"inLanguage":"fi","potentialAction":[{"@type":"ReadAction","target":["https:\/\/www.wigglewires.com\/about-us\/development\/"]}]},{"@type":"BreadcrumbList","@id":"https:\/\/www.wigglewires.com\/about-us\/development\/#breadcrumb","itemListElement":[{"@type":"ListItem","position":1,"name":"Home","item":"https:\/\/www.wigglewires.com\/gu\/"},{"@type":"ListItem","position":2,"name":"ABOUT US","item":"https:\/\/www.wigglewires.com\/about-us\/"},{"@type":"ListItem","position":3,"name":"DEVELOPMENT"}]},{"@type":"WebSite","@id":"https:\/\/www.wigglewires.com\/gu\/#website","url":"https:\/\/www.wigglewires.com\/gu\/","name":"Fujian Quanzhou Xinyuhuang trading Co., LTD","description":"Greenhouse Construction Materials and Equipment Supplier - Beijing Fenglong","publisher":{"@id":"https:\/\/www.wigglewires.com\/gu\/#organization"},"potentialAction":[{"@type":"SearchAction","target":{"@type":"EntryPoint","urlTemplate":"https:\/\/www.wigglewires.com\/gu\/?s={search_term_string}"},"query-input":{"@type":"PropertyValueSpecification","valueRequired":true,"valueName":"search_term_string"}}],"inLanguage":"fi"},{"@type":"Organization","@id":"https:\/\/www.wigglewires.com\/gu\/#organization","name":"Fujian Quanzhou Xinyuhuang trading Co., LTD","url":"https:\/\/www.wigglewires.com\/gu\/","logo":{"@type":"ImageObject","inLanguage":"fi","@id":"https:\/\/www.wigglewires.com\/gu\/#\/schema\/logo\/image\/","url":"https:\/\/www.wigglewires.com\/wp-content\/uploads\/2024\/11\/logo.webp","contentUrl":"https:\/\/www.wigglewires.com\/wp-content\/uploads\/2024\/11\/logo.webp","width":495,"height":129,"caption":"Fujian Quanzhou Xinyuhuang trading Co., LTD"},"image":{"@id":"https:\/\/www.wigglewires.com\/gu\/#\/schema\/logo\/image\/"}}]}},"_links":{"self":[{"href":"https:\/\/www.wigglewires.com\/fi\/wp-json\/wp\/v2\/pages\/2223"}],"collection":[{"href":"https:\/\/www.wigglewires.com\/fi\/wp-json\/wp\/v2\/pages"}],"about":[{"href":"https:\/\/www.wigglewires.com\/fi\/wp-json\/wp\/v2\/types\/page"}],"author":[{"embeddable":true,"href":"https:\/\/www.wigglewires.com\/fi\/wp-json\/wp\/v2\/users\/1"}],"replies":[{"embeddable":true,"href":"https:\/\/www.wigglewires.com\/fi\/wp-json\/wp\/v2\/comments?post=2223"}],"version-history":[{"count":10,"href":"https:\/\/www.wigglewires.com\/fi\/wp-json\/wp\/v2\/pages\/2223\/revisions"}],"predecessor-version":[{"id":2580,"href":"https:\/\/www.wigglewires.com\/fi\/wp-json\/wp\/v2\/pages\/2223\/revisions\/2580"}],"up":[{"embeddable":true,"href":"https:\/\/www.wigglewires.com\/fi\/wp-json\/wp\/v2\/pages\/243"}],"wp:attachment":[{"href":"https:\/\/www.wigglewires.com\/fi\/wp-json\/wp\/v2\/media?parent=2223"}],"curies":[{"name":"wp","href":"https:\/\/api.w.org\/{rel}","templated":true}]}}