{"id":2396,"date":"2024-11-16T08:09:50","date_gmt":"2024-11-16T08:09:50","guid":{"rendered":"http:\/\/www.wigglewires.com\/?page_id=2396"},"modified":"2025-02-21T03:12:47","modified_gmt":"2025-02-21T03:12:47","slug":"faq-2","status":"publish","type":"page","link":"https:\/\/www.wigglewires.com\/fi\/faq-2\/","title":{"rendered":"FAQ"},"content":{"rendered":"<div class=\"path_bar\">\n        <div class=\"layout\" style=\"margin-bottom:30px\">\n            <ul>\n                <li><a href=\"\/\">Etusivu<\/a><\/li>\n                <li><a href=\"\">FAQ<\/a><\/li>\n            <\/ul>\n        <\/div>\n    <\/div>\n\n\n\n<div id=\"img-body\" style=\"margin-top:35px;margin-bottom:45px\">\n  <div class=\"layout\" style=\"line-height:1.8em\">\n<strong>Miten tilata?<\/strong>\n<p>Vaihe 1, kerro meille, mit\u00e4 mallia ja m\u00e4\u00e4r\u00e4\u00e4 tarvitset;<br>\n\nVaihe 2, sitten teemme PI sinulle vahvistaa tilauksen yksityiskohdat;<br>\n\nVaihe 3, kun olemme vahvistaneet kaiken, voimme j\u00e4rjest\u00e4\u00e4 maksun;<br>\n\nVaihe 4, lopuksi toimitamme tavarat sovitussa ajassa.<br>\n\n<\/p>\n<strong>Milloin toimitus tapahtuu?<\/strong>\n<p>Toimitusaika<br>\n\nN\u00e4ytetilaus: 1-3 p\u00e4iv\u00e4n kuluttua t\u00e4yden maksun vastaanottamisesta.<br>\n\nVarastotilaus: 3-7 p\u00e4iv\u00e4\u00e4 t\u00e4yden maksun vastaanottamisen j\u00e4lkeen.<br>\n\nOEM-tilaus: 12-20 p\u00e4iv\u00e4\u00e4 talletuksen vastaanottamisen j\u00e4lkeen.<\/p>\n<strong>Ent\u00e4 myynnin j\u00e4lkeinen palvelu?<\/strong>\n<p>3 vuoden takuu kaikenlaisille moottoreille;<br>\n\n5 tai 6 vuoden takuu kaikenlaisille heiluville johdoille;<br>\n\nJos l\u00f6yd\u00e4t viallisia lis\u00e4varusteita ensimm\u00e4isell\u00e4 kerralla, annamme sinulle uudet osat ilmaiseksi korvattavaksi seuraavassa tilauksessa, kokeneena valmistajana voit olla varma laadusta ja myynnin j\u00e4lkeisest\u00e4 palvelusta.<br>\n\nMaksu<br>\n\nT\/T, L\/C<br>\n\nKuljetus<br>\n\nKuljetetaan DHL, UPS, EMS, Fedex, lentorahtina. merirahti.<\/p>\n<strong>Tuetko drop shipping?<\/strong>\n<p>Kyll\u00e4, teid\u00e4n drop shipping on aviable.<\/p>\n\n\n\n<\/div>\n<\/div>\n\n\n\n<style>\nhtml body article header h1{\n    text-align: center!important;\n    font-size: 30px!important;\n}\n\n\n\n\n<\/style>","protected":false},"excerpt":{"rendered":"<p>Home FAQ How To Order? Step 1, please tell us what model and quantity you need; Step 2, then we will make a PI for you to confirm the order details; Step 3, when we confirmed everything, can arrange the payment; Step 4, finally we deliver the goods within the stipulated time. When will make [&hellip;]<\/p>","protected":false},"author":1,"featured_media":0,"parent":0,"menu_order":0,"comment_status":"closed","ping_status":"closed","template":"","meta":{"footnotes":""},"class_list":["post-2396","page","type-page","status-publish","hentry"],"yoast_head":"<!-- This site is optimized with the Yoast SEO plugin v23.4 - https:\/\/yoast.com\/wordpress\/plugins\/seo\/ -->\n<title>Greenhouse Construction Materials and Equipment Supplier - Beijing Fenglong - FAQ<\/title>\n<meta name=\"description\" content=\"Greenhouse Film, Wiggle Wire,Greenhouse Roll up motor, Greenhouse circulation fan, Greenhouse screening system product. - Greenhouse Construction Materials and Equipment Supplier - Beijing Fenglong\" \/>\n<meta name=\"robots\" content=\"index, follow, max-snippet:-1, max-image-preview:large, max-video-preview:-1\" \/>\n<link rel=\"canonical\" href=\"https:\/\/www.wigglewires.com\/fi\/faq-2\/\" \/>\n<meta property=\"og:locale\" content=\"fi_FI\" \/>\n<meta property=\"og:type\" content=\"article\" \/>\n<meta property=\"og:title\" content=\"Greenhouse Construction Materials and Equipment Supplier - Beijing Fenglong - FAQ\" \/>\n<meta property=\"og:description\" content=\"Greenhouse Film, Wiggle Wire,Greenhouse Roll up motor, Greenhouse circulation fan, Greenhouse screening system product. - Greenhouse Construction Materials and Equipment Supplier - Beijing Fenglong\" \/>\n<meta property=\"og:url\" content=\"https:\/\/www.wigglewires.com\/fi\/faq-2\/\" \/>\n<meta property=\"og:site_name\" content=\"Greenhouse Construction Materials and Equipment Supplier - Beijing Fenglong\" \/>\n<meta property=\"article:modified_time\" content=\"2025-02-21T03:12:47+00:00\" \/>\n<meta name=\"twitter:card\" content=\"summary_large_image\" \/>\n<meta name=\"twitter:label1\" content=\"Arvioitu lukuaika\" \/>\n\t<meta name=\"twitter:data1\" content=\"1 minuutti\" \/>\n<script type=\"application\/ld+json\" class=\"yoast-schema-graph\">{\"@context\":\"https:\/\/schema.org\",\"@graph\":[{\"@type\":\"WebPage\",\"@id\":\"https:\/\/www.wigglewires.com\/faq-2\/\",\"url\":\"https:\/\/www.wigglewires.com\/faq-2\/\",\"name\":\"Greenhouse Construction Materials and Equipment Supplier - Beijing Fenglong - FAQ\",\"isPartOf\":{\"@id\":\"https:\/\/www.wigglewires.com\/gu\/#website\"},\"datePublished\":\"2024-11-16T08:09:50+00:00\",\"dateModified\":\"2025-02-21T03:12:47+00:00\",\"description\":\"Greenhouse Film, Wiggle Wire,Greenhouse Roll up motor, Greenhouse circulation fan, Greenhouse screening system product. - Greenhouse Construction Materials and Equipment Supplier - Beijing Fenglong\",\"breadcrumb\":{\"@id\":\"https:\/\/www.wigglewires.com\/faq-2\/#breadcrumb\"},\"inLanguage\":\"fi\",\"potentialAction\":[{\"@type\":\"ReadAction\",\"target\":[\"https:\/\/www.wigglewires.com\/faq-2\/\"]}]},{\"@type\":\"BreadcrumbList\",\"@id\":\"https:\/\/www.wigglewires.com\/faq-2\/#breadcrumb\",\"itemListElement\":[{\"@type\":\"ListItem\",\"position\":1,\"name\":\"Home\",\"item\":\"https:\/\/www.wigglewires.com\/gu\/\"},{\"@type\":\"ListItem\",\"position\":2,\"name\":\"FAQ\"}]},{\"@type\":\"WebSite\",\"@id\":\"https:\/\/www.wigglewires.com\/gu\/#website\",\"url\":\"https:\/\/www.wigglewires.com\/gu\/\",\"name\":\"Fujian Quanzhou Xinyuhuang trading Co., LTD\",\"description\":\"Greenhouse Construction Materials and Equipment Supplier - Beijing Fenglong\",\"publisher\":{\"@id\":\"https:\/\/www.wigglewires.com\/gu\/#organization\"},\"potentialAction\":[{\"@type\":\"SearchAction\",\"target\":{\"@type\":\"EntryPoint\",\"urlTemplate\":\"https:\/\/www.wigglewires.com\/gu\/?s={search_term_string}\"},\"query-input\":{\"@type\":\"PropertyValueSpecification\",\"valueRequired\":true,\"valueName\":\"search_term_string\"}}],\"inLanguage\":\"fi\"},{\"@type\":\"Organization\",\"@id\":\"https:\/\/www.wigglewires.com\/gu\/#organization\",\"name\":\"Fujian Quanzhou Xinyuhuang trading Co., LTD\",\"url\":\"https:\/\/www.wigglewires.com\/gu\/\",\"logo\":{\"@type\":\"ImageObject\",\"inLanguage\":\"fi\",\"@id\":\"https:\/\/www.wigglewires.com\/gu\/#\/schema\/logo\/image\/\",\"url\":\"https:\/\/www.wigglewires.com\/wp-content\/uploads\/2024\/11\/logo.webp\",\"contentUrl\":\"https:\/\/www.wigglewires.com\/wp-content\/uploads\/2024\/11\/logo.webp\",\"width\":495,\"height\":129,\"caption\":\"Fujian Quanzhou Xinyuhuang trading Co., LTD\"},\"image\":{\"@id\":\"https:\/\/www.wigglewires.com\/gu\/#\/schema\/logo\/image\/\"}}]}<\/script>\n<!-- \/ Yoast SEO plugin. -->","yoast_head_json":{"title":"Greenhouse Construction Materials and Equipment Supplier - Beijing Fenglong - FAQ","description":"Greenhouse Film, Wiggle Wire,Greenhouse Roll up motor, Greenhouse circulation fan, Greenhouse screening system product. - Greenhouse Construction Materials and Equipment Supplier - Beijing Fenglong","robots":{"index":"index","follow":"follow","max-snippet":"max-snippet:-1","max-image-preview":"max-image-preview:large","max-video-preview":"max-video-preview:-1"},"canonical":"https:\/\/www.wigglewires.com\/fi\/faq-2\/","og_locale":"fi_FI","og_type":"article","og_title":"Greenhouse Construction Materials and Equipment Supplier - Beijing Fenglong - FAQ","og_description":"Greenhouse Film, Wiggle Wire,Greenhouse Roll up motor, Greenhouse circulation fan, Greenhouse screening system product. - Greenhouse Construction Materials and Equipment Supplier - Beijing Fenglong","og_url":"https:\/\/www.wigglewires.com\/fi\/faq-2\/","og_site_name":"Greenhouse Construction Materials and Equipment Supplier - Beijing Fenglong","article_modified_time":"2025-02-21T03:12:47+00:00","twitter_card":"summary_large_image","twitter_misc":{"Arvioitu lukuaika":"1 minuutti"},"schema":{"@context":"https:\/\/schema.org","@graph":[{"@type":"WebPage","@id":"https:\/\/www.wigglewires.com\/faq-2\/","url":"https:\/\/www.wigglewires.com\/faq-2\/","name":"Greenhouse Construction Materials and Equipment Supplier - Beijing Fenglong - FAQ","isPartOf":{"@id":"https:\/\/www.wigglewires.com\/gu\/#website"},"datePublished":"2024-11-16T08:09:50+00:00","dateModified":"2025-02-21T03:12:47+00:00","description":"Greenhouse Film, Wiggle Wire,Greenhouse Roll up motor, Greenhouse circulation fan, Greenhouse screening system product. - Greenhouse Construction Materials and Equipment Supplier - Beijing Fenglong","breadcrumb":{"@id":"https:\/\/www.wigglewires.com\/faq-2\/#breadcrumb"},"inLanguage":"fi","potentialAction":[{"@type":"ReadAction","target":["https:\/\/www.wigglewires.com\/faq-2\/"]}]},{"@type":"BreadcrumbList","@id":"https:\/\/www.wigglewires.com\/faq-2\/#breadcrumb","itemListElement":[{"@type":"ListItem","position":1,"name":"Home","item":"https:\/\/www.wigglewires.com\/gu\/"},{"@type":"ListItem","position":2,"name":"FAQ"}]},{"@type":"WebSite","@id":"https:\/\/www.wigglewires.com\/gu\/#website","url":"https:\/\/www.wigglewires.com\/gu\/","name":"Fujian Quanzhou Xinyuhuang trading Co., LTD","description":"Greenhouse Construction Materials and Equipment Supplier - Beijing Fenglong","publisher":{"@id":"https:\/\/www.wigglewires.com\/gu\/#organization"},"potentialAction":[{"@type":"SearchAction","target":{"@type":"EntryPoint","urlTemplate":"https:\/\/www.wigglewires.com\/gu\/?s={search_term_string}"},"query-input":{"@type":"PropertyValueSpecification","valueRequired":true,"valueName":"search_term_string"}}],"inLanguage":"fi"},{"@type":"Organization","@id":"https:\/\/www.wigglewires.com\/gu\/#organization","name":"Fujian Quanzhou Xinyuhuang trading Co., LTD","url":"https:\/\/www.wigglewires.com\/gu\/","logo":{"@type":"ImageObject","inLanguage":"fi","@id":"https:\/\/www.wigglewires.com\/gu\/#\/schema\/logo\/image\/","url":"https:\/\/www.wigglewires.com\/wp-content\/uploads\/2024\/11\/logo.webp","contentUrl":"https:\/\/www.wigglewires.com\/wp-content\/uploads\/2024\/11\/logo.webp","width":495,"height":129,"caption":"Fujian Quanzhou Xinyuhuang trading Co., LTD"},"image":{"@id":"https:\/\/www.wigglewires.com\/gu\/#\/schema\/logo\/image\/"}}]}},"_links":{"self":[{"href":"https:\/\/www.wigglewires.com\/fi\/wp-json\/wp\/v2\/pages\/2396"}],"collection":[{"href":"https:\/\/www.wigglewires.com\/fi\/wp-json\/wp\/v2\/pages"}],"about":[{"href":"https:\/\/www.wigglewires.com\/fi\/wp-json\/wp\/v2\/types\/page"}],"author":[{"embeddable":true,"href":"https:\/\/www.wigglewires.com\/fi\/wp-json\/wp\/v2\/users\/1"}],"replies":[{"embeddable":true,"href":"https:\/\/www.wigglewires.com\/fi\/wp-json\/wp\/v2\/comments?post=2396"}],"version-history":[{"count":6,"href":"https:\/\/www.wigglewires.com\/fi\/wp-json\/wp\/v2\/pages\/2396\/revisions"}],"predecessor-version":[{"id":2574,"href":"https:\/\/www.wigglewires.com\/fi\/wp-json\/wp\/v2\/pages\/2396\/revisions\/2574"}],"wp:attachment":[{"href":"https:\/\/www.wigglewires.com\/fi\/wp-json\/wp\/v2\/media?parent=2396"}],"curies":[{"name":"wp","href":"https:\/\/api.w.org\/{rel}","templated":true}]}}