{"id":2406,"date":"2024-11-16T08:24:33","date_gmt":"2024-11-16T08:24:33","guid":{"rendered":"http:\/\/www.wigglewires.com\/?page_id=2406"},"modified":"2026-04-27T03:09:01","modified_gmt":"2026-04-27T03:09:01","slug":"video","status":"publish","type":"page","link":"https:\/\/www.wigglewires.com\/fi\/video\/","title":{"rendered":"VIDEO"},"content":{"rendered":"<div class=\"path_bar\">\n        <div class=\"layout\" style=\"margin-bottom:30px\">\n            <ul>\n                <li><a href=\"\/\">Etusivu<\/a><\/li>\n                <li><a href=\"\">Video<\/a><\/li>\n            <\/ul>\n        <\/div>\n    <\/div>\n\n\n\n<div class=\"index_company_intr ab-com\" style=\"margin-bottom:45px;padding-top:45px\" >\n      <div class=\"layout\">\n        <div class=\"index_bd\">\n          <strong>Video yrityksest\u00e4 Beijing Fenglong Greenhouse Technology Ltd<\/strong>\n           <iframe loading=\"lazy\" src=\"https:\/\/www.youtube.com\/embed\/fxzZAic8fsg\" width=\"100%\" height=\"380px\" style=\"margin-bottom:20px\"><\/iframe>\n          <div class=\"\">\n           \n               <div class=\"ff\">\n        \n\n                <div><strong>Uuden sukupolven 3GG-vaihdemoottori varjostukseen, seulontaan ja ilmanvaihtoon<\/strong> \n                      <iframe loading=\"lazy\" src=\"https:\/\/www.youtube.com\/embed\/biKW2-sbT0U\" width=\"100%\" height=\"380px\" style=\"margin-bottom:20px\"><\/iframe><\/div>\n             \n                <div><strong>Wiggle Wire &amp; Alu. Tai Gar. Kanavat ja kaksikerroksiset kasvihuoneet<\/strong> \n                      <iframe loading=\"lazy\" src=\"https:\/\/www.youtube.com\/embed\/G2fs6zx_a9Q\" width=\"100%\" height=\"380px\" style=\"margin-bottom:20px\"><\/iframe><\/div>\n            \n          <\/div>\n            <div class=\"ff\">\n        \n\n                <div><strong>Kingzo Electric Film Reeler Rajakytkimen asetukset<\/strong> \n                      <iframe loading=\"lazy\" src=\"https:\/\/www.youtube.com\/embed\/8Xa76bWLu5Y\" width=\"100%\" height=\"380px\" style=\"margin-bottom:20px\"><\/iframe><\/div>\n             \n             \n                <div><strong>Mink\u00e4lainen kasvihuone kannattaa rakentaa?<\/strong> \n                      <iframe loading=\"lazy\" src=\"https:\/\/www.youtube.com\/embed\/FPjko9DDhcU\" width=\"100%\" height=\"380px\" style=\"margin-bottom:20px\"><\/iframe><\/div>\n              \n            \n          <\/div>\n\n <div class=\"ff\">\n        \n\n                <div><strong>FLC\u2122 BS104:n k\u00e4sik\u00e4ytt\u00f6inen kalvokelaattori<\/strong> \n                      <iframe loading=\"lazy\" src=\"https:\/\/www.youtube.com\/embed\/FXJGmy8dL_4\" width=\"100%\" height=\"380px\" style=\"margin-bottom:20px\"><\/iframe><\/div>\n             \n                <div><strong>FLC\u2122 NS105:n k\u00e4sik\u00e4ytt\u00f6inen kalvokelaattori<\/strong> \n                      <iframe loading=\"lazy\" src=\"https:\/\/www.youtube.com\/embed\/3MhoPG0esig\" width=\"100%\" height=\"380px\" style=\"margin-bottom:20px\"><\/iframe><\/div>\n            \n          <\/div>\n<div class=\"ff\">\n        \n\n                <div><strong>FLC\u2122 Easy Wind Polytunnelin poistoilmapuhallin<\/strong> \n                      <iframe loading=\"lazy\" src=\"https:\/\/www.youtube.com\/embed\/X8v5PxjC65s\" width=\"100%\" height=\"380px\" style=\"margin-bottom:20px\"><\/iframe><\/div>\n             \n                <div><strong>Kingzo\u2122 Electric Film Reeler GMD100-S:n s\u00e4hk\u00f6inen kalvokelaattori<\/strong> \n                      <iframe loading=\"lazy\" src=\"https:\/\/www.youtube.com\/embed\/5OVYd31A1zc\" width=\"100%\" height=\"380px\" style=\"margin-bottom:20px\"><\/iframe><\/div>\n            \n          <\/div>\n<div class=\"ff\">\n        \n\n                <div><strong>FLC\u2122 Easy Wind Polytunnelin poistoilmapuhallin<\/strong> \n                      <iframe loading=\"lazy\" src=\"https:\/\/www.youtube.com\/embed\/0haFe1h00Wg\" width=\"100%\" height=\"380px\" style=\"margin-bottom:20px\"><\/iframe><\/div>\n             \n                <div><strong>FLC\u2122 Easy Wind Polytunnelin poistoilmapuhallin<\/strong> \n                      <iframe loading=\"lazy\" src=\"https:\/\/www.youtube.com\/embed\/-uGalY6w-ks\" width=\"100%\" height=\"380px\" style=\"margin-bottom:20px\"><\/iframe><\/div>\n            \n          <\/div>\n          <div class=\"ff\">\n        \n\n                <div><strong>FLC\u2122 Easy Wind Polytunnelin poistoilmapuhallin<\/strong> \n                      <iframe loading=\"lazy\" src=\"https:\/\/www.youtube.com\/embed\/oo4AdE1XS5A\" width=\"100%\" height=\"380px\" style=\"margin-bottom:20px\"><\/iframe><\/div>\n             \n                <div><strong>Kingzo\u00ae -moottorin mustan rajakytkimen asettaminen<\/strong> \n                      <iframe loading=\"lazy\" src=\"https:\/\/www.youtube.com\/embed\/gtg-_7dqbpI\" width=\"100%\" height=\"380px\" style=\"margin-bottom:20px\"><\/iframe><\/div>\n            \n          <\/div>\n <div class=\"ff\">\n        \n\n                <div><strong>Kingzo\u00ae -moottorin punaisen rajakytkimen asettaminen<\/strong> \n                      <iframe loading=\"lazy\" src=\"https:\/\/www.youtube.com\/embed\/9OQ3RxEgKo0\" width=\"100%\" height=\"380px\" style=\"margin-bottom:20px\"><\/iframe><\/div>\n             \n               \n          <\/div>\n          \n          \n        <\/div>\n      <\/div>\n    <\/div>\n\n\n\n<style>\nhtml body article header h1 {\n    text-align: center!important;\n    font-size: 30px!important;\n}\n.ff img{\nmargin-bottom:20px\n}\n\n\n@media screen and (min-width:981px){\n.ff{\ndisplay:flex;\njustify-content:space-between\n\n\n}\n.ff img{\nwidth:100%\n\n}\n.ff div{\nwidth:49%\n\n\n}\n\n}\n\n\n\n\n\n<\/style>","protected":false},"excerpt":{"rendered":"<p>Home Video Video of Beijing Fenglong Greenhouse Technology Ltd New Generation of 3GG Gear Motor for Shading, Screening and Ventilation Wiggle Wire &amp; Alu. Or Gar. Channels and double-deck greenhouses Kingzo Electric Film Reeler Limit Switch Settings What kind of greenhouse should you build? FLC\u2122 Manual Film Reeler of BS104 FLC\u2122 Manual Film Reeler of [&hellip;]<\/p>","protected":false},"author":1,"featured_media":0,"parent":0,"menu_order":0,"comment_status":"closed","ping_status":"closed","template":"","meta":{"footnotes":""},"class_list":["post-2406","page","type-page","status-publish","hentry"],"yoast_head":"<!-- This site is optimized with the Yoast SEO plugin v23.4 - https:\/\/yoast.com\/wordpress\/plugins\/seo\/ -->\n<title>Greenhouse Equipment Video Tutorials &amp; Demos | Beijing Fenglong<\/title>\n<meta name=\"description\" content=\"Watch expert tutorials and product demonstrations from Beijing Fenglong Hitech. Learn to set Kingzo\u00ae motor limit switches, install VINIPET\u00ae wiggle wires, and optimize greenhouse ventilation with FLC\u2122 fans. Your 24\/7 technical resource for protected agriculture.\" \/>\n<meta name=\"robots\" content=\"index, follow, max-snippet:-1, max-image-preview:large, max-video-preview:-1\" \/>\n<link rel=\"canonical\" href=\"https:\/\/www.wigglewires.com\/fi\/video\/\" \/>\n<meta property=\"og:locale\" content=\"fi_FI\" \/>\n<meta property=\"og:type\" content=\"article\" \/>\n<meta property=\"og:title\" content=\"Greenhouse Equipment Video Tutorials &amp; Demos | Beijing Fenglong\" \/>\n<meta property=\"og:description\" content=\"Watch expert tutorials and product demonstrations from Beijing Fenglong Hitech. Learn to set Kingzo\u00ae motor limit switches, install VINIPET\u00ae wiggle wires, and optimize greenhouse ventilation with FLC\u2122 fans. Your 24\/7 technical resource for protected agriculture.\" \/>\n<meta property=\"og:url\" content=\"https:\/\/www.wigglewires.com\/fi\/video\/\" \/>\n<meta property=\"og:site_name\" content=\"Professional Greenhouse Fastening &amp; Ventilation Systems\" \/>\n<meta property=\"article:publisher\" content=\"https:\/\/www.facebook.com\/beijingfenglong\" \/>\n<meta property=\"article:modified_time\" content=\"2026-04-27T03:09:01+00:00\" \/>\n<meta property=\"og:image\" content=\"https:\/\/www.wigglewires.com\/wp-content\/uploads\/2024\/11\/banner1.webp\" \/>\n\t<meta property=\"og:image:width\" content=\"1920\" \/>\n\t<meta property=\"og:image:height\" content=\"850\" \/>\n\t<meta property=\"og:image:type\" content=\"image\/webp\" \/>\n<meta name=\"twitter:card\" content=\"summary_large_image\" \/>\n<meta name=\"twitter:site\" content=\"@wigglewires\" \/>\n<meta name=\"twitter:label1\" content=\"Arvioitu lukuaika\" \/>\n\t<meta name=\"twitter:data1\" content=\"1 minuutti\" \/>\n<script type=\"application\/ld+json\" class=\"yoast-schema-graph\">{\"@context\":\"https:\/\/schema.org\",\"@graph\":[{\"@type\":\"WebPage\",\"@id\":\"https:\/\/www.wigglewires.com\/video\/\",\"url\":\"https:\/\/www.wigglewires.com\/video\/\",\"name\":\"Greenhouse Equipment Video Tutorials & Demos | Beijing Fenglong\",\"isPartOf\":{\"@id\":\"https:\/\/www.wigglewires.com\/#website\"},\"datePublished\":\"2024-11-16T08:24:33+00:00\",\"dateModified\":\"2026-04-27T03:09:01+00:00\",\"description\":\"Watch expert tutorials and product demonstrations from Beijing Fenglong Hitech. Learn to set Kingzo\u00ae motor limit switches, install VINIPET\u00ae wiggle wires, and optimize greenhouse ventilation with FLC\u2122 fans. Your 24\/7 technical resource for protected agriculture.\",\"breadcrumb\":{\"@id\":\"https:\/\/www.wigglewires.com\/video\/#breadcrumb\"},\"inLanguage\":\"fi\",\"potentialAction\":[{\"@type\":\"ReadAction\",\"target\":[\"https:\/\/www.wigglewires.com\/video\/\"]}]},{\"@type\":\"BreadcrumbList\",\"@id\":\"https:\/\/www.wigglewires.com\/video\/#breadcrumb\",\"itemListElement\":[{\"@type\":\"ListItem\",\"position\":1,\"name\":\"Home\",\"item\":\"https:\/\/www.wigglewires.com\/\"},{\"@type\":\"ListItem\",\"position\":2,\"name\":\"VIDEO\"}]},{\"@type\":\"WebSite\",\"@id\":\"https:\/\/www.wigglewires.com\/#website\",\"url\":\"https:\/\/www.wigglewires.com\/\",\"name\":\"Beijing Fenglong Hitech Co., Ltd.\",\"description\":\"Fenglong Greenhouse\",\"publisher\":{\"@id\":\"https:\/\/www.wigglewires.com\/#organization\"},\"potentialAction\":[{\"@type\":\"SearchAction\",\"target\":{\"@type\":\"EntryPoint\",\"urlTemplate\":\"https:\/\/www.wigglewires.com\/?s={search_term_string}\"},\"query-input\":{\"@type\":\"PropertyValueSpecification\",\"valueRequired\":true,\"valueName\":\"search_term_string\"}}],\"inLanguage\":\"fi\"},{\"@type\":\"Organization\",\"@id\":\"https:\/\/www.wigglewires.com\/#organization\",\"name\":\"Beijing Fenglong Hitech Co., Ltd.\",\"url\":\"https:\/\/www.wigglewires.com\/\",\"logo\":{\"@type\":\"ImageObject\",\"inLanguage\":\"fi\",\"@id\":\"https:\/\/www.wigglewires.com\/#\/schema\/logo\/image\/\",\"url\":\"https:\/\/www.wigglewires.com\/wp-content\/uploads\/2024\/11\/logo.webp\",\"contentUrl\":\"https:\/\/www.wigglewires.com\/wp-content\/uploads\/2024\/11\/logo.webp\",\"width\":495,\"height\":129,\"caption\":\"Beijing Fenglong Hitech Co., Ltd.\"},\"image\":{\"@id\":\"https:\/\/www.wigglewires.com\/#\/schema\/logo\/image\/\"},\"sameAs\":[\"https:\/\/www.facebook.com\/beijingfenglong\",\"https:\/\/x.com\/wigglewires\",\"https:\/\/www.linkedin.com\/company\/beijingfenglonghitech\",\"https:\/\/www.youtube.com\/channel\/UCSPhbl2y0m3wTd_6EqhZpRQ?view_as=subscriber\"]}]}<\/script>\n<!-- \/ Yoast SEO plugin. -->","yoast_head_json":{"title":"Greenhouse Equipment Video Tutorials & Demos | Beijing Fenglong","description":"Watch expert tutorials and product demonstrations from Beijing Fenglong Hitech. Learn to set Kingzo\u00ae motor limit switches, install VINIPET\u00ae wiggle wires, and optimize greenhouse ventilation with FLC\u2122 fans. Your 24\/7 technical resource for protected agriculture.","robots":{"index":"index","follow":"follow","max-snippet":"max-snippet:-1","max-image-preview":"max-image-preview:large","max-video-preview":"max-video-preview:-1"},"canonical":"https:\/\/www.wigglewires.com\/fi\/video\/","og_locale":"fi_FI","og_type":"article","og_title":"Greenhouse Equipment Video Tutorials & Demos | Beijing Fenglong","og_description":"Watch expert tutorials and product demonstrations from Beijing Fenglong Hitech. Learn to set Kingzo\u00ae motor limit switches, install VINIPET\u00ae wiggle wires, and optimize greenhouse ventilation with FLC\u2122 fans. Your 24\/7 technical resource for protected agriculture.","og_url":"https:\/\/www.wigglewires.com\/fi\/video\/","og_site_name":"Professional Greenhouse Fastening &amp; Ventilation Systems","article_publisher":"https:\/\/www.facebook.com\/beijingfenglong","article_modified_time":"2026-04-27T03:09:01+00:00","og_image":[{"width":1920,"height":850,"url":"https:\/\/www.wigglewires.com\/wp-content\/uploads\/2024\/11\/banner1.webp","type":"image\/webp"}],"twitter_card":"summary_large_image","twitter_site":"@wigglewires","twitter_misc":{"Arvioitu lukuaika":"1 minuutti"},"schema":{"@context":"https:\/\/schema.org","@graph":[{"@type":"WebPage","@id":"https:\/\/www.wigglewires.com\/video\/","url":"https:\/\/www.wigglewires.com\/video\/","name":"Greenhouse Equipment Video Tutorials & Demos | Beijing Fenglong","isPartOf":{"@id":"https:\/\/www.wigglewires.com\/#website"},"datePublished":"2024-11-16T08:24:33+00:00","dateModified":"2026-04-27T03:09:01+00:00","description":"Watch expert tutorials and product demonstrations from Beijing Fenglong Hitech. Learn to set Kingzo\u00ae motor limit switches, install VINIPET\u00ae wiggle wires, and optimize greenhouse ventilation with FLC\u2122 fans. Your 24\/7 technical resource for protected agriculture.","breadcrumb":{"@id":"https:\/\/www.wigglewires.com\/video\/#breadcrumb"},"inLanguage":"fi","potentialAction":[{"@type":"ReadAction","target":["https:\/\/www.wigglewires.com\/video\/"]}]},{"@type":"BreadcrumbList","@id":"https:\/\/www.wigglewires.com\/video\/#breadcrumb","itemListElement":[{"@type":"ListItem","position":1,"name":"Home","item":"https:\/\/www.wigglewires.com\/"},{"@type":"ListItem","position":2,"name":"VIDEO"}]},{"@type":"WebSite","@id":"https:\/\/www.wigglewires.com\/#website","url":"https:\/\/www.wigglewires.com\/","name":"Beijing Fenglong Hitech Co., Ltd.","description":"Fenglong Greenhouse","publisher":{"@id":"https:\/\/www.wigglewires.com\/#organization"},"potentialAction":[{"@type":"SearchAction","target":{"@type":"EntryPoint","urlTemplate":"https:\/\/www.wigglewires.com\/?s={search_term_string}"},"query-input":{"@type":"PropertyValueSpecification","valueRequired":true,"valueName":"search_term_string"}}],"inLanguage":"fi"},{"@type":"Organization","@id":"https:\/\/www.wigglewires.com\/#organization","name":"Beijing Fenglong Hitech Co., Ltd.","url":"https:\/\/www.wigglewires.com\/","logo":{"@type":"ImageObject","inLanguage":"fi","@id":"https:\/\/www.wigglewires.com\/#\/schema\/logo\/image\/","url":"https:\/\/www.wigglewires.com\/wp-content\/uploads\/2024\/11\/logo.webp","contentUrl":"https:\/\/www.wigglewires.com\/wp-content\/uploads\/2024\/11\/logo.webp","width":495,"height":129,"caption":"Beijing Fenglong Hitech Co., Ltd."},"image":{"@id":"https:\/\/www.wigglewires.com\/#\/schema\/logo\/image\/"},"sameAs":["https:\/\/www.facebook.com\/beijingfenglong","https:\/\/x.com\/wigglewires","https:\/\/www.linkedin.com\/company\/beijingfenglonghitech","https:\/\/www.youtube.com\/channel\/UCSPhbl2y0m3wTd_6EqhZpRQ?view_as=subscriber"]}]}},"_links":{"self":[{"href":"https:\/\/www.wigglewires.com\/fi\/wp-json\/wp\/v2\/pages\/2406"}],"collection":[{"href":"https:\/\/www.wigglewires.com\/fi\/wp-json\/wp\/v2\/pages"}],"about":[{"href":"https:\/\/www.wigglewires.com\/fi\/wp-json\/wp\/v2\/types\/page"}],"author":[{"embeddable":true,"href":"https:\/\/www.wigglewires.com\/fi\/wp-json\/wp\/v2\/users\/1"}],"replies":[{"embeddable":true,"href":"https:\/\/www.wigglewires.com\/fi\/wp-json\/wp\/v2\/comments?post=2406"}],"version-history":[{"count":24,"href":"https:\/\/www.wigglewires.com\/fi\/wp-json\/wp\/v2\/pages\/2406\/revisions"}],"predecessor-version":[{"id":2933,"href":"https:\/\/www.wigglewires.com\/fi\/wp-json\/wp\/v2\/pages\/2406\/revisions\/2933"}],"wp:attachment":[{"href":"https:\/\/www.wigglewires.com\/fi\/wp-json\/wp\/v2\/media?parent=2406"}],"curies":[{"name":"wp","href":"https:\/\/api.w.org\/{rel}","templated":true}]}}