{"id":243,"date":"2024-09-07T01:58:31","date_gmt":"2024-09-07T01:58:31","guid":{"rendered":"http:\/\/www.wigglewires.com\/?page_id=243"},"modified":"2025-02-21T03:15:59","modified_gmt":"2025-02-21T03:15:59","slug":"about-us","status":"publish","type":"page","link":"https:\/\/www.wigglewires.com\/fi\/about-us\/","title":{"rendered":"MEIST\u00c4"},"content":{"rendered":"<div class=\"path_bar\">\n        <div class=\"layout\" style=\"margin-bottom:30px\">\n            <ul>\n                <li><a href=\"\/\">Etusivu<\/a><\/li>\n                <li><a href=\"\">Tietoa meist\u00e4<\/a><\/li>\n            <\/ul>\n        <\/div>\n    <\/div>\n\n\n\n<div class=\"index_company_intr ab-com\" style=\"margin-bottom:0\" >\n      <div class=\"layout\">\n        <div class=\"index_bd\">\n          <div class=\"company_intr_cont wow fadeInLeftA\" style=\"visibility: visible; animation-name: fadeInLeftA;\">\n           \n               <div class=\"tt-ab\">\n            <h2 class=\"cell_title\" style=\"color:#000\">Our Company<\/h2>\n           \n          <\/div>  \n              <strong>Beijing Fenglong Hitech Co., Ltd.<\/strong>\n              <div class=\"cell_desc text-p\" >\n                Beijing Fenglong Hitech Co., Ltd. perustettiin vuonna 1999 Pekingiss\u00e4, ja se on huipputeknologinen, maailmanlaajuisesti johtava kasvihuoneyritys, joka on erikoistunut suojattuun maatalouteen tarkoitettujen elektronisten ja mekaanisten tuotteiden valmistukseen, myyntiin, suunnitteluun, tutkimukseen ja kehitykseen, mukaan lukien kasvihuoneiden rakentamiseen ja nykyaikaiseen karjankasvatukseen tarkoitetut materiaalit ja laitteet.<\/div>\n\n<img decoding=\"async\" src=\"\/wp-content\/uploads\/2024\/11\/img.webp\" >\n             \n             \n            \n          <\/div>\n          <div class=\"company_intr_img wow fadeInUpA\" style=\"visibility: visible; animation-name: fadeInUpA;\">\n          <iframe loading=\"lazy\" width=\"100%\" height=\"300px\" src=\"https:\/\/www.youtube.com\/embed\/fxzZAic8fsg\" ><\/iframe>\n          <\/div>\n        <\/div>\n      <\/div>\n    <\/div>\n\n\n\n<div class=\"index_business ab-app\">\n      <div class=\"layout\">\n        <div class=\"ct\">\n         <img decoding=\"async\" src=\"\/wp-content\/uploads\/2024\/11\/bf36816d.webp\" width=\"100%\" style=\"margin:15px 0\" \/>\n            <p class=\"cell_desc text-p\">Nyt yrityksell\u00e4 on yli 300 ty\u00f6ntekij\u00e4\u00e4 ja se on kehitt\u00e4nyt satoja tuotteita, joihin kuuluvat VINIPET\u00ae-perkkauslanka, LOCKUP \u00ae-perkkauslanka-kanava, KINGZO\u00ae-kalvon kelauslaite, joka tunnetaan my\u00f6s nimell\u00e4 roll-up-yksikk\u00f6, TOYATANI\u00ae-kasvihuonepolyeteenikalvo, KINGZO\u00ae-vaihdemoottori, FLC\u00ae-kiertotuuletin, ilmanvaihtoj\u00e4rjestelm\u00e4, varjostusj\u00e4rjestelm\u00e4 sek\u00e4 erilaiset hammastangot, alumiinikanavat ja -puristeet, monikanavainen kasvihuoneen \u00e4lyk\u00e4s ohjausj\u00e4rjestelm\u00e4 jne.<\/p>\n  <img decoding=\"async\" src=\"\/wp-content\/uploads\/2024\/11\/9fe4f47e.webp\" width=\"100%\" style=\"margin:15px 0\" \/>\n<p class=\"cell_desc text-p\">These internationally advanced products have been serving customers in 64 countries across the world.<\/p>\n <img decoding=\"async\" src=\"\/wp-content\/uploads\/2024\/11\/81b05c7f1.webp\" width=\"100%\" style=\"margin:15px 0\" \/>\n<p class=\"cell_desc text-p\">With a modernized plant covering 40,000 square meters, Beijing Fenglong has also an R &#038; D branch, which files 10-strong patents annually. The company has in place a very strict quality control system, certified by ISO9001 quality management system, ISO14001 environmental management system, and OHSAS18001 health and safety management.<\/p>\n<img decoding=\"async\" src=\"\/wp-content\/uploads\/2024\/11\/a60b8447.webp\" width=\"100%\" style=\"margin:15px 0\" \/>\n<p class=\"cell_desc text-p\">Beijing Fenglong and Toto Kogyo Co., Ltd from Japan established their joint venture Beijing Toto Kogyo Horticultural Co., Ltd 20 years ago. With that, Beijing Fenglong has introduced advanced Japanese production technologies and management concepts and has promoted Beijing Fenglong&#8217;s exports of manual &#038; electric film reelers, wiggle wires, and greenhouse control systems to Japan all year round.<\/p>\n<img decoding=\"async\" src=\"\/wp-content\/uploads\/2024\/11\/Manufactore-Facility.webp\" width=\"100%\" style=\"margin:15px 0\" \/>\n<p class=\"cell_desc text-p\">The excellent performance has further updated Fenglong&#8217;s management concept, and improved its product development, quality management, and after-sales service.<\/p>\n<img decoding=\"async\" src=\"\/wp-content\/uploads\/2024\/11\/6c1e1c05.webp\" width=\"100%\" style=\"margin:15px 0\" \/>\n<p class=\"cell_desc text-p\">We are deeply indebted to our customers and suppliers for their continuous support. We are always committed to delivering to our customers the best.<\/p>\n<img decoding=\"async\" src=\"\/wp-content\/uploads\/2024\/11\/6c5791f7.webp\" width=\"100%\" style=\"margin:15px 0\" \/>\n          \n        \n        <\/div>\n       \n      <\/div>\n    <\/div>\n\n\n\n<style>\nhtml body article header h1 {\n    text-align: center!important;\n    font-size: 30px!important;\n}\n.bt-ab{\nmargin-bottom:55px!important\n\n}\n.tt-ab h2{\nfont-size:26px;\n\n\n}\n@media screen and (min-width:981px){\n\n.tt-ab h2{\n\nmargin-bottom:45px\n\n}\n.ab-prolist li{\nwidth:25%!important}\n.ab-left-img{\npadding-right:20px\n}\n.text-p{\nline-height:1.8em\n}\n\n}\n@media screen and (max-width:981px){\n.ab-app{\nmargin-bottom:0px!important\n\n}\n.ab-com{\npadding-top:30px!important}\n\n.tt-ab h2{\nmargin-bottom:30px\n\n}\n.ab-w{\nmargin-bottom:0!important\n}\n\n}\n\n\n<\/style>","protected":false},"excerpt":{"rendered":"<p>Home About Us Our Company Beijing Fenglong Hitech Co., Ltd. Beijing Fenglong Hitech Co., Ltd was established in 1999 in Beijing and is a high-tech, global leading greenhouse company specializing in the manufacture, sales, design, research, and development of electronic and mechanical products for protected agriculture, including materials and equipment for greenhouse construction and modern [&hellip;]<\/p>","protected":false},"author":2,"featured_media":0,"parent":0,"menu_order":0,"comment_status":"closed","ping_status":"closed","template":"","meta":{"footnotes":""},"class_list":["post-243","page","type-page","status-publish","hentry"],"yoast_head":"<!-- This site is optimized with the Yoast SEO plugin v23.4 - https:\/\/yoast.com\/wordpress\/plugins\/seo\/ -->\n<title>Greenhouse Construction Materials and Equipment Supplier - Beijing Fenglong - ABOUT US<\/title>\n<meta name=\"description\" content=\"Greenhouse Film, Wiggle Wire,Greenhouse Roll up motor, Greenhouse circulation fan, Greenhouse screening system product. - Greenhouse Construction Materials and Equipment Supplier - Beijing Fenglong\" \/>\n<meta name=\"robots\" content=\"index, follow, max-snippet:-1, max-image-preview:large, max-video-preview:-1\" \/>\n<link rel=\"canonical\" href=\"https:\/\/www.wigglewires.com\/fi\/about-us\/\" \/>\n<meta property=\"og:locale\" content=\"fi_FI\" \/>\n<meta property=\"og:type\" content=\"article\" \/>\n<meta property=\"og:title\" content=\"Greenhouse Construction Materials and Equipment Supplier - Beijing Fenglong - ABOUT US\" \/>\n<meta property=\"og:description\" content=\"Greenhouse Film, Wiggle Wire,Greenhouse Roll up motor, Greenhouse circulation fan, Greenhouse screening system product. - Greenhouse Construction Materials and Equipment Supplier - Beijing Fenglong\" \/>\n<meta property=\"og:url\" content=\"https:\/\/www.wigglewires.com\/fi\/about-us\/\" \/>\n<meta property=\"og:site_name\" content=\"Greenhouse Construction Materials and Equipment Supplier - Beijing Fenglong\" \/>\n<meta property=\"article:modified_time\" content=\"2025-02-21T03:15:59+00:00\" \/>\n<meta name=\"twitter:card\" content=\"summary_large_image\" \/>\n<meta name=\"twitter:label1\" content=\"Arvioitu lukuaika\" \/>\n\t<meta name=\"twitter:data1\" content=\"3 minuuttia\" \/>\n<script type=\"application\/ld+json\" class=\"yoast-schema-graph\">{\"@context\":\"https:\/\/schema.org\",\"@graph\":[{\"@type\":\"WebPage\",\"@id\":\"https:\/\/www.wigglewires.com\/about-us\/\",\"url\":\"https:\/\/www.wigglewires.com\/about-us\/\",\"name\":\"Greenhouse Construction Materials and Equipment Supplier - Beijing Fenglong - ABOUT US\",\"isPartOf\":{\"@id\":\"https:\/\/www.wigglewires.com\/gu\/#website\"},\"datePublished\":\"2024-09-07T01:58:31+00:00\",\"dateModified\":\"2025-02-21T03:15:59+00:00\",\"description\":\"Greenhouse Film, Wiggle Wire,Greenhouse Roll up motor, Greenhouse circulation fan, Greenhouse screening system product. - Greenhouse Construction Materials and Equipment Supplier - Beijing Fenglong\",\"breadcrumb\":{\"@id\":\"https:\/\/www.wigglewires.com\/about-us\/#breadcrumb\"},\"inLanguage\":\"fi\",\"potentialAction\":[{\"@type\":\"ReadAction\",\"target\":[\"https:\/\/www.wigglewires.com\/about-us\/\"]}]},{\"@type\":\"BreadcrumbList\",\"@id\":\"https:\/\/www.wigglewires.com\/about-us\/#breadcrumb\",\"itemListElement\":[{\"@type\":\"ListItem\",\"position\":1,\"name\":\"Home\",\"item\":\"https:\/\/www.wigglewires.com\/gu\/\"},{\"@type\":\"ListItem\",\"position\":2,\"name\":\"ABOUT US\"}]},{\"@type\":\"WebSite\",\"@id\":\"https:\/\/www.wigglewires.com\/gu\/#website\",\"url\":\"https:\/\/www.wigglewires.com\/gu\/\",\"name\":\"Fujian Quanzhou Xinyuhuang trading Co., LTD\",\"description\":\"Greenhouse Construction Materials and Equipment Supplier - Beijing Fenglong\",\"publisher\":{\"@id\":\"https:\/\/www.wigglewires.com\/gu\/#organization\"},\"potentialAction\":[{\"@type\":\"SearchAction\",\"target\":{\"@type\":\"EntryPoint\",\"urlTemplate\":\"https:\/\/www.wigglewires.com\/gu\/?s={search_term_string}\"},\"query-input\":{\"@type\":\"PropertyValueSpecification\",\"valueRequired\":true,\"valueName\":\"search_term_string\"}}],\"inLanguage\":\"fi\"},{\"@type\":\"Organization\",\"@id\":\"https:\/\/www.wigglewires.com\/gu\/#organization\",\"name\":\"Fujian Quanzhou Xinyuhuang trading Co., LTD\",\"url\":\"https:\/\/www.wigglewires.com\/gu\/\",\"logo\":{\"@type\":\"ImageObject\",\"inLanguage\":\"fi\",\"@id\":\"https:\/\/www.wigglewires.com\/gu\/#\/schema\/logo\/image\/\",\"url\":\"https:\/\/www.wigglewires.com\/wp-content\/uploads\/2024\/11\/logo.webp\",\"contentUrl\":\"https:\/\/www.wigglewires.com\/wp-content\/uploads\/2024\/11\/logo.webp\",\"width\":495,\"height\":129,\"caption\":\"Fujian Quanzhou Xinyuhuang trading Co., LTD\"},\"image\":{\"@id\":\"https:\/\/www.wigglewires.com\/gu\/#\/schema\/logo\/image\/\"}}]}<\/script>\n<!-- \/ Yoast SEO plugin. -->","yoast_head_json":{"title":"Greenhouse Construction Materials and Equipment Supplier - Beijing Fenglong - ABOUT US","description":"Greenhouse Film, Wiggle Wire,Greenhouse Roll up motor, Greenhouse circulation fan, Greenhouse screening system product. - Greenhouse Construction Materials and Equipment Supplier - Beijing Fenglong","robots":{"index":"index","follow":"follow","max-snippet":"max-snippet:-1","max-image-preview":"max-image-preview:large","max-video-preview":"max-video-preview:-1"},"canonical":"https:\/\/www.wigglewires.com\/fi\/about-us\/","og_locale":"fi_FI","og_type":"article","og_title":"Greenhouse Construction Materials and Equipment Supplier - Beijing Fenglong - ABOUT US","og_description":"Greenhouse Film, Wiggle Wire,Greenhouse Roll up motor, Greenhouse circulation fan, Greenhouse screening system product. - Greenhouse Construction Materials and Equipment Supplier - Beijing Fenglong","og_url":"https:\/\/www.wigglewires.com\/fi\/about-us\/","og_site_name":"Greenhouse Construction Materials and Equipment Supplier - Beijing Fenglong","article_modified_time":"2025-02-21T03:15:59+00:00","twitter_card":"summary_large_image","twitter_misc":{"Arvioitu lukuaika":"3 minuuttia"},"schema":{"@context":"https:\/\/schema.org","@graph":[{"@type":"WebPage","@id":"https:\/\/www.wigglewires.com\/about-us\/","url":"https:\/\/www.wigglewires.com\/about-us\/","name":"Greenhouse Construction Materials and Equipment Supplier - Beijing Fenglong - ABOUT US","isPartOf":{"@id":"https:\/\/www.wigglewires.com\/gu\/#website"},"datePublished":"2024-09-07T01:58:31+00:00","dateModified":"2025-02-21T03:15:59+00:00","description":"Greenhouse Film, Wiggle Wire,Greenhouse Roll up motor, Greenhouse circulation fan, Greenhouse screening system product. - Greenhouse Construction Materials and Equipment Supplier - Beijing Fenglong","breadcrumb":{"@id":"https:\/\/www.wigglewires.com\/about-us\/#breadcrumb"},"inLanguage":"fi","potentialAction":[{"@type":"ReadAction","target":["https:\/\/www.wigglewires.com\/about-us\/"]}]},{"@type":"BreadcrumbList","@id":"https:\/\/www.wigglewires.com\/about-us\/#breadcrumb","itemListElement":[{"@type":"ListItem","position":1,"name":"Home","item":"https:\/\/www.wigglewires.com\/gu\/"},{"@type":"ListItem","position":2,"name":"ABOUT US"}]},{"@type":"WebSite","@id":"https:\/\/www.wigglewires.com\/gu\/#website","url":"https:\/\/www.wigglewires.com\/gu\/","name":"Fujian Quanzhou Xinyuhuang trading Co., LTD","description":"Greenhouse Construction Materials and Equipment Supplier - Beijing Fenglong","publisher":{"@id":"https:\/\/www.wigglewires.com\/gu\/#organization"},"potentialAction":[{"@type":"SearchAction","target":{"@type":"EntryPoint","urlTemplate":"https:\/\/www.wigglewires.com\/gu\/?s={search_term_string}"},"query-input":{"@type":"PropertyValueSpecification","valueRequired":true,"valueName":"search_term_string"}}],"inLanguage":"fi"},{"@type":"Organization","@id":"https:\/\/www.wigglewires.com\/gu\/#organization","name":"Fujian Quanzhou Xinyuhuang trading Co., LTD","url":"https:\/\/www.wigglewires.com\/gu\/","logo":{"@type":"ImageObject","inLanguage":"fi","@id":"https:\/\/www.wigglewires.com\/gu\/#\/schema\/logo\/image\/","url":"https:\/\/www.wigglewires.com\/wp-content\/uploads\/2024\/11\/logo.webp","contentUrl":"https:\/\/www.wigglewires.com\/wp-content\/uploads\/2024\/11\/logo.webp","width":495,"height":129,"caption":"Fujian Quanzhou Xinyuhuang trading Co., LTD"},"image":{"@id":"https:\/\/www.wigglewires.com\/gu\/#\/schema\/logo\/image\/"}}]}},"_links":{"self":[{"href":"https:\/\/www.wigglewires.com\/fi\/wp-json\/wp\/v2\/pages\/243"}],"collection":[{"href":"https:\/\/www.wigglewires.com\/fi\/wp-json\/wp\/v2\/pages"}],"about":[{"href":"https:\/\/www.wigglewires.com\/fi\/wp-json\/wp\/v2\/types\/page"}],"author":[{"embeddable":true,"href":"https:\/\/www.wigglewires.com\/fi\/wp-json\/wp\/v2\/users\/2"}],"replies":[{"embeddable":true,"href":"https:\/\/www.wigglewires.com\/fi\/wp-json\/wp\/v2\/comments?post=243"}],"version-history":[{"count":96,"href":"https:\/\/www.wigglewires.com\/fi\/wp-json\/wp\/v2\/pages\/243\/revisions"}],"predecessor-version":[{"id":2578,"href":"https:\/\/www.wigglewires.com\/fi\/wp-json\/wp\/v2\/pages\/243\/revisions\/2578"}],"wp:attachment":[{"href":"https:\/\/www.wigglewires.com\/fi\/wp-json\/wp\/v2\/media?parent=243"}],"curies":[{"name":"wp","href":"https:\/\/api.w.org\/{rel}","templated":true}]}}