{"id":1083,"date":"2024-10-21T03:36:37","date_gmt":"2024-10-21T03:36:37","guid":{"rendered":"http:\/\/www.wigglewires.com\/?page_id=1083"},"modified":"2025-02-21T03:11:00","modified_gmt":"2025-02-21T03:11:00","slug":"privacy-policy","status":"publish","type":"page","link":"https:\/\/www.wigglewires.com\/fr\/privacy-policy\/","title":{"rendered":"POLITIQUE DE CONFIDENTIALIT\u00c9"},"content":{"rendered":"<div class=\"path_bar\">\n        <div class=\"layout\" style=\"margin-bottom:30px\">\n            <ul>\n                <li><a href=\"http:\/\/www.wigglewires.com\/\">Accueil<\/a><\/li>\n                <li><a href=\"\">Politique de confidentialit\u00e9<\/a><\/li>\n            <\/ul>\n        <\/div>\n    <\/div>\n\n\n\n<div class=\"pra_bar\" style=\"margin-top:30px\">\n        <div class=\"layout\" style=\"margin-bottom:30px;line-height:1.8em\">\n           <p>La pr\u00e9sente politique de confidentialit\u00e9 explique comment \"nous\" recueillons, utilisons, partageons et traitons vos informations, ainsi que les droits et les choix que vous avez associ\u00e9s \u00e0 ces informations. Cette politique de confidentialit\u00e9 s'applique \u00e0 toutes les informations personnelles collect\u00e9es lors de toute communication \u00e9crite, \u00e9lectronique ou orale, ou aux informations personnelles collect\u00e9es en ligne ou hors ligne, y compris : notre site web et tout autre courrier \u00e9lectronique.<\/p>\n<p>Veuillez lire nos conditions g\u00e9n\u00e9rales et la pr\u00e9sente politique avant d'acc\u00e9der \u00e0 nos services ou de les utiliser. Si vous n'\u00eates pas d'accord avec la pr\u00e9sente politique ou les conditions g\u00e9n\u00e9rales, veuillez ne pas acc\u00e9der \u00e0 nos services ni les utiliser. Si vous \u00eates situ\u00e9 dans une juridiction en dehors de l'Espace \u00e9conomique europ\u00e9en, en achetant nos produits ou en utilisant nos services, vous acceptez les conditions g\u00e9n\u00e9rales et nos pratiques en mati\u00e8re de protection de la vie priv\u00e9e telles qu'elles sont d\u00e9crites dans la pr\u00e9sente politique.<\/p>\n<p>Nous pouvons modifier la pr\u00e9sente politique \u00e0 tout moment, sans pr\u00e9avis, et les changements peuvent s'appliquer \u00e0 toute information personnelle que nous d\u00e9tenons d\u00e9j\u00e0 \u00e0 votre sujet, ainsi qu'\u00e0 toute nouvelle information personnelle collect\u00e9e apr\u00e8s la modification de la politique. Si nous apportons des modifications, nous vous en informerons en r\u00e9visant la date figurant en t\u00eate de la pr\u00e9sente politique. Nous vous informerons \u00e0 l'avance de tout changement important dans la mani\u00e8re dont nous collectons, utilisons ou divulguons vos informations personnelles, qui aurait une incidence sur vos droits en vertu de la pr\u00e9sente politique. Si vous \u00eates situ\u00e9 dans une juridiction autre que l'Espace \u00e9conomique europ\u00e9en, le Royaume-Uni ou la Suisse (collectivement les \"pays europ\u00e9ens\"), le fait de continuer \u00e0 acc\u00e9der \u00e0 nos services ou \u00e0 les utiliser apr\u00e8s avoir re\u00e7u l'avis de modification constitue votre reconnaissance de l'acceptation de la politique mise \u00e0 jour.<\/p>\n<p>En outre, nous pouvons vous fournir des divulgations en temps r\u00e9el ou des informations suppl\u00e9mentaires sur les pratiques de traitement des informations personnelles de certaines parties de nos services. Ces avis peuvent compl\u00e9ter la pr\u00e9sente politique ou vous offrir des choix suppl\u00e9mentaires sur la mani\u00e8re dont nous traitons vos informations personnelles.<\/p>\n<p>Informations personnelles que nous recueillons<\/p>\n<p>Nous recueillons des informations personnelles lorsque vous utilisez nos services ou lorsque vous soumettez des informations personnelles sur le site. Les informations personnelles sont g\u00e9n\u00e9ralement des informations qui vous concernent, vous identifient personnellement ou pourraient \u00eatre utilis\u00e9es pour vous identifier, telles que votre nom, votre adresse \u00e9lectronique, votre num\u00e9ro de t\u00e9l\u00e9phone et votre adresse. La d\u00e9finition des informations personnelles varie selon les juridictions. Seule la d\u00e9finition qui s'applique \u00e0 vous en fonction de votre lieu de r\u00e9sidence s'applique \u00e0 vous dans le cadre de la pr\u00e9sente politique de protection de la vie priv\u00e9e. Les informations personnelles n'incluent pas les donn\u00e9es qui ont \u00e9t\u00e9 anonymis\u00e9es ou agr\u00e9g\u00e9es de mani\u00e8re irr\u00e9versible de sorte qu'elles ne nous permettent plus, que ce soit en combinaison avec d'autres informations ou autrement, de vous identifier.<\/p>\n<p>Les types d'informations personnelles que nous pouvons recueillir \u00e0 votre sujet sont les suivants :<br>\nLes informations que vous nous fournissez directement et volontairement pour ex\u00e9cuter le contrat d'achat ou de service. Nous recueillons les informations personnelles que vous nous communiquez lorsque vous utilisez nos services. Par exemple, si vous visitez notre site et passez une commande, nous recueillons les informations que vous nous fournissez au cours du processus de commande. Ces informations comprennent votre nom de famille, votre adresse postale, votre adresse \u00e9lectronique, votre num\u00e9ro de t\u00e9l\u00e9phone, les produits qui vous int\u00e9ressent, Whatsapp, votre soci\u00e9t\u00e9 et votre pays. Nous pouvons \u00e9galement recueillir des informations personnelles lorsque vous communiquez avec l'un de nos services, comme le service client\u00e8le, ou lorsque vous remplissez des formulaires en ligne ou des enqu\u00eates fournies sur le site. Vous pouvez \u00e9galement choisir de nous communiquer votre adresse \u00e9lectronique si vous souhaitez recevoir des informations sur les produits et services que nous proposons.<\/p>\n<p>Comment obtenir mon consentement ?<br>\nLorsque vous nous fournissez vos informations personnelles pour effectuer une transaction, v\u00e9rifier votre carte de cr\u00e9dit, passer une commande, programmer une livraison ou retourner un achat, nous partons du principe que vous consentez \u00e0 ce que nous recueillions vos informations et que nous les utilisions uniquement \u00e0 cette fin.\n<\/p>\n<p>Si nous vous demandons de nous fournir vos informations personnelles pour une autre raison, par exemple \u00e0 des fins de marketing, nous vous demanderons directement votre consentement explicite ou nous vous donnerons la possibilit\u00e9 de refuser.<\/p>\n<p>Comment puis-je retirer mon consentement ?<br>\nSi, apr\u00e8s avoir donn\u00e9 votre consentement, vous changez d'avis et ne consentez plus \u00e0 ce que nous vous contactions, \u00e0 ce que nous recueillions vos informations ou \u00e0 ce que nous les divulguions, vous pouvez nous en informer en nous contactant.<\/p>\n \n<p>Services fournis par des tiers<br>\nEn g\u00e9n\u00e9ral, les fournisseurs tiers auxquels nous faisons appel ne collectent, n'utilisent et ne divulguent vos informations que dans la mesure n\u00e9cessaire \u00e0 l'ex\u00e9cution des services qu'ils nous fournissent.<\/p>\n\n<p>Toutefois, certains fournisseurs de services tiers, tels que les passerelles de paiement et autres processeurs de transactions de paiement, ont leur propre politique de confidentialit\u00e9 concernant les informations que nous sommes tenus de leur fournir pour vos transactions d'achat.<\/p>\n\n<p>En ce qui concerne ces fournisseurs, nous vous recommandons de lire attentivement leurs politiques de confidentialit\u00e9 afin de comprendre comment ils traiteront vos informations personnelles.<\/p>\n<p>Il convient de rappeler que certains fournisseurs peuvent \u00eatre situ\u00e9s ou avoir des installations situ\u00e9es dans une juridiction diff\u00e9rente de la v\u00f4tre ou de la n\u00f4tre. Par cons\u00e9quent, si vous d\u00e9cidez de proc\u00e9der \u00e0 une transaction n\u00e9cessitant les services d'un fournisseur tiers, vos informations peuvent \u00eatre r\u00e9gies par les lois de la juridiction dans laquelle ce fournisseur est situ\u00e9 ou par celles de la juridiction dans laquelle ses installations sont situ\u00e9es.<\/p>\n<p>S\u00e9curit\u00e9<br>\nPour prot\u00e9ger vos donn\u00e9es personnelles, nous prenons des pr\u00e9cautions raisonnables et suivons les meilleures pratiques du secteur pour nous assurer qu'elles ne sont pas perdues, mal utilis\u00e9es, consult\u00e9es, divulgu\u00e9es, modifi\u00e9es ou d\u00e9truites de mani\u00e8re inappropri\u00e9e.<\/p>\n<p>\u00c2ge de consentement<br>\nEn utilisant ce site, vous d\u00e9clarez que vous avez au moins l'\u00e2ge de la majorit\u00e9 dans votre \u00c9tat ou province de r\u00e9sidence et que vous nous avez donn\u00e9 votre accord pour permettre \u00e0 tout mineur dont vous avez la charge d'utiliser ce site.<\/p>\n<p>Modifications de la pr\u00e9sente politique de confidentialit\u00e9<br>\nNous nous r\u00e9servons le droit de modifier la pr\u00e9sente politique de confidentialit\u00e9 \u00e0 tout moment. Les modifications et clarifications entreront en vigueur d\u00e8s leur publication sur le site web. Si nous apportons des modifications au contenu de la pr\u00e9sente politique, nous vous informerons ici qu'elle a \u00e9t\u00e9 mise \u00e0 jour, afin que vous sachiez quelles informations nous recueillons, comment nous les utilisons et dans quelles circonstances nous les divulguons. Nous vous ferons savoir si nous avons une raison de le faire.<p>\n<p>Si notre magasin est rachet\u00e9 par une autre soci\u00e9t\u00e9 ou fusionn\u00e9 avec elle, vos informations peuvent \u00eatre transf\u00e9r\u00e9es aux nouveaux propri\u00e9taires afin que nous puissions continuer \u00e0 vous vendre des produits.<\/p>\n<p>Questions et informations de contact<br>\nSi vous souhaitez : acc\u00e9der, corriger, modifier ou supprimer toute information personnelle que nous d\u00e9tenons \u00e0 votre sujet, d\u00e9poser une plainte, ou simplement obtenir plus d'informations, contactez-nous par courrier \u00e9lectronique au bas de la page.<\/p>\n      <\/div>\n    <\/div>\n\n\n\n<style>\nhtml body article header h1{\n    text-align: center!important;\n    font-size: 30px!important;\n}\n\n\n\n\n<\/style>","protected":false},"excerpt":{"rendered":"<p>Home Privacy Policy This Privacy Policy explains how &#8220;we&#8221; collect, use, share and process your information as well as the rights and choices you have associated with that information. This privacy policy applies to all personal information collected during any written, electronic and oral communication, or personal information collected online or offline, including: our website, [&hellip;]<\/p>","protected":false},"author":1,"featured_media":0,"parent":0,"menu_order":0,"comment_status":"closed","ping_status":"closed","template":"","meta":{"footnotes":""},"class_list":["post-1083","page","type-page","status-publish","hentry"],"yoast_head":"<!-- This site is optimized with the Yoast SEO plugin v23.4 - https:\/\/yoast.com\/wordpress\/plugins\/seo\/ -->\n<title>Greenhouse Construction Materials and Equipment Supplier - Beijing Fenglong - PRIVACY POLICY<\/title>\n<meta name=\"description\" content=\"Greenhouse Film, Wiggle Wire,Greenhouse Roll up motor, Greenhouse circulation fan, Greenhouse screening system product. - Greenhouse Construction Materials and Equipment Supplier - Beijing Fenglong\" \/>\n<meta name=\"robots\" content=\"index, follow, max-snippet:-1, max-image-preview:large, max-video-preview:-1\" \/>\n<link rel=\"canonical\" href=\"https:\/\/www.wigglewires.com\/fr\/privacy-policy\/\" \/>\n<meta property=\"og:locale\" content=\"fr_CA\" \/>\n<meta property=\"og:type\" content=\"article\" \/>\n<meta property=\"og:title\" content=\"Greenhouse Construction Materials and Equipment Supplier - Beijing Fenglong - PRIVACY POLICY\" \/>\n<meta property=\"og:description\" content=\"Greenhouse Film, Wiggle Wire,Greenhouse Roll up motor, Greenhouse circulation fan, Greenhouse screening system product. - Greenhouse Construction Materials and Equipment Supplier - Beijing Fenglong\" \/>\n<meta property=\"og:url\" content=\"https:\/\/www.wigglewires.com\/fr\/privacy-policy\/\" \/>\n<meta property=\"og:site_name\" content=\"Greenhouse Construction Materials and Equipment Supplier - Beijing Fenglong\" \/>\n<meta property=\"article:modified_time\" content=\"2025-02-21T03:11:00+00:00\" \/>\n<meta name=\"twitter:card\" content=\"summary_large_image\" \/>\n<meta name=\"twitter:label1\" content=\"Estimation du temps de lecture\" \/>\n\t<meta name=\"twitter:data1\" content=\"5 minutes\" \/>\n<script type=\"application\/ld+json\" class=\"yoast-schema-graph\">{\"@context\":\"https:\/\/schema.org\",\"@graph\":[{\"@type\":\"WebPage\",\"@id\":\"https:\/\/www.wigglewires.com\/privacy-policy\/\",\"url\":\"https:\/\/www.wigglewires.com\/privacy-policy\/\",\"name\":\"Greenhouse Construction Materials and Equipment Supplier - Beijing Fenglong - PRIVACY POLICY\",\"isPartOf\":{\"@id\":\"https:\/\/www.wigglewires.com\/gu\/#website\"},\"datePublished\":\"2024-10-21T03:36:37+00:00\",\"dateModified\":\"2025-02-21T03:11:00+00:00\",\"description\":\"Greenhouse Film, Wiggle Wire,Greenhouse Roll up motor, Greenhouse circulation fan, Greenhouse screening system product. - Greenhouse Construction Materials and Equipment Supplier - Beijing Fenglong\",\"breadcrumb\":{\"@id\":\"https:\/\/www.wigglewires.com\/privacy-policy\/#breadcrumb\"},\"inLanguage\":\"fr-CA\",\"potentialAction\":[{\"@type\":\"ReadAction\",\"target\":[\"https:\/\/www.wigglewires.com\/privacy-policy\/\"]}]},{\"@type\":\"BreadcrumbList\",\"@id\":\"https:\/\/www.wigglewires.com\/privacy-policy\/#breadcrumb\",\"itemListElement\":[{\"@type\":\"ListItem\",\"position\":1,\"name\":\"Home\",\"item\":\"https:\/\/www.wigglewires.com\/gu\/\"},{\"@type\":\"ListItem\",\"position\":2,\"name\":\"PRIVACY POLICY\"}]},{\"@type\":\"WebSite\",\"@id\":\"https:\/\/www.wigglewires.com\/gu\/#website\",\"url\":\"https:\/\/www.wigglewires.com\/gu\/\",\"name\":\"Fujian Quanzhou Xinyuhuang trading Co., LTD\",\"description\":\"Greenhouse Construction Materials and Equipment Supplier - Beijing Fenglong\",\"publisher\":{\"@id\":\"https:\/\/www.wigglewires.com\/gu\/#organization\"},\"potentialAction\":[{\"@type\":\"SearchAction\",\"target\":{\"@type\":\"EntryPoint\",\"urlTemplate\":\"https:\/\/www.wigglewires.com\/gu\/?s={search_term_string}\"},\"query-input\":{\"@type\":\"PropertyValueSpecification\",\"valueRequired\":true,\"valueName\":\"search_term_string\"}}],\"inLanguage\":\"fr-CA\"},{\"@type\":\"Organization\",\"@id\":\"https:\/\/www.wigglewires.com\/gu\/#organization\",\"name\":\"Fujian Quanzhou Xinyuhuang trading Co., LTD\",\"url\":\"https:\/\/www.wigglewires.com\/gu\/\",\"logo\":{\"@type\":\"ImageObject\",\"inLanguage\":\"fr-CA\",\"@id\":\"https:\/\/www.wigglewires.com\/gu\/#\/schema\/logo\/image\/\",\"url\":\"https:\/\/www.wigglewires.com\/wp-content\/uploads\/2024\/11\/logo.webp\",\"contentUrl\":\"https:\/\/www.wigglewires.com\/wp-content\/uploads\/2024\/11\/logo.webp\",\"width\":495,\"height\":129,\"caption\":\"Fujian Quanzhou Xinyuhuang trading Co., LTD\"},\"image\":{\"@id\":\"https:\/\/www.wigglewires.com\/gu\/#\/schema\/logo\/image\/\"}}]}<\/script>\n<!-- \/ Yoast SEO plugin. -->","yoast_head_json":{"title":"Greenhouse Construction Materials and Equipment Supplier - Beijing Fenglong - PRIVACY POLICY","description":"Greenhouse Film, Wiggle Wire,Greenhouse Roll up motor, Greenhouse circulation fan, Greenhouse screening system product. - Greenhouse Construction Materials and Equipment Supplier - Beijing Fenglong","robots":{"index":"index","follow":"follow","max-snippet":"max-snippet:-1","max-image-preview":"max-image-preview:large","max-video-preview":"max-video-preview:-1"},"canonical":"https:\/\/www.wigglewires.com\/fr\/privacy-policy\/","og_locale":"fr_CA","og_type":"article","og_title":"Greenhouse Construction Materials and Equipment Supplier - Beijing Fenglong - PRIVACY POLICY","og_description":"Greenhouse Film, Wiggle Wire,Greenhouse Roll up motor, Greenhouse circulation fan, Greenhouse screening system product. - Greenhouse Construction Materials and Equipment Supplier - Beijing Fenglong","og_url":"https:\/\/www.wigglewires.com\/fr\/privacy-policy\/","og_site_name":"Greenhouse Construction Materials and Equipment Supplier - Beijing Fenglong","article_modified_time":"2025-02-21T03:11:00+00:00","twitter_card":"summary_large_image","twitter_misc":{"Estimation du temps de lecture":"5 minutes"},"schema":{"@context":"https:\/\/schema.org","@graph":[{"@type":"WebPage","@id":"https:\/\/www.wigglewires.com\/privacy-policy\/","url":"https:\/\/www.wigglewires.com\/privacy-policy\/","name":"Greenhouse Construction Materials and Equipment Supplier - Beijing Fenglong - PRIVACY POLICY","isPartOf":{"@id":"https:\/\/www.wigglewires.com\/gu\/#website"},"datePublished":"2024-10-21T03:36:37+00:00","dateModified":"2025-02-21T03:11:00+00:00","description":"Greenhouse Film, Wiggle Wire,Greenhouse Roll up motor, Greenhouse circulation fan, Greenhouse screening system product. - Greenhouse Construction Materials and Equipment Supplier - Beijing Fenglong","breadcrumb":{"@id":"https:\/\/www.wigglewires.com\/privacy-policy\/#breadcrumb"},"inLanguage":"fr-CA","potentialAction":[{"@type":"ReadAction","target":["https:\/\/www.wigglewires.com\/privacy-policy\/"]}]},{"@type":"BreadcrumbList","@id":"https:\/\/www.wigglewires.com\/privacy-policy\/#breadcrumb","itemListElement":[{"@type":"ListItem","position":1,"name":"Home","item":"https:\/\/www.wigglewires.com\/gu\/"},{"@type":"ListItem","position":2,"name":"PRIVACY POLICY"}]},{"@type":"WebSite","@id":"https:\/\/www.wigglewires.com\/gu\/#website","url":"https:\/\/www.wigglewires.com\/gu\/","name":"Fujian Quanzhou Xinyuhuang trading Co., LTD","description":"Greenhouse Construction Materials and Equipment Supplier - Beijing Fenglong","publisher":{"@id":"https:\/\/www.wigglewires.com\/gu\/#organization"},"potentialAction":[{"@type":"SearchAction","target":{"@type":"EntryPoint","urlTemplate":"https:\/\/www.wigglewires.com\/gu\/?s={search_term_string}"},"query-input":{"@type":"PropertyValueSpecification","valueRequired":true,"valueName":"search_term_string"}}],"inLanguage":"fr-CA"},{"@type":"Organization","@id":"https:\/\/www.wigglewires.com\/gu\/#organization","name":"Fujian Quanzhou Xinyuhuang trading Co., LTD","url":"https:\/\/www.wigglewires.com\/gu\/","logo":{"@type":"ImageObject","inLanguage":"fr-CA","@id":"https:\/\/www.wigglewires.com\/gu\/#\/schema\/logo\/image\/","url":"https:\/\/www.wigglewires.com\/wp-content\/uploads\/2024\/11\/logo.webp","contentUrl":"https:\/\/www.wigglewires.com\/wp-content\/uploads\/2024\/11\/logo.webp","width":495,"height":129,"caption":"Fujian Quanzhou Xinyuhuang trading Co., LTD"},"image":{"@id":"https:\/\/www.wigglewires.com\/gu\/#\/schema\/logo\/image\/"}}]}},"_links":{"self":[{"href":"https:\/\/www.wigglewires.com\/fr\/wp-json\/wp\/v2\/pages\/1083"}],"collection":[{"href":"https:\/\/www.wigglewires.com\/fr\/wp-json\/wp\/v2\/pages"}],"about":[{"href":"https:\/\/www.wigglewires.com\/fr\/wp-json\/wp\/v2\/types\/page"}],"author":[{"embeddable":true,"href":"https:\/\/www.wigglewires.com\/fr\/wp-json\/wp\/v2\/users\/1"}],"replies":[{"embeddable":true,"href":"https:\/\/www.wigglewires.com\/fr\/wp-json\/wp\/v2\/comments?post=1083"}],"version-history":[{"count":6,"href":"https:\/\/www.wigglewires.com\/fr\/wp-json\/wp\/v2\/pages\/1083\/revisions"}],"predecessor-version":[{"id":2572,"href":"https:\/\/www.wigglewires.com\/fr\/wp-json\/wp\/v2\/pages\/1083\/revisions\/2572"}],"wp:attachment":[{"href":"https:\/\/www.wigglewires.com\/fr\/wp-json\/wp\/v2\/media?parent=1083"}],"curies":[{"name":"wp","href":"https:\/\/api.w.org\/{rel}","templated":true}]}}