{"id":2279,"date":"2024-11-16T05:46:18","date_gmt":"2024-11-16T05:46:18","guid":{"rendered":"http:\/\/www.wigglewires.com\/?page_id=2279"},"modified":"2026-04-25T03:55:07","modified_gmt":"2026-04-25T03:55:07","slug":"service","status":"publish","type":"page","link":"https:\/\/www.wigglewires.com\/fr\/service\/","title":{"rendered":"SERVICE"},"content":{"rendered":"<div class=\"path_bar\">\n        <div class=\"layout\" style=\"margin-bottom:30px\">\n            <ul>\n                <li><a href=\"\/\">Accueil<\/a><\/li>\n                <li><a href=\"\">Service<\/a><\/li>\n            <\/ul>\n        <\/div>\n    <\/div>\n\n\n\n<div id=\"img-body\" style=\"margin-top:35px\">\n  <div class=\"layout\">\n\n<div class=\"bg\" >\n<h3>Soutien et service<\/h3>\n<\/div>\n<\/div>\n\n\n\n<\/div>\n\n<style>\n\n\n\n<\/style>\n\n\n\n<div id=\"icon-contact\" style=\"margin-top:35px;margin-bottom:45px\">\n        <div class=\"layout\">\n            <ul class=\"ic-list\">\n                \n                  \n              <li style=\"text-align:center;\">\n              <a href=\"\/global-sales-map\/\"><img decoding=\"async\" src=\"\/wp-content\/uploads\/2024\/11\/truck-fill.png\" class=\"social-icon\">\n             <h2>Carte mondiale<\/h2>\n              <p>Nos produits sont utilis\u00e9s par des clients dans 64 pays du monde entier.<\/p><\/a>\n               <\/li>\n <li style=\"text-align:center;\">\n             <a href=\"\/download\/\" ><img decoding=\"async\" src=\"\/wp-content\/uploads\/2024\/11\/download-1.png\" class=\"social-icon\">\n              <h2>T\u00e9l\u00e9chargements<\/h2>\n              <p>Si n\u00e9cessaire, veuillez t\u00e9l\u00e9charger notre nouveau catalogue et nos manuels d'utilisation.<\/p><a>\n               <\/li>\n <li style=\"text-align:center;\">\n            <a href=\"\/faq-2\/\"><img decoding=\"async\" src=\"\/wp-content\/uploads\/2024\/11\/Faq.png\" class=\"social-icon\">\n              <h2>FAQ<\/h2>\n              <p>Veuillez d'abord consulter les FAQ si vous avez des questions.<\/p><\/a>\n               <\/li>\n \n\n            <\/ul>\n        <\/div>\n    <\/div>\n\n<style>\n@media screen and (min-width:981px){\n#icon-contact .ic-list{\ndisplay:flex;\njustify-content:space-between;\nlist-style:none!important\n}\n#icon-contact .ic-list li{\n\nwidth:25%;\nmargin-bottom:20px\n}\n\n}\n#icon-contact .ic-list li{\n\nmargin-bottom:20px\n}\n#icon-contact .ic-list li span{\nmargin-bottom: 20px;\nfont-size:55px;\nwidth:auto!important;\nheight:auto!important\n}\n#icon-contact .ic-list{\nlist-style:none!important\n}\n.ic-list h2{\ncolor:#d3b900\n\n}\n\n<\/style>\n\n\n\n<style>\nhtml body article header h1 {\n    text-align: center!important;\n    font-size: 30px!important;\n}\n\n\n\n<\/style>","protected":false},"excerpt":{"rendered":"<p>Home Service Support and Service Global Map Our products have been serving customers in 64 countries worldwide. Downloads If needed, Please download our new catalog and user manuals. FAQs Please check FAQs first if you have any question.<\/p>","protected":false},"author":1,"featured_media":0,"parent":0,"menu_order":0,"comment_status":"closed","ping_status":"closed","template":"","meta":{"footnotes":""},"class_list":["post-2279","page","type-page","status-publish","hentry"],"yoast_head":"<!-- This site is optimized with the Yoast SEO plugin v23.4 - https:\/\/yoast.com\/wordpress\/plugins\/seo\/ -->\n<title>Greenhouse Technical Support &amp; OEM Services | Beijing Fenglong Hitech<\/title>\n<meta name=\"description\" content=\"Get expert technical support and customized services from Beijing Fenglong Hitech. We offer comprehensive greenhouse solutions, including OEM\/ODM manufacturing, system design, and global after-sales support for VINIPET\u00ae and KINGZO\u00ae products. Partner with us for 25 years of industry expertise.\" \/>\n<meta name=\"robots\" content=\"index, follow, max-snippet:-1, max-image-preview:large, max-video-preview:-1\" \/>\n<link rel=\"canonical\" href=\"https:\/\/www.wigglewires.com\/fr\/service\/\" \/>\n<meta property=\"og:locale\" content=\"fr_CA\" \/>\n<meta property=\"og:type\" content=\"article\" \/>\n<meta property=\"og:title\" content=\"Greenhouse Technical Support &amp; OEM Services | Beijing Fenglong Hitech\" \/>\n<meta property=\"og:description\" content=\"Get expert technical support and customized services from Beijing Fenglong Hitech. We offer comprehensive greenhouse solutions, including OEM\/ODM manufacturing, system design, and global after-sales support for VINIPET\u00ae and KINGZO\u00ae products. Partner with us for 25 years of industry expertise.\" \/>\n<meta property=\"og:url\" content=\"https:\/\/www.wigglewires.com\/fr\/service\/\" \/>\n<meta property=\"og:site_name\" content=\"Professional Greenhouse Fastening &amp; Ventilation Systems\" \/>\n<meta property=\"article:publisher\" content=\"https:\/\/www.facebook.com\/beijingfenglong\" \/>\n<meta property=\"article:modified_time\" content=\"2026-04-25T03:55:07+00:00\" \/>\n<meta property=\"og:image\" content=\"https:\/\/www.wigglewires.com\/wp-content\/uploads\/2024\/11\/banner1.webp\" \/>\n\t<meta property=\"og:image:width\" content=\"1920\" \/>\n\t<meta property=\"og:image:height\" content=\"850\" \/>\n\t<meta property=\"og:image:type\" content=\"image\/webp\" \/>\n<meta name=\"twitter:card\" content=\"summary_large_image\" \/>\n<meta name=\"twitter:site\" content=\"@wigglewires\" \/>\n<meta name=\"twitter:label1\" content=\"Estimation du temps de lecture\" \/>\n\t<meta name=\"twitter:data1\" content=\"1 minute\" \/>\n<script type=\"application\/ld+json\" class=\"yoast-schema-graph\">{\"@context\":\"https:\/\/schema.org\",\"@graph\":[{\"@type\":\"WebPage\",\"@id\":\"https:\/\/www.wigglewires.com\/service\/\",\"url\":\"https:\/\/www.wigglewires.com\/service\/\",\"name\":\"Greenhouse Technical Support & OEM Services | Beijing Fenglong Hitech\",\"isPartOf\":{\"@id\":\"https:\/\/www.wigglewires.com\/#website\"},\"datePublished\":\"2024-11-16T05:46:18+00:00\",\"dateModified\":\"2026-04-25T03:55:07+00:00\",\"description\":\"Get expert technical support and customized services from Beijing Fenglong Hitech. We offer comprehensive greenhouse solutions, including OEM\/ODM manufacturing, system design, and global after-sales support for VINIPET\u00ae and KINGZO\u00ae products. Partner with us for 25 years of industry expertise.\",\"breadcrumb\":{\"@id\":\"https:\/\/www.wigglewires.com\/service\/#breadcrumb\"},\"inLanguage\":\"fr-CA\",\"potentialAction\":[{\"@type\":\"ReadAction\",\"target\":[\"https:\/\/www.wigglewires.com\/service\/\"]}]},{\"@type\":\"BreadcrumbList\",\"@id\":\"https:\/\/www.wigglewires.com\/service\/#breadcrumb\",\"itemListElement\":[{\"@type\":\"ListItem\",\"position\":1,\"name\":\"Home\",\"item\":\"https:\/\/www.wigglewires.com\/\"},{\"@type\":\"ListItem\",\"position\":2,\"name\":\"SERVICE\"}]},{\"@type\":\"WebSite\",\"@id\":\"https:\/\/www.wigglewires.com\/#website\",\"url\":\"https:\/\/www.wigglewires.com\/\",\"name\":\"Beijing Fenglong Hitech Co., Ltd.\",\"description\":\"Fenglong Greenhouse\",\"publisher\":{\"@id\":\"https:\/\/www.wigglewires.com\/#organization\"},\"potentialAction\":[{\"@type\":\"SearchAction\",\"target\":{\"@type\":\"EntryPoint\",\"urlTemplate\":\"https:\/\/www.wigglewires.com\/?s={search_term_string}\"},\"query-input\":{\"@type\":\"PropertyValueSpecification\",\"valueRequired\":true,\"valueName\":\"search_term_string\"}}],\"inLanguage\":\"fr-CA\"},{\"@type\":\"Organization\",\"@id\":\"https:\/\/www.wigglewires.com\/#organization\",\"name\":\"Beijing Fenglong Hitech Co., Ltd.\",\"url\":\"https:\/\/www.wigglewires.com\/\",\"logo\":{\"@type\":\"ImageObject\",\"inLanguage\":\"fr-CA\",\"@id\":\"https:\/\/www.wigglewires.com\/#\/schema\/logo\/image\/\",\"url\":\"https:\/\/www.wigglewires.com\/wp-content\/uploads\/2024\/11\/logo.webp\",\"contentUrl\":\"https:\/\/www.wigglewires.com\/wp-content\/uploads\/2024\/11\/logo.webp\",\"width\":495,\"height\":129,\"caption\":\"Beijing Fenglong Hitech Co., Ltd.\"},\"image\":{\"@id\":\"https:\/\/www.wigglewires.com\/#\/schema\/logo\/image\/\"},\"sameAs\":[\"https:\/\/www.facebook.com\/beijingfenglong\",\"https:\/\/x.com\/wigglewires\",\"https:\/\/www.linkedin.com\/company\/beijingfenglonghitech\",\"https:\/\/www.youtube.com\/channel\/UCSPhbl2y0m3wTd_6EqhZpRQ?view_as=subscriber\"]}]}<\/script>\n<!-- \/ Yoast SEO plugin. -->","yoast_head_json":{"title":"Greenhouse Technical Support & OEM Services | Beijing Fenglong Hitech","description":"Get expert technical support and customized services from Beijing Fenglong Hitech. We offer comprehensive greenhouse solutions, including OEM\/ODM manufacturing, system design, and global after-sales support for VINIPET\u00ae and KINGZO\u00ae products. Partner with us for 25 years of industry expertise.","robots":{"index":"index","follow":"follow","max-snippet":"max-snippet:-1","max-image-preview":"max-image-preview:large","max-video-preview":"max-video-preview:-1"},"canonical":"https:\/\/www.wigglewires.com\/fr\/service\/","og_locale":"fr_CA","og_type":"article","og_title":"Greenhouse Technical Support & OEM Services | Beijing Fenglong Hitech","og_description":"Get expert technical support and customized services from Beijing Fenglong Hitech. We offer comprehensive greenhouse solutions, including OEM\/ODM manufacturing, system design, and global after-sales support for VINIPET\u00ae and KINGZO\u00ae products. Partner with us for 25 years of industry expertise.","og_url":"https:\/\/www.wigglewires.com\/fr\/service\/","og_site_name":"Professional Greenhouse Fastening &amp; Ventilation Systems","article_publisher":"https:\/\/www.facebook.com\/beijingfenglong","article_modified_time":"2026-04-25T03:55:07+00:00","og_image":[{"width":1920,"height":850,"url":"https:\/\/www.wigglewires.com\/wp-content\/uploads\/2024\/11\/banner1.webp","type":"image\/webp"}],"twitter_card":"summary_large_image","twitter_site":"@wigglewires","twitter_misc":{"Estimation du temps de lecture":"1 minute"},"schema":{"@context":"https:\/\/schema.org","@graph":[{"@type":"WebPage","@id":"https:\/\/www.wigglewires.com\/service\/","url":"https:\/\/www.wigglewires.com\/service\/","name":"Greenhouse Technical Support & OEM Services | Beijing Fenglong Hitech","isPartOf":{"@id":"https:\/\/www.wigglewires.com\/#website"},"datePublished":"2024-11-16T05:46:18+00:00","dateModified":"2026-04-25T03:55:07+00:00","description":"Get expert technical support and customized services from Beijing Fenglong Hitech. We offer comprehensive greenhouse solutions, including OEM\/ODM manufacturing, system design, and global after-sales support for VINIPET\u00ae and KINGZO\u00ae products. Partner with us for 25 years of industry expertise.","breadcrumb":{"@id":"https:\/\/www.wigglewires.com\/service\/#breadcrumb"},"inLanguage":"fr-CA","potentialAction":[{"@type":"ReadAction","target":["https:\/\/www.wigglewires.com\/service\/"]}]},{"@type":"BreadcrumbList","@id":"https:\/\/www.wigglewires.com\/service\/#breadcrumb","itemListElement":[{"@type":"ListItem","position":1,"name":"Home","item":"https:\/\/www.wigglewires.com\/"},{"@type":"ListItem","position":2,"name":"SERVICE"}]},{"@type":"WebSite","@id":"https:\/\/www.wigglewires.com\/#website","url":"https:\/\/www.wigglewires.com\/","name":"Beijing Fenglong Hitech Co., Ltd.","description":"Fenglong Greenhouse","publisher":{"@id":"https:\/\/www.wigglewires.com\/#organization"},"potentialAction":[{"@type":"SearchAction","target":{"@type":"EntryPoint","urlTemplate":"https:\/\/www.wigglewires.com\/?s={search_term_string}"},"query-input":{"@type":"PropertyValueSpecification","valueRequired":true,"valueName":"search_term_string"}}],"inLanguage":"fr-CA"},{"@type":"Organization","@id":"https:\/\/www.wigglewires.com\/#organization","name":"Beijing Fenglong Hitech Co., Ltd.","url":"https:\/\/www.wigglewires.com\/","logo":{"@type":"ImageObject","inLanguage":"fr-CA","@id":"https:\/\/www.wigglewires.com\/#\/schema\/logo\/image\/","url":"https:\/\/www.wigglewires.com\/wp-content\/uploads\/2024\/11\/logo.webp","contentUrl":"https:\/\/www.wigglewires.com\/wp-content\/uploads\/2024\/11\/logo.webp","width":495,"height":129,"caption":"Beijing Fenglong Hitech Co., Ltd."},"image":{"@id":"https:\/\/www.wigglewires.com\/#\/schema\/logo\/image\/"},"sameAs":["https:\/\/www.facebook.com\/beijingfenglong","https:\/\/x.com\/wigglewires","https:\/\/www.linkedin.com\/company\/beijingfenglonghitech","https:\/\/www.youtube.com\/channel\/UCSPhbl2y0m3wTd_6EqhZpRQ?view_as=subscriber"]}]}},"_links":{"self":[{"href":"https:\/\/www.wigglewires.com\/fr\/wp-json\/wp\/v2\/pages\/2279"}],"collection":[{"href":"https:\/\/www.wigglewires.com\/fr\/wp-json\/wp\/v2\/pages"}],"about":[{"href":"https:\/\/www.wigglewires.com\/fr\/wp-json\/wp\/v2\/types\/page"}],"author":[{"embeddable":true,"href":"https:\/\/www.wigglewires.com\/fr\/wp-json\/wp\/v2\/users\/1"}],"replies":[{"embeddable":true,"href":"https:\/\/www.wigglewires.com\/fr\/wp-json\/wp\/v2\/comments?post=2279"}],"version-history":[{"count":37,"href":"https:\/\/www.wigglewires.com\/fr\/wp-json\/wp\/v2\/pages\/2279\/revisions"}],"predecessor-version":[{"id":2577,"href":"https:\/\/www.wigglewires.com\/fr\/wp-json\/wp\/v2\/pages\/2279\/revisions\/2577"}],"wp:attachment":[{"href":"https:\/\/www.wigglewires.com\/fr\/wp-json\/wp\/v2\/media?parent=2279"}],"curies":[{"name":"wp","href":"https:\/\/api.w.org\/{rel}","templated":true}]}}