{"id":2334,"date":"2024-11-16T06:50:21","date_gmt":"2024-11-16T06:50:21","guid":{"rendered":"http:\/\/www.wigglewires.com\/?page_id=2334"},"modified":"2025-02-21T03:09:58","modified_gmt":"2025-02-21T03:09:58","slug":"download","status":"publish","type":"page","link":"https:\/\/www.wigglewires.com\/fr\/download\/","title":{"rendered":"T\u00c9L\u00c9CHARGER"},"content":{"rendered":"<div class=\"path_bar\">\n        <div class=\"layout\" style=\"margin-bottom:30px\">\n            <ul>\n                <li><a href=\"\/\">Accueil<\/a><\/li>\n                <li><a href=\"\">T\u00e9l\u00e9charger<\/a><\/li>\n            <\/ul>\n        <\/div>\n    <\/div>\n\n\n\n<div id=\"img-body\" style=\"margin-top:35px;margin-bottom:45px\">\n  <div class=\"layout\">\n<div class=\"tw\">\n<a href=\"\/wp-content\/uploads\/2024\/11\/E-catalog-of-Beijing-Fenglong-2021.pdf\" target=\"_blank\" rel=\"noopener\">\n<img decoding=\"async\" src=\"\/wp-content\/uploads\/2024\/11\/PDFicon.webp\" >\n<p>Catalogue des produits 2021<\/p>\n<button>T\u00c9L\u00c9CHARGER<\/button>\n<\/a>\n<a href=\"\/wp-content\/uploads\/2024\/11\/3GG-Gear-Motor-scaled.webp\">\n<img decoding=\"async\" src=\"\/wp-content\/uploads\/2024\/11\/timg.webp\" >\n<p>Moteur \u00e0 engrenages 3GG<\/p>\n<button>T\u00c9L\u00c9CHARGER<\/button>\n<\/a>\n<a href=\"\/wp-content\/uploads\/2024\/11\/User-Manual-of-3GG-Gear-Motor.pdf\" target=\"_blank\" rel=\"noopener\">\n<img decoding=\"async\" src=\"\/wp-content\/uploads\/2024\/11\/PDFicon.webp\" >\n<p>Manuel d'utilisation du moteur \u00e0 engrenages 3GG<\/p>\n<button>T\u00c9L\u00c9CHARGER<\/button>\n<\/a>\n<a href=\"\/wp-content\/uploads\/2024\/11\/DC24V-Electric-Film-Reeler-scaled.webp\">\n<img decoding=\"async\" src=\"\/wp-content\/uploads\/2024\/11\/timg.webp\" >\n<p>D\u00e9rouleuse de film \u00e9lectrique DC24V<\/p>\n<button>T\u00c9L\u00c9CHARGER<\/button>\n<\/a>\n<a href=\"\/wp-content\/uploads\/2024\/11\/AC220V-Electric-Film-Reeler-scaled.webp\">\n<img decoding=\"async\" src=\"\/wp-content\/uploads\/2024\/11\/timg.webp\" >\n<p>AV220V Manivelle \u00e9lectrique pour film<\/p>\n<button>T\u00c9L\u00c9CHARGER<\/button>\n<\/a>\n<a href=\"\/wp-content\/uploads\/2024\/11\/120W-Dual-Shaft-Electric-Film-Reeler-scaled.webp\">\n<img decoding=\"async\" src=\"\/wp-content\/uploads\/2024\/11\/timg.webp\" >\n<p>D\u00e9rouleur de film \u00e9lectrique \u00e0 deux arbres 120W<\/p>\n<button>T\u00c9L\u00c9CHARGER<\/button>\n<\/a>\n<a href=\"\/wp-content\/uploads\/2024\/11\/B5B-Series-Wiggle-Wire-scaled.webp\">\n<img decoding=\"async\" src=\"\/wp-content\/uploads\/2024\/11\/timg.webp\" >\n<p>B5B Fil d'acier ondul\u00e9 de la s\u00e9rie blanche<\/p>\n<button>T\u00c9L\u00c9CHARGER<\/button>\n<\/a>\n<a href=\"\/wp-content\/uploads\/2024\/11\/B6-Series-Galvanized-Wiggle-Wire-scaled.webp\">\n<img decoding=\"async\" src=\"\/wp-content\/uploads\/2024\/11\/timg.webp\" >\n<p>S\u00e9rie B6 Fil d'acier galvanis\u00e9 \u00e0 perles<\/p>\n<button>T\u00c9L\u00c9CHARGER<\/button>\n<\/a>\n<a href=\"\/wp-content\/uploads\/2024\/11\/FLC-Circulation-Fan-User-Manual.pdf\" target=\"_blank\" rel=\"noopener\">\n<img decoding=\"async\" src=\"\/wp-content\/uploads\/2024\/11\/PDFicon.webp\" >\n<p>Ventilateur de circulation FLC<\/p>\n<button>T\u00c9L\u00c9CHARGER<\/button>\n<\/a>\n<\/div>\n<\/div>\n<\/div>\n\n<\/div>\n\n\n\n<style>\nhtml body article header h1{\n    text-align: center!important;\n    font-size: 30px!important;\n}\n\n\n\n\n<\/style>\n\n\n\n<p><\/p>","protected":false},"excerpt":{"rendered":"<p>Home Download Product Catalog 2021 DOWNLOAD 3GG Gear Motor DOWNLOAD User Manual Of 3GG Gear Motor DOWNLOAD DC24V Electric Film Reeler DOWNLOAD AV220V Electric Film Crank DOWNLOAD 120W-Dual-Shaft-Electric-Film-Reeler DOWNLOAD B5B White Series Wiggle Wire DOWNLOAD B6 Series Galvanized Wiggle Wire DOWNLOAD FLC Circulation Fan DOWNLOAD<\/p>","protected":false},"author":1,"featured_media":0,"parent":0,"menu_order":0,"comment_status":"closed","ping_status":"closed","template":"","meta":{"footnotes":""},"class_list":["post-2334","page","type-page","status-publish","hentry"],"yoast_head":"<!-- This site is optimized with the Yoast SEO plugin v23.4 - https:\/\/yoast.com\/wordpress\/plugins\/seo\/ -->\n<title>Professional Greenhouse Fastening &amp; Ventilation Systems - DOWNLOAD<\/title>\n<meta name=\"description\" content=\"Greenhouse Film, Wiggle Wire,Greenhouse Roll up motor, Greenhouse circulation fan, Greenhouse screening system product. - Professional Greenhouse Fastening &amp; Ventilation Systems\" \/>\n<meta name=\"robots\" content=\"index, follow, max-snippet:-1, max-image-preview:large, max-video-preview:-1\" \/>\n<link rel=\"canonical\" href=\"https:\/\/www.wigglewires.com\/fr\/download\/\" \/>\n<meta property=\"og:locale\" content=\"fr_CA\" \/>\n<meta property=\"og:type\" content=\"article\" \/>\n<meta property=\"og:title\" content=\"Professional Greenhouse Fastening &amp; Ventilation Systems - DOWNLOAD\" \/>\n<meta property=\"og:description\" content=\"Greenhouse Film, Wiggle Wire,Greenhouse Roll up motor, Greenhouse circulation fan, Greenhouse screening system product. - Professional Greenhouse Fastening &amp; Ventilation Systems\" \/>\n<meta property=\"og:url\" content=\"https:\/\/www.wigglewires.com\/fr\/download\/\" \/>\n<meta property=\"og:site_name\" content=\"Professional Greenhouse Fastening &amp; Ventilation Systems\" \/>\n<meta property=\"article:publisher\" content=\"https:\/\/www.facebook.com\/beijingfenglong\" \/>\n<meta property=\"article:modified_time\" content=\"2025-02-21T03:09:58+00:00\" \/>\n<meta property=\"og:image\" content=\"https:\/\/www.wigglewires.com\/wp-content\/uploads\/2024\/11\/banner1.webp\" \/>\n\t<meta property=\"og:image:width\" content=\"1920\" \/>\n\t<meta property=\"og:image:height\" content=\"850\" \/>\n\t<meta property=\"og:image:type\" content=\"image\/webp\" \/>\n<meta name=\"twitter:card\" content=\"summary_large_image\" \/>\n<meta name=\"twitter:site\" content=\"@wigglewires\" \/>\n<meta name=\"twitter:label1\" content=\"Estimation du temps de lecture\" \/>\n\t<meta name=\"twitter:data1\" content=\"2 minutes\" \/>\n<script type=\"application\/ld+json\" class=\"yoast-schema-graph\">{\"@context\":\"https:\/\/schema.org\",\"@graph\":[{\"@type\":\"WebPage\",\"@id\":\"https:\/\/www.wigglewires.com\/download\/\",\"url\":\"https:\/\/www.wigglewires.com\/download\/\",\"name\":\"Professional Greenhouse Fastening &amp; Ventilation Systems - DOWNLOAD\",\"isPartOf\":{\"@id\":\"https:\/\/www.wigglewires.com\/#website\"},\"datePublished\":\"2024-11-16T06:50:21+00:00\",\"dateModified\":\"2025-02-21T03:09:58+00:00\",\"description\":\"Greenhouse Film, Wiggle Wire,Greenhouse Roll up motor, Greenhouse circulation fan, Greenhouse screening system product. - Professional Greenhouse Fastening &amp; Ventilation Systems\",\"breadcrumb\":{\"@id\":\"https:\/\/www.wigglewires.com\/download\/#breadcrumb\"},\"inLanguage\":\"fr-CA\",\"potentialAction\":[{\"@type\":\"ReadAction\",\"target\":[\"https:\/\/www.wigglewires.com\/download\/\"]}]},{\"@type\":\"BreadcrumbList\",\"@id\":\"https:\/\/www.wigglewires.com\/download\/#breadcrumb\",\"itemListElement\":[{\"@type\":\"ListItem\",\"position\":1,\"name\":\"Home\",\"item\":\"https:\/\/www.wigglewires.com\/\"},{\"@type\":\"ListItem\",\"position\":2,\"name\":\"DOWNLOAD\"}]},{\"@type\":\"WebSite\",\"@id\":\"https:\/\/www.wigglewires.com\/#website\",\"url\":\"https:\/\/www.wigglewires.com\/\",\"name\":\"Beijing Fenglong Hitech Co., Ltd.\",\"description\":\"Fenglong Greenhouse\",\"publisher\":{\"@id\":\"https:\/\/www.wigglewires.com\/#organization\"},\"potentialAction\":[{\"@type\":\"SearchAction\",\"target\":{\"@type\":\"EntryPoint\",\"urlTemplate\":\"https:\/\/www.wigglewires.com\/?s={search_term_string}\"},\"query-input\":{\"@type\":\"PropertyValueSpecification\",\"valueRequired\":true,\"valueName\":\"search_term_string\"}}],\"inLanguage\":\"fr-CA\"},{\"@type\":\"Organization\",\"@id\":\"https:\/\/www.wigglewires.com\/#organization\",\"name\":\"Beijing Fenglong Hitech Co., Ltd.\",\"url\":\"https:\/\/www.wigglewires.com\/\",\"logo\":{\"@type\":\"ImageObject\",\"inLanguage\":\"fr-CA\",\"@id\":\"https:\/\/www.wigglewires.com\/#\/schema\/logo\/image\/\",\"url\":\"https:\/\/www.wigglewires.com\/wp-content\/uploads\/2024\/11\/logo.webp\",\"contentUrl\":\"https:\/\/www.wigglewires.com\/wp-content\/uploads\/2024\/11\/logo.webp\",\"width\":495,\"height\":129,\"caption\":\"Beijing Fenglong Hitech Co., Ltd.\"},\"image\":{\"@id\":\"https:\/\/www.wigglewires.com\/#\/schema\/logo\/image\/\"},\"sameAs\":[\"https:\/\/www.facebook.com\/beijingfenglong\",\"https:\/\/x.com\/wigglewires\",\"https:\/\/www.linkedin.com\/company\/beijingfenglonghitech\",\"https:\/\/www.youtube.com\/channel\/UCSPhbl2y0m3wTd_6EqhZpRQ?view_as=subscriber\"]}]}<\/script>\n<!-- \/ Yoast SEO plugin. -->","yoast_head_json":{"title":"Professional Greenhouse Fastening &amp; Ventilation Systems - DOWNLOAD","description":"Greenhouse Film, Wiggle Wire,Greenhouse Roll up motor, Greenhouse circulation fan, Greenhouse screening system product. - Professional Greenhouse Fastening &amp; Ventilation Systems","robots":{"index":"index","follow":"follow","max-snippet":"max-snippet:-1","max-image-preview":"max-image-preview:large","max-video-preview":"max-video-preview:-1"},"canonical":"https:\/\/www.wigglewires.com\/fr\/download\/","og_locale":"fr_CA","og_type":"article","og_title":"Professional Greenhouse Fastening &amp; Ventilation Systems - DOWNLOAD","og_description":"Greenhouse Film, Wiggle Wire,Greenhouse Roll up motor, Greenhouse circulation fan, Greenhouse screening system product. - Professional Greenhouse Fastening &amp; Ventilation Systems","og_url":"https:\/\/www.wigglewires.com\/fr\/download\/","og_site_name":"Professional Greenhouse Fastening &amp; Ventilation Systems","article_publisher":"https:\/\/www.facebook.com\/beijingfenglong","article_modified_time":"2025-02-21T03:09:58+00:00","og_image":[{"width":1920,"height":850,"url":"https:\/\/www.wigglewires.com\/wp-content\/uploads\/2024\/11\/banner1.webp","type":"image\/webp"}],"twitter_card":"summary_large_image","twitter_site":"@wigglewires","twitter_misc":{"Estimation du temps de lecture":"2 minutes"},"schema":{"@context":"https:\/\/schema.org","@graph":[{"@type":"WebPage","@id":"https:\/\/www.wigglewires.com\/download\/","url":"https:\/\/www.wigglewires.com\/download\/","name":"Professional Greenhouse Fastening &amp; Ventilation Systems - DOWNLOAD","isPartOf":{"@id":"https:\/\/www.wigglewires.com\/#website"},"datePublished":"2024-11-16T06:50:21+00:00","dateModified":"2025-02-21T03:09:58+00:00","description":"Greenhouse Film, Wiggle Wire,Greenhouse Roll up motor, Greenhouse circulation fan, Greenhouse screening system product. - Professional Greenhouse Fastening &amp; Ventilation Systems","breadcrumb":{"@id":"https:\/\/www.wigglewires.com\/download\/#breadcrumb"},"inLanguage":"fr-CA","potentialAction":[{"@type":"ReadAction","target":["https:\/\/www.wigglewires.com\/download\/"]}]},{"@type":"BreadcrumbList","@id":"https:\/\/www.wigglewires.com\/download\/#breadcrumb","itemListElement":[{"@type":"ListItem","position":1,"name":"Home","item":"https:\/\/www.wigglewires.com\/"},{"@type":"ListItem","position":2,"name":"DOWNLOAD"}]},{"@type":"WebSite","@id":"https:\/\/www.wigglewires.com\/#website","url":"https:\/\/www.wigglewires.com\/","name":"Beijing Fenglong Hitech Co., Ltd.","description":"Fenglong Greenhouse","publisher":{"@id":"https:\/\/www.wigglewires.com\/#organization"},"potentialAction":[{"@type":"SearchAction","target":{"@type":"EntryPoint","urlTemplate":"https:\/\/www.wigglewires.com\/?s={search_term_string}"},"query-input":{"@type":"PropertyValueSpecification","valueRequired":true,"valueName":"search_term_string"}}],"inLanguage":"fr-CA"},{"@type":"Organization","@id":"https:\/\/www.wigglewires.com\/#organization","name":"Beijing Fenglong Hitech Co., Ltd.","url":"https:\/\/www.wigglewires.com\/","logo":{"@type":"ImageObject","inLanguage":"fr-CA","@id":"https:\/\/www.wigglewires.com\/#\/schema\/logo\/image\/","url":"https:\/\/www.wigglewires.com\/wp-content\/uploads\/2024\/11\/logo.webp","contentUrl":"https:\/\/www.wigglewires.com\/wp-content\/uploads\/2024\/11\/logo.webp","width":495,"height":129,"caption":"Beijing Fenglong Hitech Co., Ltd."},"image":{"@id":"https:\/\/www.wigglewires.com\/#\/schema\/logo\/image\/"},"sameAs":["https:\/\/www.facebook.com\/beijingfenglong","https:\/\/x.com\/wigglewires","https:\/\/www.linkedin.com\/company\/beijingfenglonghitech","https:\/\/www.youtube.com\/channel\/UCSPhbl2y0m3wTd_6EqhZpRQ?view_as=subscriber"]}]}},"_links":{"self":[{"href":"https:\/\/www.wigglewires.com\/fr\/wp-json\/wp\/v2\/pages\/2334"}],"collection":[{"href":"https:\/\/www.wigglewires.com\/fr\/wp-json\/wp\/v2\/pages"}],"about":[{"href":"https:\/\/www.wigglewires.com\/fr\/wp-json\/wp\/v2\/types\/page"}],"author":[{"embeddable":true,"href":"https:\/\/www.wigglewires.com\/fr\/wp-json\/wp\/v2\/users\/1"}],"replies":[{"embeddable":true,"href":"https:\/\/www.wigglewires.com\/fr\/wp-json\/wp\/v2\/comments?post=2334"}],"version-history":[{"count":12,"href":"https:\/\/www.wigglewires.com\/fr\/wp-json\/wp\/v2\/pages\/2334\/revisions"}],"predecessor-version":[{"id":2571,"href":"https:\/\/www.wigglewires.com\/fr\/wp-json\/wp\/v2\/pages\/2334\/revisions\/2571"}],"wp:attachment":[{"href":"https:\/\/www.wigglewires.com\/fr\/wp-json\/wp\/v2\/media?parent=2334"}],"curies":[{"name":"wp","href":"https:\/\/api.w.org\/{rel}","templated":true}]}}