{"id":2396,"date":"2024-11-16T08:09:50","date_gmt":"2024-11-16T08:09:50","guid":{"rendered":"http:\/\/www.wigglewires.com\/?page_id=2396"},"modified":"2025-02-21T03:12:47","modified_gmt":"2025-02-21T03:12:47","slug":"faq-2","status":"publish","type":"page","link":"https:\/\/www.wigglewires.com\/fr\/faq-2\/","title":{"rendered":"FAQ"},"content":{"rendered":"<div class=\"path_bar\">\n        <div class=\"layout\" style=\"margin-bottom:30px\">\n            <ul>\n                <li><a href=\"\/\">Accueil<\/a><\/li>\n                <li><a href=\"\">FAQ<\/a><\/li>\n            <\/ul>\n        <\/div>\n    <\/div>\n\n\n\n<div id=\"img-body\" style=\"margin-top:35px;margin-bottom:45px\">\n  <div class=\"layout\" style=\"line-height:1.8em\">\n<strong>Comment commander ?<\/strong>\n<p>\u00c9tape 1, veuillez nous indiquer le mod\u00e8le et la quantit\u00e9 dont vous avez besoin ;<br>\n\n\u00c9tape 2, nous vous enverrons un message d'information pour confirmer les d\u00e9tails de la commande ;<br>\n\n\u00c9tape 3 : une fois que tout a \u00e9t\u00e9 confirm\u00e9, le paiement peut \u00eatre organis\u00e9 ;<br>\n\n\u00c9tape 4, enfin, nous livrons les marchandises dans les d\u00e9lais impartis.<br>\n\n<\/p>\n<strong>Quand la livraison sera-t-elle effectu\u00e9e ?<\/strong>\n<p>D\u00e9lai de livraison<br>\n\nCommande d'\u00e9chantillons : 1-3 jours apr\u00e8s r\u00e9ception du paiement int\u00e9gral.<br>\n\nCommande en stock : 3-7 jours apr\u00e8s r\u00e9ception du paiement int\u00e9gral.<br>\n\nCommande OEM : 12-20 jours apr\u00e8s r\u00e9ception de l'acompte.<\/p>\n<strong>Qu'en est-il du service apr\u00e8s-vente ?<\/strong>\n<p>Garantie de 3 ans pour tous les types de moteurs ;<br>\n\nGarantie de 5 ou 6 ans pour tous les types de fils ondul\u00e9s ;<br>\n\nSi vous trouvez des accessoires d\u00e9fectueux la premi\u00e8re fois, nous vous donnerons les nouvelles pi\u00e8ces gratuitement pour les remplacer lors de la prochaine commande. En tant que fabricant exp\u00e9riment\u00e9, vous pouvez \u00eatre assur\u00e9 de la qualit\u00e9 et du service apr\u00e8s-vente.<br>\n\nPaiement<br>\n\nT\/T, L\/C<br>\n\nTransport<br>\n\nTransport\u00e9 par DHL, UPS, EMS, Fedex, fret a\u00e9rien, fret maritime.<\/p>\n<strong>Prenez-vous en charge les livraisons directes ?<\/strong>\n<p>Oui, votre service de livraison directe est disponible.<\/p>\n\n\n\n<\/div>\n<\/div>\n\n\n\n<style>\nhtml body article header h1{\n    text-align: center!important;\n    font-size: 30px!important;\n}\n\n\n\n\n<\/style>","protected":false},"excerpt":{"rendered":"<p>Home FAQ How To Order? Step 1, please tell us what model and quantity you need; Step 2, then we will make a PI for you to confirm the order details; Step 3, when we confirmed everything, can arrange the payment; Step 4, finally we deliver the goods within the stipulated time. When will make [&hellip;]<\/p>","protected":false},"author":1,"featured_media":0,"parent":0,"menu_order":0,"comment_status":"closed","ping_status":"closed","template":"","meta":{"footnotes":""},"class_list":["post-2396","page","type-page","status-publish","hentry"],"yoast_head":"<!-- This site is optimized with the Yoast SEO plugin v23.4 - https:\/\/yoast.com\/wordpress\/plugins\/seo\/ -->\n<title>Professional Greenhouse Fastening &amp; Ventilation Systems - FAQ<\/title>\n<meta name=\"description\" content=\"Greenhouse Film, Wiggle Wire,Greenhouse Roll up motor, Greenhouse circulation fan, Greenhouse screening system product. - Professional Greenhouse Fastening &amp; Ventilation Systems\" \/>\n<meta name=\"robots\" content=\"index, follow, max-snippet:-1, max-image-preview:large, max-video-preview:-1\" \/>\n<link rel=\"canonical\" href=\"https:\/\/www.wigglewires.com\/fr\/faq-2\/\" \/>\n<meta property=\"og:locale\" content=\"fr_CA\" \/>\n<meta property=\"og:type\" content=\"article\" \/>\n<meta property=\"og:title\" content=\"Professional Greenhouse Fastening &amp; Ventilation Systems - FAQ\" \/>\n<meta property=\"og:description\" content=\"Greenhouse Film, Wiggle Wire,Greenhouse Roll up motor, Greenhouse circulation fan, Greenhouse screening system product. - Professional Greenhouse Fastening &amp; Ventilation Systems\" \/>\n<meta property=\"og:url\" content=\"https:\/\/www.wigglewires.com\/fr\/faq-2\/\" \/>\n<meta property=\"og:site_name\" content=\"Professional Greenhouse Fastening &amp; Ventilation Systems\" \/>\n<meta property=\"article:publisher\" content=\"https:\/\/www.facebook.com\/beijingfenglong\" \/>\n<meta property=\"article:modified_time\" content=\"2025-02-21T03:12:47+00:00\" \/>\n<meta property=\"og:image\" content=\"https:\/\/www.wigglewires.com\/wp-content\/uploads\/2024\/11\/banner1.webp\" \/>\n\t<meta property=\"og:image:width\" content=\"1920\" \/>\n\t<meta property=\"og:image:height\" content=\"850\" \/>\n\t<meta property=\"og:image:type\" content=\"image\/webp\" \/>\n<meta name=\"twitter:card\" content=\"summary_large_image\" \/>\n<meta name=\"twitter:site\" content=\"@wigglewires\" \/>\n<meta name=\"twitter:label1\" content=\"Estimation du temps de lecture\" \/>\n\t<meta name=\"twitter:data1\" content=\"1 minute\" \/>\n<script type=\"application\/ld+json\" class=\"yoast-schema-graph\">{\"@context\":\"https:\/\/schema.org\",\"@graph\":[{\"@type\":\"WebPage\",\"@id\":\"https:\/\/www.wigglewires.com\/faq-2\/\",\"url\":\"https:\/\/www.wigglewires.com\/faq-2\/\",\"name\":\"Professional Greenhouse Fastening &amp; Ventilation Systems - FAQ\",\"isPartOf\":{\"@id\":\"https:\/\/www.wigglewires.com\/#website\"},\"datePublished\":\"2024-11-16T08:09:50+00:00\",\"dateModified\":\"2025-02-21T03:12:47+00:00\",\"description\":\"Greenhouse Film, Wiggle Wire,Greenhouse Roll up motor, Greenhouse circulation fan, Greenhouse screening system product. - Professional Greenhouse Fastening &amp; Ventilation Systems\",\"breadcrumb\":{\"@id\":\"https:\/\/www.wigglewires.com\/faq-2\/#breadcrumb\"},\"inLanguage\":\"fr-CA\",\"potentialAction\":[{\"@type\":\"ReadAction\",\"target\":[\"https:\/\/www.wigglewires.com\/faq-2\/\"]}]},{\"@type\":\"BreadcrumbList\",\"@id\":\"https:\/\/www.wigglewires.com\/faq-2\/#breadcrumb\",\"itemListElement\":[{\"@type\":\"ListItem\",\"position\":1,\"name\":\"Home\",\"item\":\"https:\/\/www.wigglewires.com\/\"},{\"@type\":\"ListItem\",\"position\":2,\"name\":\"FAQ\"}]},{\"@type\":\"WebSite\",\"@id\":\"https:\/\/www.wigglewires.com\/#website\",\"url\":\"https:\/\/www.wigglewires.com\/\",\"name\":\"Beijing Fenglong Hitech Co., Ltd.\",\"description\":\"Fenglong Greenhouse\",\"publisher\":{\"@id\":\"https:\/\/www.wigglewires.com\/#organization\"},\"potentialAction\":[{\"@type\":\"SearchAction\",\"target\":{\"@type\":\"EntryPoint\",\"urlTemplate\":\"https:\/\/www.wigglewires.com\/?s={search_term_string}\"},\"query-input\":{\"@type\":\"PropertyValueSpecification\",\"valueRequired\":true,\"valueName\":\"search_term_string\"}}],\"inLanguage\":\"fr-CA\"},{\"@type\":\"Organization\",\"@id\":\"https:\/\/www.wigglewires.com\/#organization\",\"name\":\"Beijing Fenglong Hitech Co., Ltd.\",\"url\":\"https:\/\/www.wigglewires.com\/\",\"logo\":{\"@type\":\"ImageObject\",\"inLanguage\":\"fr-CA\",\"@id\":\"https:\/\/www.wigglewires.com\/#\/schema\/logo\/image\/\",\"url\":\"https:\/\/www.wigglewires.com\/wp-content\/uploads\/2024\/11\/logo.webp\",\"contentUrl\":\"https:\/\/www.wigglewires.com\/wp-content\/uploads\/2024\/11\/logo.webp\",\"width\":495,\"height\":129,\"caption\":\"Beijing Fenglong Hitech Co., Ltd.\"},\"image\":{\"@id\":\"https:\/\/www.wigglewires.com\/#\/schema\/logo\/image\/\"},\"sameAs\":[\"https:\/\/www.facebook.com\/beijingfenglong\",\"https:\/\/x.com\/wigglewires\",\"https:\/\/www.linkedin.com\/company\/beijingfenglonghitech\",\"https:\/\/www.youtube.com\/channel\/UCSPhbl2y0m3wTd_6EqhZpRQ?view_as=subscriber\"]}]}<\/script>\n<!-- \/ Yoast SEO plugin. -->","yoast_head_json":{"title":"Professional Greenhouse Fastening &amp; Ventilation Systems - FAQ","description":"Greenhouse Film, Wiggle Wire,Greenhouse Roll up motor, Greenhouse circulation fan, Greenhouse screening system product. - Professional Greenhouse Fastening &amp; Ventilation Systems","robots":{"index":"index","follow":"follow","max-snippet":"max-snippet:-1","max-image-preview":"max-image-preview:large","max-video-preview":"max-video-preview:-1"},"canonical":"https:\/\/www.wigglewires.com\/fr\/faq-2\/","og_locale":"fr_CA","og_type":"article","og_title":"Professional Greenhouse Fastening &amp; Ventilation Systems - FAQ","og_description":"Greenhouse Film, Wiggle Wire,Greenhouse Roll up motor, Greenhouse circulation fan, Greenhouse screening system product. - Professional Greenhouse Fastening &amp; Ventilation Systems","og_url":"https:\/\/www.wigglewires.com\/fr\/faq-2\/","og_site_name":"Professional Greenhouse Fastening &amp; Ventilation Systems","article_publisher":"https:\/\/www.facebook.com\/beijingfenglong","article_modified_time":"2025-02-21T03:12:47+00:00","og_image":[{"width":1920,"height":850,"url":"https:\/\/www.wigglewires.com\/wp-content\/uploads\/2024\/11\/banner1.webp","type":"image\/webp"}],"twitter_card":"summary_large_image","twitter_site":"@wigglewires","twitter_misc":{"Estimation du temps de lecture":"1 minute"},"schema":{"@context":"https:\/\/schema.org","@graph":[{"@type":"WebPage","@id":"https:\/\/www.wigglewires.com\/faq-2\/","url":"https:\/\/www.wigglewires.com\/faq-2\/","name":"Professional Greenhouse Fastening &amp; Ventilation Systems - FAQ","isPartOf":{"@id":"https:\/\/www.wigglewires.com\/#website"},"datePublished":"2024-11-16T08:09:50+00:00","dateModified":"2025-02-21T03:12:47+00:00","description":"Greenhouse Film, Wiggle Wire,Greenhouse Roll up motor, Greenhouse circulation fan, Greenhouse screening system product. - Professional Greenhouse Fastening &amp; Ventilation Systems","breadcrumb":{"@id":"https:\/\/www.wigglewires.com\/faq-2\/#breadcrumb"},"inLanguage":"fr-CA","potentialAction":[{"@type":"ReadAction","target":["https:\/\/www.wigglewires.com\/faq-2\/"]}]},{"@type":"BreadcrumbList","@id":"https:\/\/www.wigglewires.com\/faq-2\/#breadcrumb","itemListElement":[{"@type":"ListItem","position":1,"name":"Home","item":"https:\/\/www.wigglewires.com\/"},{"@type":"ListItem","position":2,"name":"FAQ"}]},{"@type":"WebSite","@id":"https:\/\/www.wigglewires.com\/#website","url":"https:\/\/www.wigglewires.com\/","name":"Beijing Fenglong Hitech Co., Ltd.","description":"Fenglong Greenhouse","publisher":{"@id":"https:\/\/www.wigglewires.com\/#organization"},"potentialAction":[{"@type":"SearchAction","target":{"@type":"EntryPoint","urlTemplate":"https:\/\/www.wigglewires.com\/?s={search_term_string}"},"query-input":{"@type":"PropertyValueSpecification","valueRequired":true,"valueName":"search_term_string"}}],"inLanguage":"fr-CA"},{"@type":"Organization","@id":"https:\/\/www.wigglewires.com\/#organization","name":"Beijing Fenglong Hitech Co., Ltd.","url":"https:\/\/www.wigglewires.com\/","logo":{"@type":"ImageObject","inLanguage":"fr-CA","@id":"https:\/\/www.wigglewires.com\/#\/schema\/logo\/image\/","url":"https:\/\/www.wigglewires.com\/wp-content\/uploads\/2024\/11\/logo.webp","contentUrl":"https:\/\/www.wigglewires.com\/wp-content\/uploads\/2024\/11\/logo.webp","width":495,"height":129,"caption":"Beijing Fenglong Hitech Co., Ltd."},"image":{"@id":"https:\/\/www.wigglewires.com\/#\/schema\/logo\/image\/"},"sameAs":["https:\/\/www.facebook.com\/beijingfenglong","https:\/\/x.com\/wigglewires","https:\/\/www.linkedin.com\/company\/beijingfenglonghitech","https:\/\/www.youtube.com\/channel\/UCSPhbl2y0m3wTd_6EqhZpRQ?view_as=subscriber"]}]}},"_links":{"self":[{"href":"https:\/\/www.wigglewires.com\/fr\/wp-json\/wp\/v2\/pages\/2396"}],"collection":[{"href":"https:\/\/www.wigglewires.com\/fr\/wp-json\/wp\/v2\/pages"}],"about":[{"href":"https:\/\/www.wigglewires.com\/fr\/wp-json\/wp\/v2\/types\/page"}],"author":[{"embeddable":true,"href":"https:\/\/www.wigglewires.com\/fr\/wp-json\/wp\/v2\/users\/1"}],"replies":[{"embeddable":true,"href":"https:\/\/www.wigglewires.com\/fr\/wp-json\/wp\/v2\/comments?post=2396"}],"version-history":[{"count":6,"href":"https:\/\/www.wigglewires.com\/fr\/wp-json\/wp\/v2\/pages\/2396\/revisions"}],"predecessor-version":[{"id":2574,"href":"https:\/\/www.wigglewires.com\/fr\/wp-json\/wp\/v2\/pages\/2396\/revisions\/2574"}],"wp:attachment":[{"href":"https:\/\/www.wigglewires.com\/fr\/wp-json\/wp\/v2\/media?parent=2396"}],"curies":[{"name":"wp","href":"https:\/\/api.w.org\/{rel}","templated":true}]}}