{"id":2406,"date":"2024-11-16T08:24:33","date_gmt":"2024-11-16T08:24:33","guid":{"rendered":"http:\/\/www.wigglewires.com\/?page_id=2406"},"modified":"2026-05-11T08:55:46","modified_gmt":"2026-05-11T08:55:46","slug":"video","status":"publish","type":"page","link":"https:\/\/www.wigglewires.com\/fr\/video\/","title":{"rendered":"Greenhouse Technology Video Center"},"content":{"rendered":"<div class=\"path_bar\">\n        <div class=\"layout\" style=\"margin-bottom:30px\">\n            <ul>\n                <li><a href=\"\/\">Accueil<\/a><\/li>\n                <li><a href=\"\">Vid\u00e9o<\/a><\/li>\n            <\/ul>\n        <\/div>\n    <\/div>\n\n\n\n<h2 class=\"wp-block-heading has-text-align-center mb2 h22\" style=\"font-size:26px\">Master Greenhouse Technology: Expert Tutorials and Product Demonstrations<\/h2>\n\n\n\n<p class=\"layout\">Gain a competitive edge with Beijing Fenglong\u2019s comprehensive video library. From the precision engineering of our 3GG Gear Motors to the simplified installation of VINIPET\u00ae Wiggle Wires and Kingzo\u00ae Electric Film Reelers, our technical experts show you how to optimize your greenhouse climate and efficiency. Explore our step-by-step guides and find the right solutions for your next protected agriculture project.<\/p>\n\n\n\n<div class=\"index_company_intr ab-com\" style=\"margin-bottom:45px;padding-top:45px\" >\n      <div class=\"layout\">\n        <div class=\"index_bd\">\n          <a href=\"https:\/\/www.wigglewires.com\/about-us\/\"><strong>Vid\u00e9o de Beijing Fenglong Greenhouse Technology Ltd<\/strong><\/a>\n           <iframe loading=\"lazy\" src=\"https:\/\/www.youtube.com\/embed\/fxzZAic8fsg\" width=\"100%\" height=\"380px\" style=\"margin-bottom:20px\"><\/iframe>\n          <div class=\"\">\n           \n               <div class=\"ff\">\n        \n\n                <div>\n <a href=\"https:\/\/www.wigglewires.com\/3gg-gear-motor-category\/\"><strong>Nouvelle g\u00e9n\u00e9ration de moteurs \u00e0 engrenages 3GG pour l'ombrage, la protection solaire et la ventilation<\/strong> <\/a>\n                      <iframe loading=\"lazy\" src=\"https:\/\/www.youtube.com\/embed\/biKW2-sbT0U\" width=\"100%\" height=\"380px\" style=\"margin-bottom:20px\"><\/iframe><\/div>\n             \n                <div>\n\n<a href=\"https:\/\/www.wigglewires.com\/wiggle-wire-category\/\"><strong>Wiggle Wire &amp; Alu. Ou Gar. Canaux et serres \u00e0 double \u00e9tage<\/strong> <\/a>\n                      <iframe loading=\"lazy\" src=\"https:\/\/www.youtube.com\/embed\/G2fs6zx_a9Q\" width=\"100%\" height=\"380px\" style=\"margin-bottom:20px\"><\/iframe><\/div>\n            \n          <\/div>\n            <div class=\"ff\">\n        \n\n                <div>\n<a href=\"https:\/\/www.wigglewires.com\/electric-film-reeler-category\/\"><strong>R\u00e9glages des interrupteurs de fin de course de l'enrouleur de film \u00e9lectrique Kingzo<\/strong> <\/a>\n                      <iframe loading=\"lazy\" src=\"https:\/\/www.youtube.com\/embed\/8Xa76bWLu5Y\" width=\"100%\" height=\"380px\" style=\"margin-bottom:20px\"><\/iframe><\/div>\n             \n             \n                <div>\n<a href=\"https:\/\/www.wigglewires.com\/choose-the-right-plastic-film-for-your-needs-article\/\"><strong>Quel type de serre devriez-vous construire ?<\/strong> <\/a>\n                      <iframe loading=\"lazy\" src=\"https:\/\/www.youtube.com\/embed\/FPjko9DDhcU\" width=\"100%\" height=\"380px\" style=\"margin-bottom:20px\"><\/iframe><\/div>\n              \n            \n          <\/div>\n\n <div class=\"ff\">\n        \n\n                <div>\n\n<a href=\"https:\/\/www.wigglewires.com\/manual-film-reeler-category\/\"><strong>Enrouleur de film manuel FLC\u2122 de BS104<\/strong> <\/a>\n                      <iframe loading=\"lazy\" src=\"https:\/\/www.youtube.com\/embed\/FXJGmy8dL_4\" width=\"100%\" height=\"380px\" style=\"margin-bottom:20px\"><\/iframe><\/div>\n             \n                <div>\n<a href=\"https:\/\/www.wigglewires.com\/manual-film-reeler-category\/\"><strong>Enrouleur de film manuel FLC\u2122 de NS105<\/strong> <\/a>\n                      <iframe loading=\"lazy\" src=\"https:\/\/www.youtube.com\/embed\/3MhoPG0esig\" width=\"100%\" height=\"380px\" style=\"margin-bottom:20px\"><\/iframe><\/div>\n            \n          <\/div>\n<div class=\"ff\">\n        \n\n                <div>\n<a href=\"https:\/\/www.wigglewires.com\/easy-wind-category\/\"><strong>Ventilateur extracteur Polytunnel FLC\u2122 Easy Wind<\/strong> <\/a>\n                      <iframe loading=\"lazy\" src=\"https:\/\/www.youtube.com\/embed\/X8v5PxjC65s\" width=\"100%\" height=\"380px\" style=\"margin-bottom:20px\"><\/iframe><\/div>\n             \n                <div>\n<a href=\"https:\/\/www.wigglewires.com\/electric-film-reeler-category\/\"><strong>Enrouleur de film \u00e9lectrique Kingzo\u2122 de GMD100-S<\/strong> <\/a>\n                      <iframe loading=\"lazy\" src=\"https:\/\/www.youtube.com\/embed\/5OVYd31A1zc\" width=\"100%\" height=\"380px\" style=\"margin-bottom:20px\"><\/iframe><\/div>\n            \n          <\/div>\n<div class=\"ff\">\n        \n\n                <div>\n<a href=\"https:\/\/www.wigglewires.com\/sidewall-category\/\"><strong>Customer&#8217;s introduction to using the side-wall manual film reel<\/strong> <\/a>\n                      <iframe loading=\"lazy\" src=\"https:\/\/www.youtube.com\/embed\/0haFe1h00Wg\" width=\"100%\" height=\"380px\" style=\"margin-bottom:20px\"><\/iframe><\/div>\n             \n                <div>\n<a href=\"https:\/\/www.wigglewires.com\/greenhouse-film-category\/\"><strong>How to properly install and tighten the greenhouse film<\/strong> <\/a>\n                      <iframe loading=\"lazy\" src=\"https:\/\/www.youtube.com\/embed\/-uGalY6w-ks\" width=\"100%\" height=\"380px\" style=\"margin-bottom:20px\"><\/iframe><\/div>\n            \n          <\/div>\n          <div class=\"ff\">\n        \n\n                <div><a href=\"https:\/\/www.wigglewires.com\/about-us\/\"><strong>Fenglong Hitech Co., Ltd.<\/strong> <\/a>\n                      <iframe loading=\"lazy\" src=\"https:\/\/www.youtube.com\/embed\/oo4AdE1XS5A\" width=\"100%\" height=\"380px\" style=\"margin-bottom:20px\"><\/iframe><\/div>\n             \n                <div>\n<a href=\"https:\/\/www.wigglewires.com\/electric-film-reeler-category\/\"><strong>R\u00e9glage de l'interrupteur de fin de course noir du moteur Kingzo\u00ae.<\/strong> <\/a>\n                      <iframe loading=\"lazy\" src=\"https:\/\/www.youtube.com\/embed\/gtg-_7dqbpI\" width=\"100%\" height=\"380px\" style=\"margin-bottom:20px\"><\/iframe><\/div>\n            \n          <\/div>\n <div class=\"ff\">\n        \n\n                <div>\n<a href=\"https:\/\/www.wigglewires.com\/electric-film-reeler-category\/\"><strong>R\u00e9glage de l'interrupteur de fin de course rouge du moteur Kingzo\u00ae.<\/strong> <\/a>\n                      <iframe loading=\"lazy\" src=\"https:\/\/www.youtube.com\/embed\/9OQ3RxEgKo0\" width=\"100%\" height=\"380px\" style=\"margin-bottom:20px\"><\/iframe><\/div>\n             \n               \n          <\/div>\n          \n          \n        <\/div>\n      <\/div>\n    <\/div>\n\n\n\n<style>\nhtml body article header h1 {\n    text-align: center!important;\n    font-size: 30px!important;\n}\n.ff img{\nmargin-bottom:20px\n}\niframe{\nmargin-top:20px\n\n}\n.mb2{\nmargin-bottom:2%\n}\n@media screen and (min-width:981px){\n.ff{\ndisplay:flex;\njustify-content:space-between\n\n\n}\n.ff img{\nwidth:100%\n\n}\n.ff div{\nwidth:49%\n\n\n}\n\n}\n\n\n@media screen and (max-width:768px){\n.h22{\nfont-size:22px!important\n}\n\n}\n\n\n<\/style>","protected":false},"excerpt":{"rendered":"<p>Home Video Master Greenhouse Technology: Expert Tutorials and Product Demonstrations Gain a competitive edge with Beijing Fenglong\u2019s comprehensive video library. From the precision engineering of our 3GG Gear Motors to the simplified installation of VINIPET\u00ae Wiggle Wires and Kingzo\u00ae Electric Film Reelers, our technical experts show you how to optimize your greenhouse climate and efficiency. [&hellip;]<\/p>","protected":false},"author":1,"featured_media":0,"parent":0,"menu_order":0,"comment_status":"closed","ping_status":"closed","template":"","meta":{"footnotes":""},"class_list":["post-2406","page","type-page","status-publish","hentry"],"yoast_head":"<!-- This site is optimized with the Yoast SEO plugin v23.4 - https:\/\/yoast.com\/wordpress\/plugins\/seo\/ -->\n<title>Greenhouse Equipment Video Tutorials &amp; Demos | Beijing Fenglong<\/title>\n<meta name=\"description\" content=\"Watch expert tutorials and product demonstrations from Beijing Fenglong Hitech. Learn to set Kingzo\u00ae motor limit switches, install VINIPET\u00ae wiggle wires, and optimize greenhouse ventilation with FLC\u2122 fans. Your 24\/7 technical resource for protected agriculture.\" \/>\n<meta name=\"robots\" content=\"index, follow, max-snippet:-1, max-image-preview:large, max-video-preview:-1\" \/>\n<link rel=\"canonical\" href=\"https:\/\/www.wigglewires.com\/fr\/video\/\" \/>\n<meta property=\"og:locale\" content=\"fr_CA\" \/>\n<meta property=\"og:type\" content=\"article\" \/>\n<meta property=\"og:title\" content=\"Greenhouse Equipment Video Tutorials &amp; Demos | Beijing Fenglong\" \/>\n<meta property=\"og:description\" content=\"Watch expert tutorials and product demonstrations from Beijing Fenglong Hitech. Learn to set Kingzo\u00ae motor limit switches, install VINIPET\u00ae wiggle wires, and optimize greenhouse ventilation with FLC\u2122 fans. Your 24\/7 technical resource for protected agriculture.\" \/>\n<meta property=\"og:url\" content=\"https:\/\/www.wigglewires.com\/fr\/video\/\" \/>\n<meta property=\"og:site_name\" content=\"Professional Greenhouse Fastening &amp; Ventilation Systems\" \/>\n<meta property=\"article:publisher\" content=\"https:\/\/www.facebook.com\/beijingfenglong\" \/>\n<meta property=\"article:modified_time\" content=\"2026-05-11T08:55:46+00:00\" \/>\n<meta property=\"og:image\" content=\"https:\/\/www.wigglewires.com\/wp-content\/uploads\/2024\/11\/banner1.webp\" \/>\n\t<meta property=\"og:image:width\" content=\"1920\" \/>\n\t<meta property=\"og:image:height\" content=\"850\" \/>\n\t<meta property=\"og:image:type\" content=\"image\/webp\" \/>\n<meta name=\"twitter:card\" content=\"summary_large_image\" \/>\n<meta name=\"twitter:site\" content=\"@wigglewires\" \/>\n<meta name=\"twitter:label1\" content=\"Estimation du temps de lecture\" \/>\n\t<meta name=\"twitter:data1\" content=\"1 minute\" \/>\n<script type=\"application\/ld+json\" class=\"yoast-schema-graph\">{\"@context\":\"https:\/\/schema.org\",\"@graph\":[{\"@type\":\"WebPage\",\"@id\":\"https:\/\/www.wigglewires.com\/video\/\",\"url\":\"https:\/\/www.wigglewires.com\/video\/\",\"name\":\"Greenhouse Equipment Video Tutorials & Demos | Beijing Fenglong\",\"isPartOf\":{\"@id\":\"https:\/\/www.wigglewires.com\/#website\"},\"datePublished\":\"2024-11-16T08:24:33+00:00\",\"dateModified\":\"2026-05-11T08:55:46+00:00\",\"description\":\"Watch expert tutorials and product demonstrations from Beijing Fenglong Hitech. Learn to set Kingzo\u00ae motor limit switches, install VINIPET\u00ae wiggle wires, and optimize greenhouse ventilation with FLC\u2122 fans. Your 24\/7 technical resource for protected agriculture.\",\"breadcrumb\":{\"@id\":\"https:\/\/www.wigglewires.com\/video\/#breadcrumb\"},\"inLanguage\":\"fr-CA\",\"potentialAction\":[{\"@type\":\"ReadAction\",\"target\":[\"https:\/\/www.wigglewires.com\/video\/\"]}]},{\"@type\":\"BreadcrumbList\",\"@id\":\"https:\/\/www.wigglewires.com\/video\/#breadcrumb\",\"itemListElement\":[{\"@type\":\"ListItem\",\"position\":1,\"name\":\"Home\",\"item\":\"https:\/\/www.wigglewires.com\/\"},{\"@type\":\"ListItem\",\"position\":2,\"name\":\"Greenhouse Technology Video Center\"}]},{\"@type\":\"WebSite\",\"@id\":\"https:\/\/www.wigglewires.com\/#website\",\"url\":\"https:\/\/www.wigglewires.com\/\",\"name\":\"Beijing Fenglong Hitech Co., Ltd.\",\"description\":\"Fenglong Greenhouse\",\"publisher\":{\"@id\":\"https:\/\/www.wigglewires.com\/#organization\"},\"potentialAction\":[{\"@type\":\"SearchAction\",\"target\":{\"@type\":\"EntryPoint\",\"urlTemplate\":\"https:\/\/www.wigglewires.com\/?s={search_term_string}\"},\"query-input\":{\"@type\":\"PropertyValueSpecification\",\"valueRequired\":true,\"valueName\":\"search_term_string\"}}],\"inLanguage\":\"fr-CA\"},{\"@type\":\"Organization\",\"@id\":\"https:\/\/www.wigglewires.com\/#organization\",\"name\":\"Beijing Fenglong Hitech Co., Ltd.\",\"url\":\"https:\/\/www.wigglewires.com\/\",\"logo\":{\"@type\":\"ImageObject\",\"inLanguage\":\"fr-CA\",\"@id\":\"https:\/\/www.wigglewires.com\/#\/schema\/logo\/image\/\",\"url\":\"https:\/\/www.wigglewires.com\/wp-content\/uploads\/2024\/11\/logo.webp\",\"contentUrl\":\"https:\/\/www.wigglewires.com\/wp-content\/uploads\/2024\/11\/logo.webp\",\"width\":495,\"height\":129,\"caption\":\"Beijing Fenglong Hitech Co., Ltd.\"},\"image\":{\"@id\":\"https:\/\/www.wigglewires.com\/#\/schema\/logo\/image\/\"},\"sameAs\":[\"https:\/\/www.facebook.com\/beijingfenglong\",\"https:\/\/x.com\/wigglewires\",\"https:\/\/www.linkedin.com\/company\/beijingfenglonghitech\",\"https:\/\/www.youtube.com\/channel\/UCSPhbl2y0m3wTd_6EqhZpRQ?view_as=subscriber\"]}]}<\/script>\n<!-- \/ Yoast SEO plugin. -->","yoast_head_json":{"title":"Greenhouse Equipment Video Tutorials & Demos | Beijing Fenglong","description":"Watch expert tutorials and product demonstrations from Beijing Fenglong Hitech. Learn to set Kingzo\u00ae motor limit switches, install VINIPET\u00ae wiggle wires, and optimize greenhouse ventilation with FLC\u2122 fans. Your 24\/7 technical resource for protected agriculture.","robots":{"index":"index","follow":"follow","max-snippet":"max-snippet:-1","max-image-preview":"max-image-preview:large","max-video-preview":"max-video-preview:-1"},"canonical":"https:\/\/www.wigglewires.com\/fr\/video\/","og_locale":"fr_CA","og_type":"article","og_title":"Greenhouse Equipment Video Tutorials & Demos | Beijing Fenglong","og_description":"Watch expert tutorials and product demonstrations from Beijing Fenglong Hitech. Learn to set Kingzo\u00ae motor limit switches, install VINIPET\u00ae wiggle wires, and optimize greenhouse ventilation with FLC\u2122 fans. Your 24\/7 technical resource for protected agriculture.","og_url":"https:\/\/www.wigglewires.com\/fr\/video\/","og_site_name":"Professional Greenhouse Fastening &amp; Ventilation Systems","article_publisher":"https:\/\/www.facebook.com\/beijingfenglong","article_modified_time":"2026-05-11T08:55:46+00:00","og_image":[{"width":1920,"height":850,"url":"https:\/\/www.wigglewires.com\/wp-content\/uploads\/2024\/11\/banner1.webp","type":"image\/webp"}],"twitter_card":"summary_large_image","twitter_site":"@wigglewires","twitter_misc":{"Estimation du temps de lecture":"1 minute"},"schema":{"@context":"https:\/\/schema.org","@graph":[{"@type":"WebPage","@id":"https:\/\/www.wigglewires.com\/video\/","url":"https:\/\/www.wigglewires.com\/video\/","name":"Greenhouse Equipment Video Tutorials & Demos | Beijing Fenglong","isPartOf":{"@id":"https:\/\/www.wigglewires.com\/#website"},"datePublished":"2024-11-16T08:24:33+00:00","dateModified":"2026-05-11T08:55:46+00:00","description":"Watch expert tutorials and product demonstrations from Beijing Fenglong Hitech. Learn to set Kingzo\u00ae motor limit switches, install VINIPET\u00ae wiggle wires, and optimize greenhouse ventilation with FLC\u2122 fans. Your 24\/7 technical resource for protected agriculture.","breadcrumb":{"@id":"https:\/\/www.wigglewires.com\/video\/#breadcrumb"},"inLanguage":"fr-CA","potentialAction":[{"@type":"ReadAction","target":["https:\/\/www.wigglewires.com\/video\/"]}]},{"@type":"BreadcrumbList","@id":"https:\/\/www.wigglewires.com\/video\/#breadcrumb","itemListElement":[{"@type":"ListItem","position":1,"name":"Home","item":"https:\/\/www.wigglewires.com\/"},{"@type":"ListItem","position":2,"name":"Greenhouse Technology Video Center"}]},{"@type":"WebSite","@id":"https:\/\/www.wigglewires.com\/#website","url":"https:\/\/www.wigglewires.com\/","name":"Beijing Fenglong Hitech Co., Ltd.","description":"Fenglong Greenhouse","publisher":{"@id":"https:\/\/www.wigglewires.com\/#organization"},"potentialAction":[{"@type":"SearchAction","target":{"@type":"EntryPoint","urlTemplate":"https:\/\/www.wigglewires.com\/?s={search_term_string}"},"query-input":{"@type":"PropertyValueSpecification","valueRequired":true,"valueName":"search_term_string"}}],"inLanguage":"fr-CA"},{"@type":"Organization","@id":"https:\/\/www.wigglewires.com\/#organization","name":"Beijing Fenglong Hitech Co., Ltd.","url":"https:\/\/www.wigglewires.com\/","logo":{"@type":"ImageObject","inLanguage":"fr-CA","@id":"https:\/\/www.wigglewires.com\/#\/schema\/logo\/image\/","url":"https:\/\/www.wigglewires.com\/wp-content\/uploads\/2024\/11\/logo.webp","contentUrl":"https:\/\/www.wigglewires.com\/wp-content\/uploads\/2024\/11\/logo.webp","width":495,"height":129,"caption":"Beijing Fenglong Hitech Co., Ltd."},"image":{"@id":"https:\/\/www.wigglewires.com\/#\/schema\/logo\/image\/"},"sameAs":["https:\/\/www.facebook.com\/beijingfenglong","https:\/\/x.com\/wigglewires","https:\/\/www.linkedin.com\/company\/beijingfenglonghitech","https:\/\/www.youtube.com\/channel\/UCSPhbl2y0m3wTd_6EqhZpRQ?view_as=subscriber"]}]}},"_links":{"self":[{"href":"https:\/\/www.wigglewires.com\/fr\/wp-json\/wp\/v2\/pages\/2406"}],"collection":[{"href":"https:\/\/www.wigglewires.com\/fr\/wp-json\/wp\/v2\/pages"}],"about":[{"href":"https:\/\/www.wigglewires.com\/fr\/wp-json\/wp\/v2\/types\/page"}],"author":[{"embeddable":true,"href":"https:\/\/www.wigglewires.com\/fr\/wp-json\/wp\/v2\/users\/1"}],"replies":[{"embeddable":true,"href":"https:\/\/www.wigglewires.com\/fr\/wp-json\/wp\/v2\/comments?post=2406"}],"version-history":[{"count":41,"href":"https:\/\/www.wigglewires.com\/fr\/wp-json\/wp\/v2\/pages\/2406\/revisions"}],"predecessor-version":[{"id":3035,"href":"https:\/\/www.wigglewires.com\/fr\/wp-json\/wp\/v2\/pages\/2406\/revisions\/3035"}],"wp:attachment":[{"href":"https:\/\/www.wigglewires.com\/fr\/wp-json\/wp\/v2\/media?parent=2406"}],"curies":[{"name":"wp","href":"https:\/\/api.w.org\/{rel}","templated":true}]}}