{"id":243,"date":"2024-09-07T01:58:31","date_gmt":"2024-09-07T01:58:31","guid":{"rendered":"http:\/\/www.wigglewires.com\/?page_id=243"},"modified":"2026-04-23T09:14:08","modified_gmt":"2026-04-23T09:14:08","slug":"about-us","status":"publish","type":"page","link":"https:\/\/www.wigglewires.com\/fr\/about-us\/","title":{"rendered":"\u00c0 PROPOS DE NOUS"},"content":{"rendered":"<div class=\"path_bar\">\n        <div class=\"layout\" style=\"margin-bottom:30px\">\n            <ul>\n                <li><a href=\"\/\">Accueil<\/a><\/li>\n                <li><a href=\"\">A propos de nous<\/a><\/li>\n            <\/ul>\n        <\/div>\n    <\/div>\n\n\n\n<div class=\"index_company_intr ab-com\" style=\"margin-bottom:0\" >\n      <div class=\"layout\">\n        <div class=\"index_bd\">\n          <div class=\"company_intr_cont wow fadeInLeftA\" style=\"visibility: visible; animation-name: fadeInLeftA;\">\n           \n               <div class=\"tt-ab\">\n            <h2 class=\"cell_title\" style=\"color:#000\">Notre entreprise<\/h2>\n           \n          <\/div>  \n              <strong>Beijing Fenglong Hitech Co. Ltd.<\/strong>\n              <div class=\"cell_desc text-p\" >\n                Fond\u00e9e en 1999 \u00e0 P\u00e9kin, Beijing Fenglong Hitech Co. est une entreprise de haute technologie, leader mondial dans le domaine des serres, sp\u00e9cialis\u00e9e dans la fabrication, la vente, la conception, la recherche et le d\u00e9veloppement de produits \u00e9lectroniques et m\u00e9caniques pour l'agriculture prot\u00e9g\u00e9e, y compris des mat\u00e9riaux et des \u00e9quipements pour la construction de serres et de logements modernes pour le b\u00e9tail.<\/div>\n\n<img decoding=\"async\" src=\"\/wp-content\/uploads\/2024\/11\/img.webp\" >\n             \n             \n            \n          <\/div>\n          <div class=\"company_intr_img wow fadeInUpA\" style=\"visibility: visible; animation-name: fadeInUpA;\">\n          <iframe loading=\"lazy\" width=\"100%\" height=\"300px\" src=\"https:\/\/www.youtube.com\/embed\/fxzZAic8fsg\" ><\/iframe>\n          <\/div>\n        <\/div>\n      <\/div>\n    <\/div>\n\n\n\n<div class=\"index_business ab-app\">\n      <div class=\"layout\">\n        <div class=\"ct\">\n         <img decoding=\"async\" src=\"\/wp-content\/uploads\/2024\/11\/bf36816d.webp\" width=\"100%\" style=\"margin:15px 0\" \/>\n            <p class=\"cell_desc text-p\">Aujourd'hui, l'entreprise compte plus de 300 employ\u00e9s et a d\u00e9velopp\u00e9 des centaines de produits, dont le fil ondul\u00e9 VINIPET\u00ae, le canal de fil ondul\u00e9 LOCKUP \u00ae, l'enrouleur de film KINGZO\u00ae, \u00e9galement connu sous le nom d'unit\u00e9 d'enroulement, le film de poly\u00e9thyl\u00e8ne pour serre TOYATANI\u00ae, le motor\u00e9ducteur KINGZO\u00ae, le ventilateur de circulation FLC\u00ae, le syst\u00e8me de ventilation, le syst\u00e8me d'ombrage, ainsi que divers types de cr\u00e9maill\u00e8res et de pignons, de canaux et d'extrusions en aluminium, de syst\u00e8mes de contr\u00f4le intelligents pour serres \u00e0 canaux multiples, etc.<\/p>\n  <img decoding=\"async\" src=\"\/wp-content\/uploads\/2024\/11\/9fe4f47e.webp\" width=\"100%\" style=\"margin:15px 0\" \/>\n<p class=\"cell_desc text-p\">Ces produits \u00e0 la pointe de la technologie internationale sont utilis\u00e9s par des clients dans 64 pays \u00e0 travers le monde.<\/p>\n <img decoding=\"async\" src=\"\/wp-content\/uploads\/2024\/11\/81b05c7f1.webp\" width=\"100%\" style=\"margin:15px 0\" \/>\n<p class=\"cell_desc text-p\">Avec une usine modernis\u00e9e couvrant 40 000 m\u00e8tres carr\u00e9s, Beijing Fenglong dispose \u00e9galement d'une branche R &amp; D qui d\u00e9pose chaque ann\u00e9e 10 brevets solides. L'entreprise a mis en place un syst\u00e8me de contr\u00f4le de la qualit\u00e9 tr\u00e8s strict, certifi\u00e9 par le syst\u00e8me de gestion de la qualit\u00e9 ISO9001, le syst\u00e8me de gestion de l'environnement ISO14001 et le syst\u00e8me de gestion de la sant\u00e9 et de la s\u00e9curit\u00e9 OHSAS18001.<\/p>\n<img decoding=\"async\" src=\"\/wp-content\/uploads\/2024\/11\/a60b8447.webp\" width=\"100%\" style=\"margin:15px 0\" \/>\n<p class=\"cell_desc text-p\">Beijing Fenglong et Toto Kogyo Co. Ltd (Japon) ont cr\u00e9\u00e9 leur coentreprise Beijing Toto Kogyo Horticultural Co. Ltd il y a 20 ans. Beijing Fenglong a ainsi introduit des technologies de production et des concepts de gestion japonais avanc\u00e9s et a favoris\u00e9 les exportations de d\u00e9rouleurs de film manuels et \u00e9lectriques, de fils ondul\u00e9s et de syst\u00e8mes de contr\u00f4le des serres de Beijing Fenglong vers le Japon tout au long de l'ann\u00e9e.<\/p>\n<img decoding=\"async\" src=\"\/wp-content\/uploads\/2024\/11\/Manufactore-Facility.webp\" width=\"100%\" style=\"margin:15px 0\" \/>\n<p class=\"cell_desc text-p\">Ces excellentes performances ont permis d'actualiser le concept de gestion de Fenglong et d'am\u00e9liorer le d\u00e9veloppement des produits, la gestion de la qualit\u00e9 et le service apr\u00e8s-vente.<\/p>\n<img decoding=\"async\" src=\"\/wp-content\/uploads\/2024\/11\/6c1e1c05.webp\" width=\"100%\" style=\"margin:15px 0\" \/>\n<p class=\"cell_desc text-p\">Nous sommes profond\u00e9ment redevables \u00e0 nos clients et \u00e0 nos fournisseurs pour leur soutien continu. Nous nous engageons toujours \u00e0 offrir le meilleur \u00e0 nos clients.<\/p>\n<img decoding=\"async\" src=\"\/wp-content\/uploads\/2024\/11\/6c5791f7.webp\" width=\"100%\" style=\"margin:15px 0\" \/>\n          \n        \n        <\/div>\n       \n      <\/div>\n    <\/div>\n\n\n\n<style>\nhtml body article header h1 {\n    text-align: center!important;\n    font-size: 30px!important;\n}\n.bt-ab{\nmargin-bottom:55px!important\n\n}\n.tt-ab h2{\nfont-size:26px;\n\n\n}\n@media screen and (min-width:981px){\n\n.tt-ab h2{\n\nmargin-bottom:45px\n\n}\n.ab-prolist li{\nwidth:25%!important}\n.ab-left-img{\npadding-right:20px\n}\n.text-p{\nline-height:1.8em\n}\n\n}\n@media screen and (max-width:981px){\n.ab-app{\nmargin-bottom:0px!important\n\n}\n.ab-com{\npadding-top:30px!important}\n\n.tt-ab h2{\nmargin-bottom:30px\n\n}\n.ab-w{\nmargin-bottom:0!important\n}\n\n}\n\n\n<\/style>","protected":false},"excerpt":{"rendered":"<p>Home About Us Our Company Beijing Fenglong Hitech Co., Ltd. Beijing Fenglong Hitech Co., Ltd was established in 1999 in Beijing and is a high-tech, global leading greenhouse company specializing in the manufacture, sales, design, research, and development of electronic and mechanical products for protected agriculture, including materials and equipment for greenhouse construction and modern [&hellip;]<\/p>","protected":false},"author":2,"featured_media":0,"parent":0,"menu_order":0,"comment_status":"closed","ping_status":"closed","template":"","meta":{"footnotes":""},"class_list":["post-243","page","type-page","status-publish","hentry"],"yoast_head":"<!-- This site is optimized with the Yoast SEO plugin v23.4 - https:\/\/yoast.com\/wordpress\/plugins\/seo\/ -->\n<title>ABOUT Greenhouse Equipment Manufacturer- Professional Greenhouse Fastening &amp; Ventilation Systems<\/title>\n<meta name=\"description\" content=\"Beijing Fenglong Hitech is a global leader in greenhouse technology. Discover our R&amp;D and manufacturing excellence in VINIPET\u00ae wiggle wires, KINGZO\u00ae motors, and smart farming systems. Serving 50+ countries with ISO-certified quality.\" \/>\n<meta name=\"robots\" content=\"index, follow, max-snippet:-1, max-image-preview:large, max-video-preview:-1\" \/>\n<link rel=\"canonical\" href=\"https:\/\/www.wigglewires.com\/fr\/about-us\/\" \/>\n<meta property=\"og:locale\" content=\"fr_CA\" \/>\n<meta property=\"og:type\" content=\"article\" \/>\n<meta property=\"og:title\" content=\"ABOUT Greenhouse Equipment Manufacturer- Professional Greenhouse Fastening &amp; Ventilation Systems\" \/>\n<meta property=\"og:description\" content=\"Beijing Fenglong Hitech is a global leader in greenhouse technology. Discover our R&amp;D and manufacturing excellence in VINIPET\u00ae wiggle wires, KINGZO\u00ae motors, and smart farming systems. Serving 50+ countries with ISO-certified quality.\" \/>\n<meta property=\"og:url\" content=\"https:\/\/www.wigglewires.com\/fr\/about-us\/\" \/>\n<meta property=\"og:site_name\" content=\"Professional Greenhouse Fastening &amp; Ventilation Systems\" \/>\n<meta property=\"article:publisher\" content=\"https:\/\/www.facebook.com\/beijingfenglong\" \/>\n<meta property=\"article:modified_time\" content=\"2026-04-23T09:14:08+00:00\" \/>\n<meta property=\"og:image\" content=\"https:\/\/www.wigglewires.com\/wp-content\/uploads\/2024\/11\/banner1.webp\" \/>\n\t<meta property=\"og:image:width\" content=\"1920\" \/>\n\t<meta property=\"og:image:height\" content=\"850\" \/>\n\t<meta property=\"og:image:type\" content=\"image\/webp\" \/>\n<meta name=\"twitter:card\" content=\"summary_large_image\" \/>\n<meta name=\"twitter:site\" content=\"@wigglewires\" \/>\n<meta name=\"twitter:label1\" content=\"Estimation du temps de lecture\" \/>\n\t<meta name=\"twitter:data1\" content=\"3 minutes\" \/>\n<script type=\"application\/ld+json\" class=\"yoast-schema-graph\">{\"@context\":\"https:\/\/schema.org\",\"@graph\":[{\"@type\":\"WebPage\",\"@id\":\"https:\/\/www.wigglewires.com\/about-us\/\",\"url\":\"https:\/\/www.wigglewires.com\/about-us\/\",\"name\":\"ABOUT Greenhouse Equipment Manufacturer- Professional Greenhouse Fastening &amp; Ventilation Systems\",\"isPartOf\":{\"@id\":\"https:\/\/www.wigglewires.com\/#website\"},\"datePublished\":\"2024-09-07T01:58:31+00:00\",\"dateModified\":\"2026-04-23T09:14:08+00:00\",\"description\":\"Beijing Fenglong Hitech is a global leader in greenhouse technology. Discover our R&D and manufacturing excellence in VINIPET\u00ae wiggle wires, KINGZO\u00ae motors, and smart farming systems. Serving 50+ countries with ISO-certified quality.\",\"breadcrumb\":{\"@id\":\"https:\/\/www.wigglewires.com\/about-us\/#breadcrumb\"},\"inLanguage\":\"fr-CA\",\"potentialAction\":[{\"@type\":\"ReadAction\",\"target\":[\"https:\/\/www.wigglewires.com\/about-us\/\"]}]},{\"@type\":\"BreadcrumbList\",\"@id\":\"https:\/\/www.wigglewires.com\/about-us\/#breadcrumb\",\"itemListElement\":[{\"@type\":\"ListItem\",\"position\":1,\"name\":\"Home\",\"item\":\"https:\/\/www.wigglewires.com\/\"},{\"@type\":\"ListItem\",\"position\":2,\"name\":\"ABOUT US\"}]},{\"@type\":\"WebSite\",\"@id\":\"https:\/\/www.wigglewires.com\/#website\",\"url\":\"https:\/\/www.wigglewires.com\/\",\"name\":\"Beijing Fenglong Hitech Co., Ltd.\",\"description\":\"Fenglong Greenhouse\",\"publisher\":{\"@id\":\"https:\/\/www.wigglewires.com\/#organization\"},\"potentialAction\":[{\"@type\":\"SearchAction\",\"target\":{\"@type\":\"EntryPoint\",\"urlTemplate\":\"https:\/\/www.wigglewires.com\/?s={search_term_string}\"},\"query-input\":{\"@type\":\"PropertyValueSpecification\",\"valueRequired\":true,\"valueName\":\"search_term_string\"}}],\"inLanguage\":\"fr-CA\"},{\"@type\":\"Organization\",\"@id\":\"https:\/\/www.wigglewires.com\/#organization\",\"name\":\"Beijing Fenglong Hitech Co., Ltd.\",\"url\":\"https:\/\/www.wigglewires.com\/\",\"logo\":{\"@type\":\"ImageObject\",\"inLanguage\":\"fr-CA\",\"@id\":\"https:\/\/www.wigglewires.com\/#\/schema\/logo\/image\/\",\"url\":\"https:\/\/www.wigglewires.com\/wp-content\/uploads\/2024\/11\/logo.webp\",\"contentUrl\":\"https:\/\/www.wigglewires.com\/wp-content\/uploads\/2024\/11\/logo.webp\",\"width\":495,\"height\":129,\"caption\":\"Beijing Fenglong Hitech Co., Ltd.\"},\"image\":{\"@id\":\"https:\/\/www.wigglewires.com\/#\/schema\/logo\/image\/\"},\"sameAs\":[\"https:\/\/www.facebook.com\/beijingfenglong\",\"https:\/\/x.com\/wigglewires\",\"https:\/\/www.linkedin.com\/company\/beijingfenglonghitech\",\"https:\/\/www.youtube.com\/channel\/UCSPhbl2y0m3wTd_6EqhZpRQ?view_as=subscriber\"]}]}<\/script>\n<!-- \/ Yoast SEO plugin. -->","yoast_head_json":{"title":"ABOUT Greenhouse Equipment Manufacturer- Professional Greenhouse Fastening &amp; Ventilation Systems","description":"Beijing Fenglong Hitech is a global leader in greenhouse technology. Discover our R&D and manufacturing excellence in VINIPET\u00ae wiggle wires, KINGZO\u00ae motors, and smart farming systems. Serving 50+ countries with ISO-certified quality.","robots":{"index":"index","follow":"follow","max-snippet":"max-snippet:-1","max-image-preview":"max-image-preview:large","max-video-preview":"max-video-preview:-1"},"canonical":"https:\/\/www.wigglewires.com\/fr\/about-us\/","og_locale":"fr_CA","og_type":"article","og_title":"ABOUT Greenhouse Equipment Manufacturer- Professional Greenhouse Fastening &amp; Ventilation Systems","og_description":"Beijing Fenglong Hitech is a global leader in greenhouse technology. Discover our R&D and manufacturing excellence in VINIPET\u00ae wiggle wires, KINGZO\u00ae motors, and smart farming systems. Serving 50+ countries with ISO-certified quality.","og_url":"https:\/\/www.wigglewires.com\/fr\/about-us\/","og_site_name":"Professional Greenhouse Fastening &amp; Ventilation Systems","article_publisher":"https:\/\/www.facebook.com\/beijingfenglong","article_modified_time":"2026-04-23T09:14:08+00:00","og_image":[{"width":1920,"height":850,"url":"https:\/\/www.wigglewires.com\/wp-content\/uploads\/2024\/11\/banner1.webp","type":"image\/webp"}],"twitter_card":"summary_large_image","twitter_site":"@wigglewires","twitter_misc":{"Estimation du temps de lecture":"3 minutes"},"schema":{"@context":"https:\/\/schema.org","@graph":[{"@type":"WebPage","@id":"https:\/\/www.wigglewires.com\/about-us\/","url":"https:\/\/www.wigglewires.com\/about-us\/","name":"ABOUT Greenhouse Equipment Manufacturer- Professional Greenhouse Fastening &amp; Ventilation Systems","isPartOf":{"@id":"https:\/\/www.wigglewires.com\/#website"},"datePublished":"2024-09-07T01:58:31+00:00","dateModified":"2026-04-23T09:14:08+00:00","description":"Beijing Fenglong Hitech is a global leader in greenhouse technology. Discover our R&D and manufacturing excellence in VINIPET\u00ae wiggle wires, KINGZO\u00ae motors, and smart farming systems. Serving 50+ countries with ISO-certified quality.","breadcrumb":{"@id":"https:\/\/www.wigglewires.com\/about-us\/#breadcrumb"},"inLanguage":"fr-CA","potentialAction":[{"@type":"ReadAction","target":["https:\/\/www.wigglewires.com\/about-us\/"]}]},{"@type":"BreadcrumbList","@id":"https:\/\/www.wigglewires.com\/about-us\/#breadcrumb","itemListElement":[{"@type":"ListItem","position":1,"name":"Home","item":"https:\/\/www.wigglewires.com\/"},{"@type":"ListItem","position":2,"name":"ABOUT US"}]},{"@type":"WebSite","@id":"https:\/\/www.wigglewires.com\/#website","url":"https:\/\/www.wigglewires.com\/","name":"Beijing Fenglong Hitech Co., Ltd.","description":"Fenglong Greenhouse","publisher":{"@id":"https:\/\/www.wigglewires.com\/#organization"},"potentialAction":[{"@type":"SearchAction","target":{"@type":"EntryPoint","urlTemplate":"https:\/\/www.wigglewires.com\/?s={search_term_string}"},"query-input":{"@type":"PropertyValueSpecification","valueRequired":true,"valueName":"search_term_string"}}],"inLanguage":"fr-CA"},{"@type":"Organization","@id":"https:\/\/www.wigglewires.com\/#organization","name":"Beijing Fenglong Hitech Co., Ltd.","url":"https:\/\/www.wigglewires.com\/","logo":{"@type":"ImageObject","inLanguage":"fr-CA","@id":"https:\/\/www.wigglewires.com\/#\/schema\/logo\/image\/","url":"https:\/\/www.wigglewires.com\/wp-content\/uploads\/2024\/11\/logo.webp","contentUrl":"https:\/\/www.wigglewires.com\/wp-content\/uploads\/2024\/11\/logo.webp","width":495,"height":129,"caption":"Beijing Fenglong Hitech Co., Ltd."},"image":{"@id":"https:\/\/www.wigglewires.com\/#\/schema\/logo\/image\/"},"sameAs":["https:\/\/www.facebook.com\/beijingfenglong","https:\/\/x.com\/wigglewires","https:\/\/www.linkedin.com\/company\/beijingfenglonghitech","https:\/\/www.youtube.com\/channel\/UCSPhbl2y0m3wTd_6EqhZpRQ?view_as=subscriber"]}]}},"_links":{"self":[{"href":"https:\/\/www.wigglewires.com\/fr\/wp-json\/wp\/v2\/pages\/243"}],"collection":[{"href":"https:\/\/www.wigglewires.com\/fr\/wp-json\/wp\/v2\/pages"}],"about":[{"href":"https:\/\/www.wigglewires.com\/fr\/wp-json\/wp\/v2\/types\/page"}],"author":[{"embeddable":true,"href":"https:\/\/www.wigglewires.com\/fr\/wp-json\/wp\/v2\/users\/2"}],"replies":[{"embeddable":true,"href":"https:\/\/www.wigglewires.com\/fr\/wp-json\/wp\/v2\/comments?post=243"}],"version-history":[{"count":96,"href":"https:\/\/www.wigglewires.com\/fr\/wp-json\/wp\/v2\/pages\/243\/revisions"}],"predecessor-version":[{"id":2578,"href":"https:\/\/www.wigglewires.com\/fr\/wp-json\/wp\/v2\/pages\/243\/revisions\/2578"}],"wp:attachment":[{"href":"https:\/\/www.wigglewires.com\/fr\/wp-json\/wp\/v2\/media?parent=243"}],"curies":[{"name":"wp","href":"https:\/\/api.w.org\/{rel}","templated":true}]}}